{"id":316524,"date":"2024-11-22T17:55:23","date_gmt":"2024-11-22T16:55:23","guid":{"rendered":"https:\/\/glandine.com\/product\/tommy-hilfiger-schwarzer-polyester-rucksack-fuer-maenner\/"},"modified":"2024-12-10T20:26:06","modified_gmt":"2024-12-10T19:26:06","slug":"tommy-hilfiger-schwarzer-polyester-rucksack-fuer-maenner","status":"publish","type":"product","link":"https:\/\/tpmadalina42.supserv.cozmoslabs.com\/fi\/tuote-2\/tommy-hilfiger-schwarzer-polyester-rucksack-fuer-maenner\/","title":{"rendered":"Tommy Hilfiger musta polyesteri reppu miehille"},"content":{"rendered":"<p>Gehen Sie stilvoll und nachhaltig aus mit dem Tommy Hilfiger Rucksack, einer echten Mischung aus Funktionalit\u00e4t und Mode. Er wurde f\u00fcr den modernen Trendsetter entworfen und verf\u00fcgt \u00fcber verstellbare Tr\u00e4ger f\u00fcr mehr Komfort, ein spezielles Laptop-Fach f\u00fcr Ihre technischen Bed\u00fcrfnisse und zus\u00e4tzliche Taschen f\u00fcr all Ihre Essentials. Der charakteristische Aufdruck und das kultige Tommy-Logo verleihen Ihrem Alltagslook einen Hauch von Klasse. Die Tasche besteht zu 50 % aus recyceltem Polyester und ist eine gute Wahl, mit der Sie sich wohlf\u00fchlen. <\/p>\n<p>Materiaali: 100% polyesteri<br \/>\nAlkuper\u00e4maa: ID<br \/>\nV\u00e4ri: Musta<br \/>\nSulkeminen: vetoketju<br \/>\nTaschen: 1 au\u00dfen, 1 innen, 1 Laptopfach<br \/>\nRiemen: 1 Griff, verstellbar<\/p>","protected":false},"excerpt":{"rendered":"<p>Gehen Sie stilvoll und nachhaltig aus mit dem Tommy Hilfiger Rucksack, einer echten Mischung aus Funktionalit\u00e4t und Mode. Er wurde f\u00fcr den modernen Trendsetter entworfen und verf\u00fcgt \u00fcber verstellbare Tr\u00e4ger f\u00fcr mehr Komfort, ein spezielles Laptop-Fach f\u00fcr Ihre technischen Bed\u00fcrfnisse und zus\u00e4tzliche Taschen f\u00fcr all Ihre Essentials. Der charakteristische Aufdruck und das kultige Tommy-Logo verleihen [&hellip;]<\/p>","protected":false},"featured_media":316521,"template":"","meta":[],"product_brand":[2177],"product_cat":[1629,1725],"product_tag":[],"class_list":{"0":"post-316524","1":"product","2":"type-product","3":"status-publish","4":"has-post-thumbnail","6":"product_brand-tommy-hilfiger","7":"product_cat-maenner","8":"product_cat-rucksaecke","10":"first","11":"instock","12":"sale","13":"taxable","14":"shipping-taxable","15":"purchasable","16":"product-type-simple"},"_links":{"self":[{"href":"https:\/\/tpmadalina42.supserv.cozmoslabs.com\/fi\/wp-json\/wp\/v2\/product\/316524","targetHints":{"allow":["GET"]}}],"collection":[{"href":"https:\/\/tpmadalina42.supserv.cozmoslabs.com\/fi\/wp-json\/wp\/v2\/product"}],"about":[{"href":"https:\/\/tpmadalina42.supserv.cozmoslabs.com\/fi\/wp-json\/wp\/v2\/types\/product"}],"wp:featuredmedia":[{"embeddable":true,"href":"https:\/\/tpmadalina42.supserv.cozmoslabs.com\/fi\/wp-json\/wp\/v2\/media\/316521"}],"wp:attachment":[{"href":"https:\/\/tpmadalina42.supserv.cozmoslabs.com\/fi\/wp-json\/wp\/v2\/media?parent=316524"}],"wp:term":[{"taxonomy":"product_brand","embeddable":true,"href":"https:\/\/tpmadalina42.supserv.cozmoslabs.com\/fi\/wp-json\/wp\/v2\/product_brand?post=316524"},{"taxonomy":"product_cat","embeddable":true,"href":"https:\/\/tpmadalina42.supserv.cozmoslabs.com\/fi\/wp-json\/wp\/v2\/product_cat?post=316524"},{"taxonomy":"product_tag","embeddable":true,"href":"https:\/\/tpmadalina42.supserv.cozmoslabs.com\/fi\/wp-json\/wp\/v2\/product_tag?post=316524"}],"curies":[{"name":"wp","href":"https:\/\/api.w.org\/{rel}","templated":true}]}}