{"id":316536,"date":"2024-11-22T17:56:28","date_gmt":"2024-11-22T16:56:28","guid":{"rendered":"https:\/\/glandine.com\/product\/calvin-klein-schwarzer-polyester-rucksack-fuer-maenner-3\/"},"modified":"2024-11-30T07:36:45","modified_gmt":"2024-11-30T06:36:45","slug":"calvin-klein-schwarzer-polyester-rucksack-fuer-maenner-3","status":"publish","type":"product","link":"https:\/\/tpmadalina42.supserv.cozmoslabs.com\/fi\/tuote-2\/calvin-klein-schwarzer-polyester-rucksack-fuer-maenner-3\/","title":{"rendered":"Calvin Klein musta polyesterireppu miehille"},"content":{"rendered":"<p>Gehen Sie stilvoll aus mit dem unverwechselbaren Calvin Klein Rucksack, einer perfekten Symphonie aus Praktikabilit\u00e4t und topaktueller Mode. Dieser Rucksack f\u00fcr den modernen Vorreiter ist in einem schlichten Schwarz gehalten, das durch kontrastierende Details aufgewertet wird. Seine robuste Konstruktion aus 51% Polyester und 49% Polyethylen mit 100% recycelten Elementen unterstreicht Ihr Engagement f\u00fcr nachhaltigen Luxus. Ein Innenfach, Stifthalter und eine Innentasche sorgen f\u00fcr Ordnung, w\u00e4hrend die verstellbaren Riemen und der Rei\u00dfverschluss f\u00fcr Komfort und Sicherheit sorgen. Mit dem kultigen Calvin Klein-Logo ist dieser Rucksack mehr als nur ein Accessoire &#8211; er ist ein Statement. <\/p>\n<p>V\u00e4ri: Musta<br \/>\nMaterial: 51% Polyester, 49% Polyethylen<br \/>\nHerkunftsland: KH<\/p>","protected":false},"excerpt":{"rendered":"<p>Gehen Sie stilvoll aus mit dem unverwechselbaren Calvin Klein Rucksack, einer perfekten Symphonie aus Praktikabilit\u00e4t und topaktueller Mode. Dieser Rucksack f\u00fcr den modernen Vorreiter ist in einem schlichten Schwarz gehalten, das durch kontrastierende Details aufgewertet wird. Seine robuste Konstruktion aus 51% Polyester und 49% Polyethylen mit 100% recycelten Elementen unterstreicht Ihr Engagement f\u00fcr nachhaltigen Luxus. [&hellip;]<\/p>","protected":false},"featured_media":316533,"template":"","meta":[],"product_brand":[2188],"product_cat":[1629,1725],"product_tag":[],"class_list":{"0":"post-316536","1":"product","2":"type-product","3":"status-publish","4":"has-post-thumbnail","6":"product_brand-calvin-klein","7":"product_cat-maenner","8":"product_cat-rucksaecke","10":"first","11":"instock","12":"sale","13":"taxable","14":"shipping-taxable","15":"purchasable","16":"product-type-simple"},"_links":{"self":[{"href":"https:\/\/tpmadalina42.supserv.cozmoslabs.com\/fi\/wp-json\/wp\/v2\/product\/316536","targetHints":{"allow":["GET"]}}],"collection":[{"href":"https:\/\/tpmadalina42.supserv.cozmoslabs.com\/fi\/wp-json\/wp\/v2\/product"}],"about":[{"href":"https:\/\/tpmadalina42.supserv.cozmoslabs.com\/fi\/wp-json\/wp\/v2\/types\/product"}],"wp:featuredmedia":[{"embeddable":true,"href":"https:\/\/tpmadalina42.supserv.cozmoslabs.com\/fi\/wp-json\/wp\/v2\/media\/316533"}],"wp:attachment":[{"href":"https:\/\/tpmadalina42.supserv.cozmoslabs.com\/fi\/wp-json\/wp\/v2\/media?parent=316536"}],"wp:term":[{"taxonomy":"product_brand","embeddable":true,"href":"https:\/\/tpmadalina42.supserv.cozmoslabs.com\/fi\/wp-json\/wp\/v2\/product_brand?post=316536"},{"taxonomy":"product_cat","embeddable":true,"href":"https:\/\/tpmadalina42.supserv.cozmoslabs.com\/fi\/wp-json\/wp\/v2\/product_cat?post=316536"},{"taxonomy":"product_tag","embeddable":true,"href":"https:\/\/tpmadalina42.supserv.cozmoslabs.com\/fi\/wp-json\/wp\/v2\/product_tag?post=316536"}],"curies":[{"name":"wp","href":"https:\/\/api.w.org\/{rel}","templated":true}]}}