{"id":316556,"date":"2024-11-22T17:58:15","date_gmt":"2024-11-22T16:58:15","guid":{"rendered":"https:\/\/glandine.com\/product\/piquadro-schwarzer-leder-rucksack-fuer-maenner-3\/"},"modified":"2024-12-11T16:24:15","modified_gmt":"2024-12-11T15:24:15","slug":"piquadro-schwarzer-leder-rucksack-fuer-maenner-3","status":"publish","type":"product","link":"https:\/\/tpmadalina42.supserv.cozmoslabs.com\/fi\/tuote-2\/piquadro-schwarzer-leder-rucksack-fuer-maenner-3\/","title":{"rendered":"Piquadro musta nahkareppu miehille"},"content":{"rendered":"<p>Erleben Sie die Verschmelzung von Luxus, N\u00fctzlichkeit und modernem Design mit dem schwarzen Lederrucksack von Piquadro, dem unverzichtbaren Accessoire f\u00fcr den modernen Mann, der viel unterwegs ist. Dieses sorgf\u00e4ltig aus feinem 100%igem Leder gefertigte St\u00fcck von Piquadro verf\u00fcgt nicht nur \u00fcber eine, sondern zwei Au\u00dfentaschen, separate F\u00e4cher und sogar ein spezielles Laptopfach. Die einzigartige Seitentasche sorgt mit ihrem integrierten Zahlenschloss f\u00fcr Sicherheit, w\u00e4hrend die verstellbaren Schulterriemen Komfort bieten, ohne den Stil zu beeintr\u00e4chtigen. Die kontrastierenden Details und das kultige Piquadro-Logo runden das Erscheinungsbild dieses Rucksacks ab und machen ihn zu einem unverzichtbaren Bestandteil jeder anspruchsvollen urbanen Kollektion.<\/p>\n<p>&#8211; Material: 100% Leder<br \/>\n&#8211; Herkunftsland: IN<br \/>\n- V\u00e4ri: Musta<br \/>\n&#8211; Merkmale: Verstellbare Schultergurte<br \/>\n&#8211; F\u00e4cher: 2 separate F\u00e4cher, Laptophalter, 1 Innentasche, 1 Flaschenhaltertasche<br \/>\n&#8211; Sicherheit: Seitentasche mit Zahlenschloss<br \/>\n&#8211; Verschluss: Rei\u00dfverschluss<br \/>\n&#8211; Logo: Sichtbares Piquadro-Branding<\/p>","protected":false},"excerpt":{"rendered":"<p>Erleben Sie die Verschmelzung von Luxus, N\u00fctzlichkeit und modernem Design mit dem schwarzen Lederrucksack von Piquadro, dem unverzichtbaren Accessoire f\u00fcr den modernen Mann, der viel unterwegs ist. Dieses sorgf\u00e4ltig aus feinem 100%igem Leder gefertigte St\u00fcck von Piquadro verf\u00fcgt nicht nur \u00fcber eine, sondern zwei Au\u00dfentaschen, separate F\u00e4cher und sogar ein spezielles Laptopfach. Die einzigartige Seitentasche [&hellip;]<\/p>","protected":false},"featured_media":316553,"template":"","meta":[],"product_brand":[2343],"product_cat":[1629,1725],"product_tag":[],"class_list":{"0":"post-316556","1":"product","2":"type-product","3":"status-publish","4":"has-post-thumbnail","6":"product_brand-piquadro","7":"product_cat-maenner","8":"product_cat-rucksaecke","10":"first","11":"instock","12":"sale","13":"taxable","14":"shipping-taxable","15":"purchasable","16":"product-type-simple"},"_links":{"self":[{"href":"https:\/\/tpmadalina42.supserv.cozmoslabs.com\/fi\/wp-json\/wp\/v2\/product\/316556","targetHints":{"allow":["GET"]}}],"collection":[{"href":"https:\/\/tpmadalina42.supserv.cozmoslabs.com\/fi\/wp-json\/wp\/v2\/product"}],"about":[{"href":"https:\/\/tpmadalina42.supserv.cozmoslabs.com\/fi\/wp-json\/wp\/v2\/types\/product"}],"wp:featuredmedia":[{"embeddable":true,"href":"https:\/\/tpmadalina42.supserv.cozmoslabs.com\/fi\/wp-json\/wp\/v2\/media\/316553"}],"wp:attachment":[{"href":"https:\/\/tpmadalina42.supserv.cozmoslabs.com\/fi\/wp-json\/wp\/v2\/media?parent=316556"}],"wp:term":[{"taxonomy":"product_brand","embeddable":true,"href":"https:\/\/tpmadalina42.supserv.cozmoslabs.com\/fi\/wp-json\/wp\/v2\/product_brand?post=316556"},{"taxonomy":"product_cat","embeddable":true,"href":"https:\/\/tpmadalina42.supserv.cozmoslabs.com\/fi\/wp-json\/wp\/v2\/product_cat?post=316556"},{"taxonomy":"product_tag","embeddable":true,"href":"https:\/\/tpmadalina42.supserv.cozmoslabs.com\/fi\/wp-json\/wp\/v2\/product_tag?post=316556"}],"curies":[{"name":"wp","href":"https:\/\/api.w.org\/{rel}","templated":true}]}}