{"id":316611,"date":"2024-11-22T18:03:08","date_gmt":"2024-11-22T17:03:08","guid":{"rendered":"https:\/\/glandine.com\/product\/piquadro-schwarzer-leder-rucksack-fuer-maenner-4\/"},"modified":"2024-12-09T12:34:08","modified_gmt":"2024-12-09T11:34:08","slug":"piquadro-schwarzer-leder-rucksack-fuer-maenner-4","status":"publish","type":"product","link":"https:\/\/tpmadalina42.supserv.cozmoslabs.com\/fi\/tuote-2\/piquadro-schwarzer-leder-rucksack-fuer-maenner-4\/","title":{"rendered":"Piquadro musta nahkareppu miehille"},"content":{"rendered":"<p>Erh\u00f6hen Sie Ihren Stil und Ihre Organisation mit dem Designer-Rucksack von Piquadro. Dieser schlichte schwarze Rucksack wurde f\u00fcr den modernen Berufst\u00e4tigen entworfen und bietet Funktionalit\u00e4t und Eleganz zugleich. Mit verstellbaren Schultergurten und einem praktischen Einzelgriff ist er ebenso bequem wie raffiniert. Mit drei Au\u00dfentaschen, einer sicheren Innentasche und speziellen Laptop- und Stiftf\u00e4chern ist er der ultimative Begleiter f\u00fcr Ihren mobilen Lebensstil. Der robuste Rei\u00dfverschluss sch\u00fctzt Ihre wichtigsten Utensilien, w\u00e4hrend das charakteristische Piquadro-Logo dieses stilvolle Accessoire dezent kennzeichnet.<\/p>\n<p>Material: 20% Nylon, 20% Polyester, 25% Leder, 20% EVA, 15% Metall<br \/>\nAlkuper\u00e4maa: CN<br \/>\nV\u00e4ri: Musta<\/p>","protected":false},"excerpt":{"rendered":"<p>Erh\u00f6hen Sie Ihren Stil und Ihre Organisation mit dem Designer-Rucksack von Piquadro. Dieser schlichte schwarze Rucksack wurde f\u00fcr den modernen Berufst\u00e4tigen entworfen und bietet Funktionalit\u00e4t und Eleganz zugleich. Mit verstellbaren Schultergurten und einem praktischen Einzelgriff ist er ebenso bequem wie raffiniert. Mit drei Au\u00dfentaschen, einer sicheren Innentasche und speziellen Laptop- und Stiftf\u00e4chern ist er der [&hellip;]<\/p>","protected":false},"featured_media":316608,"template":"","meta":[],"product_brand":[2343],"product_cat":[1629,1725],"product_tag":[],"class_list":{"0":"post-316611","1":"product","2":"type-product","3":"status-publish","4":"has-post-thumbnail","6":"product_brand-piquadro","7":"product_cat-maenner","8":"product_cat-rucksaecke","10":"first","11":"instock","12":"sale","13":"taxable","14":"shipping-taxable","15":"purchasable","16":"product-type-simple"},"_links":{"self":[{"href":"https:\/\/tpmadalina42.supserv.cozmoslabs.com\/fi\/wp-json\/wp\/v2\/product\/316611","targetHints":{"allow":["GET"]}}],"collection":[{"href":"https:\/\/tpmadalina42.supserv.cozmoslabs.com\/fi\/wp-json\/wp\/v2\/product"}],"about":[{"href":"https:\/\/tpmadalina42.supserv.cozmoslabs.com\/fi\/wp-json\/wp\/v2\/types\/product"}],"wp:featuredmedia":[{"embeddable":true,"href":"https:\/\/tpmadalina42.supserv.cozmoslabs.com\/fi\/wp-json\/wp\/v2\/media\/316608"}],"wp:attachment":[{"href":"https:\/\/tpmadalina42.supserv.cozmoslabs.com\/fi\/wp-json\/wp\/v2\/media?parent=316611"}],"wp:term":[{"taxonomy":"product_brand","embeddable":true,"href":"https:\/\/tpmadalina42.supserv.cozmoslabs.com\/fi\/wp-json\/wp\/v2\/product_brand?post=316611"},{"taxonomy":"product_cat","embeddable":true,"href":"https:\/\/tpmadalina42.supserv.cozmoslabs.com\/fi\/wp-json\/wp\/v2\/product_cat?post=316611"},{"taxonomy":"product_tag","embeddable":true,"href":"https:\/\/tpmadalina42.supserv.cozmoslabs.com\/fi\/wp-json\/wp\/v2\/product_tag?post=316611"}],"curies":[{"name":"wp","href":"https:\/\/api.w.org\/{rel}","templated":true}]}}