{"id":316639,"date":"2024-11-22T18:05:42","date_gmt":"2024-11-22T17:05:42","guid":{"rendered":"https:\/\/glandine.com\/product\/calvin-klein-schwarzer-polyethylen-rucksack-fuer-maenner\/"},"modified":"2024-11-30T07:39:12","modified_gmt":"2024-11-30T06:39:12","slug":"calvin-klein-schwarzer-polyethylen-rucksack-fuer-maenner","status":"publish","type":"product","link":"https:\/\/tpmadalina42.supserv.cozmoslabs.com\/fi\/tuote-2\/calvin-klein-schwarzer-polyethylen-rucksack-fuer-maenner\/","title":{"rendered":"Calvin Klein Schwarzer Polyethylen-Rucksack f\u00fcr M\u00e4nner"},"content":{"rendered":"<p>Mit dem eleganten Calvin Klein Rucksack, der fachm\u00e4nnisch gefertigt wurde, um mit dem dynamischen Lebensstil des modernen Mannes Schritt zu halten, k\u00f6nnen Sie Ihren Stil unterwegs aufwerten. Der kr\u00e4ftige schwarze Farbton erg\u00e4nzt das minimalistische Design mit einer Au\u00dfentasche f\u00fcr einfachen Zugriff und einem speziellen Innenfach f\u00fcr den sicheren Transport Ihres Laptops. Mit seinen verstellbaren Schultergurten tr\u00e4gt dieser Rucksack nicht nur das N\u00f6tigste, sondern dank des zu 50 % aus recyceltem Polyester bestehenden Materials auch einen Hauch von Raffinesse und Verantwortung. Perfekt f\u00fcr urbane Entdecker und Stilliebhaber gleicherma\u00dfen.<\/p>\n<p>Materiaali: 100% polyeteeni<br \/>\nAlkuper\u00e4maa: CN<br \/>\nV\u00e4ri: Musta<br \/>\nSulkeminen: vetoketju<br \/>\nMerkmale: 1 Tragegriff, verstellbare Schulterriemen, 1 Au\u00dfentasche, 1 Innentasche, Laptop-Innenfach, Logo<\/p>","protected":false},"excerpt":{"rendered":"<p>Mit dem eleganten Calvin Klein Rucksack, der fachm\u00e4nnisch gefertigt wurde, um mit dem dynamischen Lebensstil des modernen Mannes Schritt zu halten, k\u00f6nnen Sie Ihren Stil unterwegs aufwerten. Der kr\u00e4ftige schwarze Farbton erg\u00e4nzt das minimalistische Design mit einer Au\u00dfentasche f\u00fcr einfachen Zugriff und einem speziellen Innenfach f\u00fcr den sicheren Transport Ihres Laptops. Mit seinen verstellbaren Schultergurten [&hellip;]<\/p>","protected":false},"featured_media":316636,"template":"","meta":[],"product_brand":[2188],"product_cat":[1629,1725],"product_tag":[],"class_list":{"0":"post-316639","1":"product","2":"type-product","3":"status-publish","4":"has-post-thumbnail","6":"product_brand-calvin-klein","7":"product_cat-maenner","8":"product_cat-rucksaecke","10":"first","11":"instock","12":"sale","13":"taxable","14":"shipping-taxable","15":"purchasable","16":"product-type-simple"},"_links":{"self":[{"href":"https:\/\/tpmadalina42.supserv.cozmoslabs.com\/fi\/wp-json\/wp\/v2\/product\/316639","targetHints":{"allow":["GET"]}}],"collection":[{"href":"https:\/\/tpmadalina42.supserv.cozmoslabs.com\/fi\/wp-json\/wp\/v2\/product"}],"about":[{"href":"https:\/\/tpmadalina42.supserv.cozmoslabs.com\/fi\/wp-json\/wp\/v2\/types\/product"}],"wp:featuredmedia":[{"embeddable":true,"href":"https:\/\/tpmadalina42.supserv.cozmoslabs.com\/fi\/wp-json\/wp\/v2\/media\/316636"}],"wp:attachment":[{"href":"https:\/\/tpmadalina42.supserv.cozmoslabs.com\/fi\/wp-json\/wp\/v2\/media?parent=316639"}],"wp:term":[{"taxonomy":"product_brand","embeddable":true,"href":"https:\/\/tpmadalina42.supserv.cozmoslabs.com\/fi\/wp-json\/wp\/v2\/product_brand?post=316639"},{"taxonomy":"product_cat","embeddable":true,"href":"https:\/\/tpmadalina42.supserv.cozmoslabs.com\/fi\/wp-json\/wp\/v2\/product_cat?post=316639"},{"taxonomy":"product_tag","embeddable":true,"href":"https:\/\/tpmadalina42.supserv.cozmoslabs.com\/fi\/wp-json\/wp\/v2\/product_tag?post=316639"}],"curies":[{"name":"wp","href":"https:\/\/api.w.org\/{rel}","templated":true}]}}