{"id":316715,"date":"2024-11-22T18:10:06","date_gmt":"2024-11-22T17:10:06","guid":{"rendered":"https:\/\/glandine.com\/product\/tommy-hilfiger-weisser-baumwollpullover-fuer-maenner-2\/"},"modified":"2024-11-30T07:40:36","modified_gmt":"2024-11-30T06:40:36","slug":"tommy-hilfiger-weisser-baumwollpullover-fuer-maenner-2","status":"publish","type":"product","link":"https:\/\/tpmadalina42.supserv.cozmoslabs.com\/fi\/tuote-2\/tommy-hilfiger-weisser-baumwollpullover-fuer-maenner-2\/","title":{"rendered":"Tommy Hilfiger valkoinen puuvillainen villapaita miehille"},"content":{"rendered":"<p>G\u00f6nnen Sie sich den exklusiven Charme des m\u00fchelosen Stils von Tommy Hilfiger mit diesem makellosen wei\u00dfen Kapuzensweatshirt. Das Sweatshirt verbindet Komfort mit High-End-Mode und besticht durch aufwendige Stickereien, auff\u00e4llige Print-Applikationen und das ikonische Logo im Zentrum der Aufmerksamkeit. Gefertigt aus 100 % hochwertiger Baumwolle ist es eine kuschelige Erg\u00e4nzung Ihrer Garderobe f\u00fcr k\u00fchles Wetter, w\u00e4hrend die gro\u00dfe Tasche in der Mitte dem schlichten Design einen praktischen Touch verleiht. Dieses St\u00fcck ist nicht nur ein Statement, sondern ein Grundnahrungsmittel f\u00fcr jeden Trendsetter.<\/p>\n<p>Materiaali: 100% puuvilla<br \/>\nAlkuper\u00e4maa: TR<br \/>\nV\u00e4ri: Valkoinen<\/p>","protected":false},"excerpt":{"rendered":"<p>G\u00f6nnen Sie sich den exklusiven Charme des m\u00fchelosen Stils von Tommy Hilfiger mit diesem makellosen wei\u00dfen Kapuzensweatshirt. Das Sweatshirt verbindet Komfort mit High-End-Mode und besticht durch aufwendige Stickereien, auff\u00e4llige Print-Applikationen und das ikonische Logo im Zentrum der Aufmerksamkeit. Gefertigt aus 100 % hochwertiger Baumwolle ist es eine kuschelige Erg\u00e4nzung Ihrer Garderobe f\u00fcr k\u00fchles Wetter, w\u00e4hrend [&hellip;]<\/p>","protected":false},"featured_media":316713,"template":"","meta":[],"product_brand":[2177],"product_cat":[1633,1623],"product_tag":[],"class_list":{"0":"post-316715","1":"product","2":"type-product","3":"status-publish","4":"has-post-thumbnail","6":"product_brand-tommy-hilfiger","7":"product_cat-maenner-kleidung","8":"product_cat-kleidung","10":"first","11":"instock","12":"sale","13":"taxable","14":"shipping-taxable","15":"purchasable","16":"product-type-variable"},"_links":{"self":[{"href":"https:\/\/tpmadalina42.supserv.cozmoslabs.com\/fi\/wp-json\/wp\/v2\/product\/316715","targetHints":{"allow":["GET"]}}],"collection":[{"href":"https:\/\/tpmadalina42.supserv.cozmoslabs.com\/fi\/wp-json\/wp\/v2\/product"}],"about":[{"href":"https:\/\/tpmadalina42.supserv.cozmoslabs.com\/fi\/wp-json\/wp\/v2\/types\/product"}],"wp:featuredmedia":[{"embeddable":true,"href":"https:\/\/tpmadalina42.supserv.cozmoslabs.com\/fi\/wp-json\/wp\/v2\/media\/316713"}],"wp:attachment":[{"href":"https:\/\/tpmadalina42.supserv.cozmoslabs.com\/fi\/wp-json\/wp\/v2\/media?parent=316715"}],"wp:term":[{"taxonomy":"product_brand","embeddable":true,"href":"https:\/\/tpmadalina42.supserv.cozmoslabs.com\/fi\/wp-json\/wp\/v2\/product_brand?post=316715"},{"taxonomy":"product_cat","embeddable":true,"href":"https:\/\/tpmadalina42.supserv.cozmoslabs.com\/fi\/wp-json\/wp\/v2\/product_cat?post=316715"},{"taxonomy":"product_tag","embeddable":true,"href":"https:\/\/tpmadalina42.supserv.cozmoslabs.com\/fi\/wp-json\/wp\/v2\/product_tag?post=316715"}],"curies":[{"name":"wp","href":"https:\/\/api.w.org\/{rel}","templated":true}]}}