{"id":316720,"date":"2024-11-22T18:10:31","date_gmt":"2024-11-22T17:10:31","guid":{"rendered":"https:\/\/glandine.com\/product\/tommy-hilfiger-beige-polyamid-herren-jacke\/"},"modified":"2024-11-30T07:40:42","modified_gmt":"2024-11-30T06:40:42","slug":"tommy-hilfiger-beige-polyamid-herren-jacke","status":"publish","type":"product","link":"https:\/\/tpmadalina42.supserv.cozmoslabs.com\/fi\/tuote-2\/tommy-hilfiger-beige-polyamid-herren-jacke\/","title":{"rendered":"Tommy Hilfiger Beige Polyamid Herren Jacke"},"content":{"rendered":"<p>Erneuern Sie Ihre Garderobe mit dem Inbegriff umweltbewusster Mode &#8211; der Tommy Hilfiger Recycled Nylon Jacket. Diese beigefarbene, lang\u00e4rmelige Jacke aus 100% Polyamid ist nicht nur stilvoll, sondern auch nachhaltig. Sie ist mit der kultigen Tommy Hilfiger Logo-Stickerei und geschmackvollen Applikationen verziert, verf\u00fcgt \u00fcber einen praktischen Rei\u00dfverschluss und zwei Au\u00dfentaschen und verbindet so nahtlos Funktion mit High-End-Mode. Perfekt f\u00fcr den modernen Trendsetter, der ein mutiges Statement setzt.<\/p>\n<p>Materiaali: 100% polyamidi<br \/>\nAlkuper\u00e4maa: CN<br \/>\nV\u00e4ri: beige<\/p>","protected":false},"excerpt":{"rendered":"<p>Erneuern Sie Ihre Garderobe mit dem Inbegriff umweltbewusster Mode &#8211; der Tommy Hilfiger Recycled Nylon Jacket. Diese beigefarbene, lang\u00e4rmelige Jacke aus 100% Polyamid ist nicht nur stilvoll, sondern auch nachhaltig. Sie ist mit der kultigen Tommy Hilfiger Logo-Stickerei und geschmackvollen Applikationen verziert, verf\u00fcgt \u00fcber einen praktischen Rei\u00dfverschluss und zwei Au\u00dfentaschen und verbindet so nahtlos Funktion [&hellip;]<\/p>","protected":false},"featured_media":316718,"template":"","meta":[],"product_brand":[2177],"product_cat":[1633,1669,1623],"product_tag":[],"class_list":{"0":"post-316720","1":"product","2":"type-product","3":"status-publish","4":"has-post-thumbnail","6":"product_brand-tommy-hilfiger","7":"product_cat-maenner-kleidung","8":"product_cat-jacken","9":"product_cat-kleidung","11":"first","12":"instock","13":"sale","14":"taxable","15":"shipping-taxable","16":"purchasable","17":"product-type-variable"},"_links":{"self":[{"href":"https:\/\/tpmadalina42.supserv.cozmoslabs.com\/fi\/wp-json\/wp\/v2\/product\/316720","targetHints":{"allow":["GET"]}}],"collection":[{"href":"https:\/\/tpmadalina42.supserv.cozmoslabs.com\/fi\/wp-json\/wp\/v2\/product"}],"about":[{"href":"https:\/\/tpmadalina42.supserv.cozmoslabs.com\/fi\/wp-json\/wp\/v2\/types\/product"}],"wp:featuredmedia":[{"embeddable":true,"href":"https:\/\/tpmadalina42.supserv.cozmoslabs.com\/fi\/wp-json\/wp\/v2\/media\/316718"}],"wp:attachment":[{"href":"https:\/\/tpmadalina42.supserv.cozmoslabs.com\/fi\/wp-json\/wp\/v2\/media?parent=316720"}],"wp:term":[{"taxonomy":"product_brand","embeddable":true,"href":"https:\/\/tpmadalina42.supserv.cozmoslabs.com\/fi\/wp-json\/wp\/v2\/product_brand?post=316720"},{"taxonomy":"product_cat","embeddable":true,"href":"https:\/\/tpmadalina42.supserv.cozmoslabs.com\/fi\/wp-json\/wp\/v2\/product_cat?post=316720"},{"taxonomy":"product_tag","embeddable":true,"href":"https:\/\/tpmadalina42.supserv.cozmoslabs.com\/fi\/wp-json\/wp\/v2\/product_tag?post=316720"}],"curies":[{"name":"wp","href":"https:\/\/api.w.org\/{rel}","templated":true}]}}