{"id":316767,"date":"2024-11-22T18:13:07","date_gmt":"2024-11-22T17:13:07","guid":{"rendered":"https:\/\/glandine.com\/product\/calvin-klein-weisser-baumwollpullover-fuer-maenner-4\/"},"modified":"2024-12-12T11:06:54","modified_gmt":"2024-12-12T10:06:54","slug":"calvin-klein-weisser-baumwollpullover-fuer-maenner-4","status":"publish","type":"product","link":"https:\/\/tpmadalina42.supserv.cozmoslabs.com\/fi\/tuote-2\/calvin-klein-weisser-baumwollpullover-fuer-maenner-4\/","title":{"rendered":"Calvin Klein valkoinen puuvillainen villapaita miehille"},"content":{"rendered":"<p>H\u00fcllen Sie sich in den Inbegriff von l\u00e4ssigem Luxus mit dem makellosen wei\u00dfen Kapuzensweatshirt von Calvin Klein. Dieses elegante Design mit langen \u00c4rmeln und einer kuscheligen, geb\u00fcrsteten Innenseite ist perfekt f\u00fcr alle, die Komfort sch\u00e4tzen, ohne auf Stil zu verzichten. Mit dem kultigen Calvin Klein-Logo bestickt, setzt es \u00fcberall ein mutiges Statement. Es ist aus einer hochwertigen Mischung aus 95% Baumwolle und 5% Elastan gefertigt und bietet eine bequeme, flexible Passform f\u00fcr ultimativen Komfort. <\/p>\n<p>Materiaali: 95% puuvilla, 5% elastaani<br \/>\nAlkuper\u00e4maa: BD<br \/>\nV\u00e4ri: Valkoinen<\/p>","protected":false},"excerpt":{"rendered":"<p>H\u00fcllen Sie sich in den Inbegriff von l\u00e4ssigem Luxus mit dem makellosen wei\u00dfen Kapuzensweatshirt von Calvin Klein. Dieses elegante Design mit langen \u00c4rmeln und einer kuscheligen, geb\u00fcrsteten Innenseite ist perfekt f\u00fcr alle, die Komfort sch\u00e4tzen, ohne auf Stil zu verzichten. Mit dem kultigen Calvin Klein-Logo bestickt, setzt es \u00fcberall ein mutiges Statement. Es ist aus [&hellip;]<\/p>","protected":false},"featured_media":316765,"template":"","meta":[],"product_brand":[2188],"product_cat":[1633,1623],"product_tag":[],"class_list":{"0":"post-316767","1":"product","2":"type-product","3":"status-publish","4":"has-post-thumbnail","6":"product_brand-calvin-klein","7":"product_cat-maenner-kleidung","8":"product_cat-kleidung","10":"first","11":"instock","12":"sale","13":"taxable","14":"shipping-taxable","15":"purchasable","16":"product-type-variable"},"_links":{"self":[{"href":"https:\/\/tpmadalina42.supserv.cozmoslabs.com\/fi\/wp-json\/wp\/v2\/product\/316767","targetHints":{"allow":["GET"]}}],"collection":[{"href":"https:\/\/tpmadalina42.supserv.cozmoslabs.com\/fi\/wp-json\/wp\/v2\/product"}],"about":[{"href":"https:\/\/tpmadalina42.supserv.cozmoslabs.com\/fi\/wp-json\/wp\/v2\/types\/product"}],"wp:featuredmedia":[{"embeddable":true,"href":"https:\/\/tpmadalina42.supserv.cozmoslabs.com\/fi\/wp-json\/wp\/v2\/media\/316765"}],"wp:attachment":[{"href":"https:\/\/tpmadalina42.supserv.cozmoslabs.com\/fi\/wp-json\/wp\/v2\/media?parent=316767"}],"wp:term":[{"taxonomy":"product_brand","embeddable":true,"href":"https:\/\/tpmadalina42.supserv.cozmoslabs.com\/fi\/wp-json\/wp\/v2\/product_brand?post=316767"},{"taxonomy":"product_cat","embeddable":true,"href":"https:\/\/tpmadalina42.supserv.cozmoslabs.com\/fi\/wp-json\/wp\/v2\/product_cat?post=316767"},{"taxonomy":"product_tag","embeddable":true,"href":"https:\/\/tpmadalina42.supserv.cozmoslabs.com\/fi\/wp-json\/wp\/v2\/product_tag?post=316767"}],"curies":[{"name":"wp","href":"https:\/\/api.w.org\/{rel}","templated":true}]}}