{"id":316792,"date":"2024-11-22T18:14:01","date_gmt":"2024-11-22T17:14:01","guid":{"rendered":"https:\/\/glandine.com\/product\/calvin-klein-blauer-baumwollpullover-fuer-maenner\/"},"modified":"2024-12-10T20:24:37","modified_gmt":"2024-12-10T19:24:37","slug":"calvin-klein-blauer-baumwollpullover-fuer-maenner","status":"publish","type":"product","link":"https:\/\/tpmadalina42.supserv.cozmoslabs.com\/fi\/tuote-2\/calvin-klein-blauer-baumwollpullover-fuer-maenner\/","title":{"rendered":"Calvin Klein Blauer Baumwollpullover f\u00fcr M\u00e4nner"},"content":{"rendered":"<p>Peppen Sie Ihr urbanes Ensemble mit der eleganten Dynamik des lang\u00e4rmeligen Kapuzensweatshirts von Calvin Klein auf. Dieses blaue Oberteil f\u00fcr den modernen Trendsetter verf\u00fcgt \u00fcber eine dezent geb\u00fcrstete Textur, eine funktionale Tasche in der Mitte und das kultige Calvin Klein-Logo als Markenzeichen. Jedes Detail steht f\u00fcr l\u00e4ssigen Luxus und macht es zu einem Must-have f\u00fcr jeden Kleiderschrank.<\/p>\n<p>Materiaali: 100% puuvilla<br \/>\nAlkuper\u00e4maa: IN<br \/>\nV\u00e4ri: Sininen<\/p>","protected":false},"excerpt":{"rendered":"<p>Peppen Sie Ihr urbanes Ensemble mit der eleganten Dynamik des lang\u00e4rmeligen Kapuzensweatshirts von Calvin Klein auf. Dieses blaue Oberteil f\u00fcr den modernen Trendsetter verf\u00fcgt \u00fcber eine dezent geb\u00fcrstete Textur, eine funktionale Tasche in der Mitte und das kultige Calvin Klein-Logo als Markenzeichen. Jedes Detail steht f\u00fcr l\u00e4ssigen Luxus und macht es zu einem Must-have f\u00fcr [&hellip;]<\/p>","protected":false},"featured_media":316790,"template":"","meta":[],"product_brand":[2188],"product_cat":[1633,1623],"product_tag":[],"class_list":{"0":"post-316792","1":"product","2":"type-product","3":"status-publish","4":"has-post-thumbnail","6":"product_brand-calvin-klein","7":"product_cat-maenner-kleidung","8":"product_cat-kleidung","10":"first","11":"instock","12":"sale","13":"taxable","14":"shipping-taxable","15":"purchasable","16":"product-type-variable"},"_links":{"self":[{"href":"https:\/\/tpmadalina42.supserv.cozmoslabs.com\/fi\/wp-json\/wp\/v2\/product\/316792","targetHints":{"allow":["GET"]}}],"collection":[{"href":"https:\/\/tpmadalina42.supserv.cozmoslabs.com\/fi\/wp-json\/wp\/v2\/product"}],"about":[{"href":"https:\/\/tpmadalina42.supserv.cozmoslabs.com\/fi\/wp-json\/wp\/v2\/types\/product"}],"wp:featuredmedia":[{"embeddable":true,"href":"https:\/\/tpmadalina42.supserv.cozmoslabs.com\/fi\/wp-json\/wp\/v2\/media\/316790"}],"wp:attachment":[{"href":"https:\/\/tpmadalina42.supserv.cozmoslabs.com\/fi\/wp-json\/wp\/v2\/media?parent=316792"}],"wp:term":[{"taxonomy":"product_brand","embeddable":true,"href":"https:\/\/tpmadalina42.supserv.cozmoslabs.com\/fi\/wp-json\/wp\/v2\/product_brand?post=316792"},{"taxonomy":"product_cat","embeddable":true,"href":"https:\/\/tpmadalina42.supserv.cozmoslabs.com\/fi\/wp-json\/wp\/v2\/product_cat?post=316792"},{"taxonomy":"product_tag","embeddable":true,"href":"https:\/\/tpmadalina42.supserv.cozmoslabs.com\/fi\/wp-json\/wp\/v2\/product_tag?post=316792"}],"curies":[{"name":"wp","href":"https:\/\/api.w.org\/{rel}","templated":true}]}}