{"id":316929,"date":"2024-11-22T18:19:56","date_gmt":"2024-11-22T17:19:56","guid":{"rendered":"https:\/\/glandine.com\/product\/tommy-hilfiger-schwarzer-baumwollpullover-fuer-maenner-3\/"},"modified":"2024-11-30T07:45:03","modified_gmt":"2024-11-30T06:45:03","slug":"tommy-hilfiger-schwarzer-baumwollpullover-fuer-maenner-3","status":"publish","type":"product","link":"https:\/\/tpmadalina42.supserv.cozmoslabs.com\/fi\/tuote-2\/tommy-hilfiger-schwarzer-baumwollpullover-fuer-maenner-3\/","title":{"rendered":"Tommy Hilfiger Schwarzer Baumwollpullover f\u00fcr M\u00e4nner"},"content":{"rendered":"<p>Erleben Sie die perfekte Mischung aus Komfort und Stil mit dem Tommy Hilfiger Hooded Sweatshirt. Dieses schlichte schwarze Teil wertet den klassischen Hoodie mit seinem auff\u00e4lligen Branding und der zentralen Tasche auf und sorgt daf\u00fcr, dass du auff\u00e4llst, w\u00e4hrend du die kuschelige Umarmung aus reiner Baumwolle genie\u00dft. Egal, ob Sie zu einem l\u00e4ssigen Treffen gehen oder einen entspannten Abend zu Hause verbringen, dieses Sweatshirt ist Ihre erste Wahl f\u00fcr einen trendigen Touch zu jedem Outfit.<\/p>\n<p>Materiaali: 100% puuvilla<br \/>\nAlkuper\u00e4maa: BD<br \/>\nV\u00e4ri: Musta<\/p>","protected":false},"excerpt":{"rendered":"<p>Erleben Sie die perfekte Mischung aus Komfort und Stil mit dem Tommy Hilfiger Hooded Sweatshirt. Dieses schlichte schwarze Teil wertet den klassischen Hoodie mit seinem auff\u00e4lligen Branding und der zentralen Tasche auf und sorgt daf\u00fcr, dass du auff\u00e4llst, w\u00e4hrend du die kuschelige Umarmung aus reiner Baumwolle genie\u00dft. Egal, ob Sie zu einem l\u00e4ssigen Treffen gehen [&hellip;]<\/p>","protected":false},"featured_media":316927,"template":"","meta":[],"product_brand":[2177],"product_cat":[1633,1623],"product_tag":[],"class_list":{"0":"post-316929","1":"product","2":"type-product","3":"status-publish","4":"has-post-thumbnail","6":"product_brand-tommy-hilfiger","7":"product_cat-maenner-kleidung","8":"product_cat-kleidung","10":"first","11":"instock","12":"sale","13":"taxable","14":"shipping-taxable","15":"purchasable","16":"product-type-variable"},"_links":{"self":[{"href":"https:\/\/tpmadalina42.supserv.cozmoslabs.com\/fi\/wp-json\/wp\/v2\/product\/316929","targetHints":{"allow":["GET"]}}],"collection":[{"href":"https:\/\/tpmadalina42.supserv.cozmoslabs.com\/fi\/wp-json\/wp\/v2\/product"}],"about":[{"href":"https:\/\/tpmadalina42.supserv.cozmoslabs.com\/fi\/wp-json\/wp\/v2\/types\/product"}],"wp:featuredmedia":[{"embeddable":true,"href":"https:\/\/tpmadalina42.supserv.cozmoslabs.com\/fi\/wp-json\/wp\/v2\/media\/316927"}],"wp:attachment":[{"href":"https:\/\/tpmadalina42.supserv.cozmoslabs.com\/fi\/wp-json\/wp\/v2\/media?parent=316929"}],"wp:term":[{"taxonomy":"product_brand","embeddable":true,"href":"https:\/\/tpmadalina42.supserv.cozmoslabs.com\/fi\/wp-json\/wp\/v2\/product_brand?post=316929"},{"taxonomy":"product_cat","embeddable":true,"href":"https:\/\/tpmadalina42.supserv.cozmoslabs.com\/fi\/wp-json\/wp\/v2\/product_cat?post=316929"},{"taxonomy":"product_tag","embeddable":true,"href":"https:\/\/tpmadalina42.supserv.cozmoslabs.com\/fi\/wp-json\/wp\/v2\/product_tag?post=316929"}],"curies":[{"name":"wp","href":"https:\/\/api.w.org\/{rel}","templated":true}]}}