{"id":316962,"date":"2024-11-22T18:21:22","date_gmt":"2024-11-22T17:21:22","guid":{"rendered":"https:\/\/glandine.com\/product\/calvin-klein-schwarzer-polyester-pullover-fuer-maenner\/"},"modified":"2024-11-30T07:46:04","modified_gmt":"2024-11-30T06:46:04","slug":"calvin-klein-schwarzer-polyester-pullover-fuer-maenner","status":"publish","type":"product","link":"https:\/\/tpmadalina42.supserv.cozmoslabs.com\/fi\/tuote-2\/calvin-klein-schwarzer-polyester-pullover-fuer-maenner\/","title":{"rendered":"Calvin Klein Schwarzer Polyester Pullover f\u00fcr M\u00e4nner"},"content":{"rendered":"<p>Mit diesem eleganten Kapuzenpullover von Calvin Klein, einer perfekten Mischung aus Funktionalit\u00e4t und kultigem Stil, k\u00f6nnen Sie Ihre Freizeitgestaltung aufwerten. Mit seinem atmungsaktiven, feuchtigkeitsableitenden technischen Material, das mit Ihrem aktiven Lebensstil Schritt h\u00e4lt, erleben Sie den Gipfel an Komfort und Haltbarkeit. Der Kapuzenpulli verf\u00fcgt \u00fcber einen elastischen Bund und \u00c4rmelb\u00fcndchen f\u00fcr einen sicheren Sitz, erg\u00e4nzt durch einen Frontrei\u00dfverschluss f\u00fcr einfaches Tragen. Und nat\u00fcrlich w\u00e4re es nicht Calvin Klein ohne das subtile, aber unverwechselbare Logodetail. Setzen Sie ein markantes Zeichen, wo immer Sie hingehen.<\/p>\n<p>Material: 86% Polyester, 14% Elastan<br \/>\nAlkuper\u00e4maa: YK<br \/>\nV\u00e4ri: Musta<\/p>","protected":false},"excerpt":{"rendered":"<p>Mit diesem eleganten Kapuzenpullover von Calvin Klein, einer perfekten Mischung aus Funktionalit\u00e4t und kultigem Stil, k\u00f6nnen Sie Ihre Freizeitgestaltung aufwerten. Mit seinem atmungsaktiven, feuchtigkeitsableitenden technischen Material, das mit Ihrem aktiven Lebensstil Schritt h\u00e4lt, erleben Sie den Gipfel an Komfort und Haltbarkeit. Der Kapuzenpulli verf\u00fcgt \u00fcber einen elastischen Bund und \u00c4rmelb\u00fcndchen f\u00fcr einen sicheren Sitz, erg\u00e4nzt [&hellip;]<\/p>","protected":false},"featured_media":316960,"template":"","meta":[],"product_brand":[2188],"product_cat":[1633,1623],"product_tag":[],"class_list":{"0":"post-316962","1":"product","2":"type-product","3":"status-publish","4":"has-post-thumbnail","6":"product_brand-calvin-klein","7":"product_cat-maenner-kleidung","8":"product_cat-kleidung","10":"first","11":"instock","12":"sale","13":"taxable","14":"shipping-taxable","15":"purchasable","16":"product-type-variable"},"_links":{"self":[{"href":"https:\/\/tpmadalina42.supserv.cozmoslabs.com\/fi\/wp-json\/wp\/v2\/product\/316962","targetHints":{"allow":["GET"]}}],"collection":[{"href":"https:\/\/tpmadalina42.supserv.cozmoslabs.com\/fi\/wp-json\/wp\/v2\/product"}],"about":[{"href":"https:\/\/tpmadalina42.supserv.cozmoslabs.com\/fi\/wp-json\/wp\/v2\/types\/product"}],"wp:featuredmedia":[{"embeddable":true,"href":"https:\/\/tpmadalina42.supserv.cozmoslabs.com\/fi\/wp-json\/wp\/v2\/media\/316960"}],"wp:attachment":[{"href":"https:\/\/tpmadalina42.supserv.cozmoslabs.com\/fi\/wp-json\/wp\/v2\/media?parent=316962"}],"wp:term":[{"taxonomy":"product_brand","embeddable":true,"href":"https:\/\/tpmadalina42.supserv.cozmoslabs.com\/fi\/wp-json\/wp\/v2\/product_brand?post=316962"},{"taxonomy":"product_cat","embeddable":true,"href":"https:\/\/tpmadalina42.supserv.cozmoslabs.com\/fi\/wp-json\/wp\/v2\/product_cat?post=316962"},{"taxonomy":"product_tag","embeddable":true,"href":"https:\/\/tpmadalina42.supserv.cozmoslabs.com\/fi\/wp-json\/wp\/v2\/product_tag?post=316962"}],"curies":[{"name":"wp","href":"https:\/\/api.w.org\/{rel}","templated":true}]}}