{"id":316979,"date":"2024-11-22T18:22:41","date_gmt":"2024-11-22T17:22:41","guid":{"rendered":"https:\/\/glandine.com\/product\/calvin-klein-schwarzer-baumwollpullover-fuer-maenner-7\/"},"modified":"2024-12-12T02:51:24","modified_gmt":"2024-12-12T01:51:24","slug":"calvin-klein-schwarzer-baumwollpullover-fuer-maenner-7","status":"publish","type":"product","link":"https:\/\/tpmadalina42.supserv.cozmoslabs.com\/fi\/tuote-2\/calvin-klein-schwarzer-baumwollpullover-fuer-maenner-7\/","title":{"rendered":"Calvin Klein Schwarzer Baumwollpullover f\u00fcr M\u00e4nner"},"content":{"rendered":"<p>G\u00f6nnen Sie sich den Inbegriff von schickem Komfort mit diesem Sweatshirt von Calvin Klein. Es vereint schlichtes Design mit m\u00fchelosem Stil und setzt mit seinem auff\u00e4lligen Logoprint ein Statement. Das lang\u00e4rmelige Sweatshirt mit Rundhalsausschnitt ist aus einem kuscheligen Baumwoll-Polyester-Gemisch gefertigt und bietet W\u00e4rme und urbanes Flair. Es ist ein vielseitiges Kleidungsst\u00fcck, das Ihre Freizeitkleidung aufwertet und Ihrem Alltagsoutfit einen Hauch von Luxus verleiht. <\/p>\n<p>Material: 72% Baumwolle, 28% Polyester<br \/>\nHerkunftsland: LK<br \/>\nV\u00e4ri: Musta<\/p>","protected":false},"excerpt":{"rendered":"<p>G\u00f6nnen Sie sich den Inbegriff von schickem Komfort mit diesem Sweatshirt von Calvin Klein. Es vereint schlichtes Design mit m\u00fchelosem Stil und setzt mit seinem auff\u00e4lligen Logoprint ein Statement. Das lang\u00e4rmelige Sweatshirt mit Rundhalsausschnitt ist aus einem kuscheligen Baumwoll-Polyester-Gemisch gefertigt und bietet W\u00e4rme und urbanes Flair. Es ist ein vielseitiges Kleidungsst\u00fcck, das Ihre Freizeitkleidung aufwertet [&hellip;]<\/p>","protected":false},"featured_media":316977,"template":"","meta":[],"product_brand":[2188],"product_cat":[1633,1623],"product_tag":[],"class_list":{"0":"post-316979","1":"product","2":"type-product","3":"status-publish","4":"has-post-thumbnail","6":"product_brand-calvin-klein","7":"product_cat-maenner-kleidung","8":"product_cat-kleidung","10":"first","11":"instock","12":"sale","13":"taxable","14":"shipping-taxable","15":"purchasable","16":"product-type-variable"},"_links":{"self":[{"href":"https:\/\/tpmadalina42.supserv.cozmoslabs.com\/fi\/wp-json\/wp\/v2\/product\/316979","targetHints":{"allow":["GET"]}}],"collection":[{"href":"https:\/\/tpmadalina42.supserv.cozmoslabs.com\/fi\/wp-json\/wp\/v2\/product"}],"about":[{"href":"https:\/\/tpmadalina42.supserv.cozmoslabs.com\/fi\/wp-json\/wp\/v2\/types\/product"}],"wp:featuredmedia":[{"embeddable":true,"href":"https:\/\/tpmadalina42.supserv.cozmoslabs.com\/fi\/wp-json\/wp\/v2\/media\/316977"}],"wp:attachment":[{"href":"https:\/\/tpmadalina42.supserv.cozmoslabs.com\/fi\/wp-json\/wp\/v2\/media?parent=316979"}],"wp:term":[{"taxonomy":"product_brand","embeddable":true,"href":"https:\/\/tpmadalina42.supserv.cozmoslabs.com\/fi\/wp-json\/wp\/v2\/product_brand?post=316979"},{"taxonomy":"product_cat","embeddable":true,"href":"https:\/\/tpmadalina42.supserv.cozmoslabs.com\/fi\/wp-json\/wp\/v2\/product_cat?post=316979"},{"taxonomy":"product_tag","embeddable":true,"href":"https:\/\/tpmadalina42.supserv.cozmoslabs.com\/fi\/wp-json\/wp\/v2\/product_tag?post=316979"}],"curies":[{"name":"wp","href":"https:\/\/api.w.org\/{rel}","templated":true}]}}