{"id":316986,"date":"2024-11-22T18:23:07","date_gmt":"2024-11-22T17:23:07","guid":{"rendered":"https:\/\/glandine.com\/product\/calvin-klein-blauer-baumwollpullover-fuer-maenner-3\/"},"modified":"2024-12-09T22:50:47","modified_gmt":"2024-12-09T21:50:47","slug":"calvin-klein-blauer-baumwollpullover-fuer-maenner-3","status":"publish","type":"product","link":"https:\/\/tpmadalina42.supserv.cozmoslabs.com\/fi\/tuote-2\/calvin-klein-blauer-baumwollpullover-fuer-maenner-3\/","title":{"rendered":"Calvin Klein Blauer Baumwollpullover f\u00fcr M\u00e4nner"},"content":{"rendered":"<p>Tauchen Sie ein in den Inbegriff von urbanem Luxus mit diesem Calvin Klein Sweatshirt. Es ist ein stilvolles Leuchtfeuer in leuchtendem Blau und bietet eine weich geb\u00fcrstete Innenseite f\u00fcr Komfort, die durch das ikonische Markenlogo erg\u00e4nzt wird, das f\u00fcr ein unverwechselbares Statement sorgt. Die perfekte Mischung aus Baumwolle und Polyester verspricht Strapazierf\u00e4higkeit und eine bequeme Passform f\u00fcr alle, die einen starken Eindruck hinterlassen wollen. Tragen Sie nicht nur Mode &#8211; machen Sie sie zu Ihrem Statement.<\/p>\n<p>Material: 72% Baumwolle, 28% Polyester<br \/>\nHerkunftsland: LK<br \/>\nV\u00e4ri: Sininen<\/p>","protected":false},"excerpt":{"rendered":"<p>Tauchen Sie ein in den Inbegriff von urbanem Luxus mit diesem Calvin Klein Sweatshirt. Es ist ein stilvolles Leuchtfeuer in leuchtendem Blau und bietet eine weich geb\u00fcrstete Innenseite f\u00fcr Komfort, die durch das ikonische Markenlogo erg\u00e4nzt wird, das f\u00fcr ein unverwechselbares Statement sorgt. Die perfekte Mischung aus Baumwolle und Polyester verspricht Strapazierf\u00e4higkeit und eine bequeme [&hellip;]<\/p>","protected":false},"featured_media":316984,"template":"","meta":[],"product_brand":[2188],"product_cat":[1633,1623],"product_tag":[],"class_list":{"0":"post-316986","1":"product","2":"type-product","3":"status-publish","4":"has-post-thumbnail","6":"product_brand-calvin-klein","7":"product_cat-maenner-kleidung","8":"product_cat-kleidung","10":"first","11":"instock","12":"sale","13":"taxable","14":"shipping-taxable","15":"purchasable","16":"product-type-variable"},"_links":{"self":[{"href":"https:\/\/tpmadalina42.supserv.cozmoslabs.com\/fi\/wp-json\/wp\/v2\/product\/316986","targetHints":{"allow":["GET"]}}],"collection":[{"href":"https:\/\/tpmadalina42.supserv.cozmoslabs.com\/fi\/wp-json\/wp\/v2\/product"}],"about":[{"href":"https:\/\/tpmadalina42.supserv.cozmoslabs.com\/fi\/wp-json\/wp\/v2\/types\/product"}],"wp:featuredmedia":[{"embeddable":true,"href":"https:\/\/tpmadalina42.supserv.cozmoslabs.com\/fi\/wp-json\/wp\/v2\/media\/316984"}],"wp:attachment":[{"href":"https:\/\/tpmadalina42.supserv.cozmoslabs.com\/fi\/wp-json\/wp\/v2\/media?parent=316986"}],"wp:term":[{"taxonomy":"product_brand","embeddable":true,"href":"https:\/\/tpmadalina42.supserv.cozmoslabs.com\/fi\/wp-json\/wp\/v2\/product_brand?post=316986"},{"taxonomy":"product_cat","embeddable":true,"href":"https:\/\/tpmadalina42.supserv.cozmoslabs.com\/fi\/wp-json\/wp\/v2\/product_cat?post=316986"},{"taxonomy":"product_tag","embeddable":true,"href":"https:\/\/tpmadalina42.supserv.cozmoslabs.com\/fi\/wp-json\/wp\/v2\/product_tag?post=316986"}],"curies":[{"name":"wp","href":"https:\/\/api.w.org\/{rel}","templated":true}]}}