{"id":316999,"date":"2024-11-22T18:23:58","date_gmt":"2024-11-22T17:23:58","guid":{"rendered":"https:\/\/glandine.com\/product\/calvin-klein-schwarzer-baumwollpullover-fuer-maenner-8\/"},"modified":"2024-12-11T04:10:50","modified_gmt":"2024-12-11T03:10:50","slug":"calvin-klein-schwarzer-baumwollpullover-fuer-maenner-8","status":"publish","type":"product","link":"https:\/\/tpmadalina42.supserv.cozmoslabs.com\/fi\/tuote-2\/calvin-klein-schwarzer-baumwollpullover-fuer-maenner-8\/","title":{"rendered":"Calvin Klein Schwarzer Baumwollpullover f\u00fcr M\u00e4nner"},"content":{"rendered":"<p>Mit dem lang\u00e4rmeligen Sweatshirt von Calvin Klein sind Sie modisch ganz vorne mit dabei &#8211; hier trifft Komfort auf Luxus in einer Symphonie des Stils. Dieser schlichte schwarze Kapuzenpulli mit geb\u00fcrsteter Innenseite f\u00fcr das gewisse Extra an Gem\u00fctlichkeit kombiniert m\u00fchelos Funktionalit\u00e4t mit dem kultigen, minimalistischen Chic der Marke. Die zentrale Tasche sorgt f\u00fcr Funktionalit\u00e4t, w\u00e4hrend das aufgedruckte Logo eine subtile, aber unverwechselbare Signatur darstellt. Perfekt f\u00fcr den modernen Trendsetter, der in seiner Freizeitkleidung Raffinesse ausstrahlen m\u00f6chte.<\/p>\n<p>Material: 72% Baumwolle, 28% Polyester<br \/>\nHerkunftsland: LK<br \/>\nV\u00e4ri: Musta<\/p>","protected":false},"excerpt":{"rendered":"<p>Mit dem lang\u00e4rmeligen Sweatshirt von Calvin Klein sind Sie modisch ganz vorne mit dabei &#8211; hier trifft Komfort auf Luxus in einer Symphonie des Stils. Dieser schlichte schwarze Kapuzenpulli mit geb\u00fcrsteter Innenseite f\u00fcr das gewisse Extra an Gem\u00fctlichkeit kombiniert m\u00fchelos Funktionalit\u00e4t mit dem kultigen, minimalistischen Chic der Marke. Die zentrale Tasche sorgt f\u00fcr Funktionalit\u00e4t, w\u00e4hrend [&hellip;]<\/p>","protected":false},"featured_media":316997,"template":"","meta":[],"product_brand":[2188],"product_cat":[1633,1623],"product_tag":[],"class_list":{"0":"post-316999","1":"product","2":"type-product","3":"status-publish","4":"has-post-thumbnail","6":"product_brand-calvin-klein","7":"product_cat-maenner-kleidung","8":"product_cat-kleidung","10":"first","11":"instock","12":"sale","13":"taxable","14":"shipping-taxable","15":"purchasable","16":"product-type-variable"},"_links":{"self":[{"href":"https:\/\/tpmadalina42.supserv.cozmoslabs.com\/fi\/wp-json\/wp\/v2\/product\/316999","targetHints":{"allow":["GET"]}}],"collection":[{"href":"https:\/\/tpmadalina42.supserv.cozmoslabs.com\/fi\/wp-json\/wp\/v2\/product"}],"about":[{"href":"https:\/\/tpmadalina42.supserv.cozmoslabs.com\/fi\/wp-json\/wp\/v2\/types\/product"}],"wp:featuredmedia":[{"embeddable":true,"href":"https:\/\/tpmadalina42.supserv.cozmoslabs.com\/fi\/wp-json\/wp\/v2\/media\/316997"}],"wp:attachment":[{"href":"https:\/\/tpmadalina42.supserv.cozmoslabs.com\/fi\/wp-json\/wp\/v2\/media?parent=316999"}],"wp:term":[{"taxonomy":"product_brand","embeddable":true,"href":"https:\/\/tpmadalina42.supserv.cozmoslabs.com\/fi\/wp-json\/wp\/v2\/product_brand?post=316999"},{"taxonomy":"product_cat","embeddable":true,"href":"https:\/\/tpmadalina42.supserv.cozmoslabs.com\/fi\/wp-json\/wp\/v2\/product_cat?post=316999"},{"taxonomy":"product_tag","embeddable":true,"href":"https:\/\/tpmadalina42.supserv.cozmoslabs.com\/fi\/wp-json\/wp\/v2\/product_tag?post=316999"}],"curies":[{"name":"wp","href":"https:\/\/api.w.org\/{rel}","templated":true}]}}