{"id":317144,"date":"2024-11-22T18:30:48","date_gmt":"2024-11-22T17:30:48","guid":{"rendered":"https:\/\/glandine.com\/product\/napapijri-schwarzes-baumwoll-poloshirt-fuer-maenner-3\/"},"modified":"2024-12-06T00:54:31","modified_gmt":"2024-12-05T23:54:31","slug":"napapijri-schwarzes-baumwoll-poloshirt-fuer-maenner-3","status":"publish","type":"product","link":"https:\/\/tpmadalina42.supserv.cozmoslabs.com\/fi\/tuote-2\/napapijri-schwarzes-baumwoll-poloshirt-fuer-maenner-3\/","title":{"rendered":"Napapijri Schwarzes Baumwoll-Poloshirt f\u00fcr M\u00e4nner"},"content":{"rendered":"<p>Erh\u00f6hen Sie Ihren Stil mit einem Hauch von Raffinesse mit dem eleganten kurz\u00e4rmeligen Polo von Napapijri. Dieses St\u00fcck kombiniert zeitlose Eleganz mit einem modernen Twist, mit einer scharfen schwarzen Farbe, detailliert mit einem subtilen Druck, raffinierten Stickereien und dem kultigen Napapijri-Logo. Gefertigt aus 100% Premium-Baumwolle f\u00fcr un\u00fcbertroffenen Komfort und Langlebigkeit, ist dieses Polo ein Muss f\u00fcr alle, die eine Vorliebe f\u00fcr Luxus und ein mutiges Modestatement haben. Perfekt f\u00fcr jede Gelegenheit, ist es eine vielseitige Erg\u00e4nzung Ihrer Garderobe, die Klasse ausstrahlt.<\/p>\n<p>Materiaali: 100% puuvilla<br \/>\nAlkuper\u00e4maa: IN<br \/>\nV\u00e4ri: Musta<\/p>","protected":false},"excerpt":{"rendered":"<p>Erh\u00f6hen Sie Ihren Stil mit einem Hauch von Raffinesse mit dem eleganten kurz\u00e4rmeligen Polo von Napapijri. Dieses St\u00fcck kombiniert zeitlose Eleganz mit einem modernen Twist, mit einer scharfen schwarzen Farbe, detailliert mit einem subtilen Druck, raffinierten Stickereien und dem kultigen Napapijri-Logo. Gefertigt aus 100% Premium-Baumwolle f\u00fcr un\u00fcbertroffenen Komfort und Langlebigkeit, ist dieses Polo ein Muss [&hellip;]<\/p>","protected":false},"featured_media":317142,"template":"","meta":[],"product_brand":[2312],"product_cat":[1633,1623,1738],"product_tag":[],"class_list":{"0":"post-317144","1":"product","2":"type-product","3":"status-publish","4":"has-post-thumbnail","6":"product_brand-napapijri","7":"product_cat-maenner-kleidung","8":"product_cat-kleidung","9":"product_cat-polohemd","11":"first","12":"instock","13":"sale","14":"taxable","15":"shipping-taxable","16":"purchasable","17":"product-type-variable"},"_links":{"self":[{"href":"https:\/\/tpmadalina42.supserv.cozmoslabs.com\/fi\/wp-json\/wp\/v2\/product\/317144","targetHints":{"allow":["GET"]}}],"collection":[{"href":"https:\/\/tpmadalina42.supserv.cozmoslabs.com\/fi\/wp-json\/wp\/v2\/product"}],"about":[{"href":"https:\/\/tpmadalina42.supserv.cozmoslabs.com\/fi\/wp-json\/wp\/v2\/types\/product"}],"wp:featuredmedia":[{"embeddable":true,"href":"https:\/\/tpmadalina42.supserv.cozmoslabs.com\/fi\/wp-json\/wp\/v2\/media\/317142"}],"wp:attachment":[{"href":"https:\/\/tpmadalina42.supserv.cozmoslabs.com\/fi\/wp-json\/wp\/v2\/media?parent=317144"}],"wp:term":[{"taxonomy":"product_brand","embeddable":true,"href":"https:\/\/tpmadalina42.supserv.cozmoslabs.com\/fi\/wp-json\/wp\/v2\/product_brand?post=317144"},{"taxonomy":"product_cat","embeddable":true,"href":"https:\/\/tpmadalina42.supserv.cozmoslabs.com\/fi\/wp-json\/wp\/v2\/product_cat?post=317144"},{"taxonomy":"product_tag","embeddable":true,"href":"https:\/\/tpmadalina42.supserv.cozmoslabs.com\/fi\/wp-json\/wp\/v2\/product_tag?post=317144"}],"curies":[{"name":"wp","href":"https:\/\/api.w.org\/{rel}","templated":true}]}}