{"id":317153,"date":"2024-11-22T18:31:19","date_gmt":"2024-11-22T17:31:19","guid":{"rendered":"https:\/\/glandine.com\/product\/napapijri-schwarzes-baumwoll-t-shirt-fuer-frauen-3\/"},"modified":"2024-12-12T11:07:57","modified_gmt":"2024-12-12T10:07:57","slug":"napapijri-schwarzes-baumwoll-t-shirt-fuer-frauen-3","status":"publish","type":"product","link":"https:\/\/tpmadalina42.supserv.cozmoslabs.com\/fi\/tuote-2\/napapijri-schwarzes-baumwoll-t-shirt-fuer-frauen-3\/","title":{"rendered":"Napapijri Schwarzes Baumwoll-T-Shirt f\u00fcr Frauen"},"content":{"rendered":"<p>Das Napapijri Short-Sleeved T-Shirt ist eine perfekte Mischung aus Komfort und kultiger Mode. Der auff\u00e4llige Druck und die auff\u00e4llige Applikation stehen im Vordergrund und werden von dem ehrw\u00fcrdigen Napapijri-Logo gekr\u00f6nt. Dieses schicke schwarze Oberteil aus 100 % Baumwolle verspricht Atmungsaktivit\u00e4t und einen weichen Griff, perfekt f\u00fcr Ihren mobilen Lebensstil oder einen entspannten Tag in der Stadt. <\/p>\n<p>Materiaali: 100% puuvilla<br \/>\nAlkuper\u00e4maa: BD<br \/>\nV\u00e4ri: Musta<\/p>","protected":false},"excerpt":{"rendered":"<p>Das Napapijri Short-Sleeved T-Shirt ist eine perfekte Mischung aus Komfort und kultiger Mode. Der auff\u00e4llige Druck und die auff\u00e4llige Applikation stehen im Vordergrund und werden von dem ehrw\u00fcrdigen Napapijri-Logo gekr\u00f6nt. Dieses schicke schwarze Oberteil aus 100 % Baumwolle verspricht Atmungsaktivit\u00e4t und einen weichen Griff, perfekt f\u00fcr Ihren mobilen Lebensstil oder einen entspannten Tag in der [&hellip;]<\/p>","protected":false},"featured_media":317151,"template":"","meta":[],"product_brand":[2312],"product_cat":[1637,1623,1714],"product_tag":[],"class_list":{"0":"post-317153","1":"product","2":"type-product","3":"status-publish","4":"has-post-thumbnail","6":"product_brand-napapijri","7":"product_cat-frauen-kleidung","8":"product_cat-kleidung","9":"product_cat-oberteile-t-shirts","11":"first","12":"instock","13":"sale","14":"taxable","15":"shipping-taxable","16":"purchasable","17":"product-type-variable"},"_links":{"self":[{"href":"https:\/\/tpmadalina42.supserv.cozmoslabs.com\/fi\/wp-json\/wp\/v2\/product\/317153","targetHints":{"allow":["GET"]}}],"collection":[{"href":"https:\/\/tpmadalina42.supserv.cozmoslabs.com\/fi\/wp-json\/wp\/v2\/product"}],"about":[{"href":"https:\/\/tpmadalina42.supserv.cozmoslabs.com\/fi\/wp-json\/wp\/v2\/types\/product"}],"wp:featuredmedia":[{"embeddable":true,"href":"https:\/\/tpmadalina42.supserv.cozmoslabs.com\/fi\/wp-json\/wp\/v2\/media\/317151"}],"wp:attachment":[{"href":"https:\/\/tpmadalina42.supserv.cozmoslabs.com\/fi\/wp-json\/wp\/v2\/media?parent=317153"}],"wp:term":[{"taxonomy":"product_brand","embeddable":true,"href":"https:\/\/tpmadalina42.supserv.cozmoslabs.com\/fi\/wp-json\/wp\/v2\/product_brand?post=317153"},{"taxonomy":"product_cat","embeddable":true,"href":"https:\/\/tpmadalina42.supserv.cozmoslabs.com\/fi\/wp-json\/wp\/v2\/product_cat?post=317153"},{"taxonomy":"product_tag","embeddable":true,"href":"https:\/\/tpmadalina42.supserv.cozmoslabs.com\/fi\/wp-json\/wp\/v2\/product_tag?post=317153"}],"curies":[{"name":"wp","href":"https:\/\/api.w.org\/{rel}","templated":true}]}}