{"id":317169,"date":"2024-11-22T18:32:18","date_gmt":"2024-11-22T17:32:18","guid":{"rendered":"https:\/\/glandine.com\/product\/napapijri-weisses-baumwoll-t-shirt-fuer-frauen\/"},"modified":"2024-12-06T02:49:41","modified_gmt":"2024-12-06T01:49:41","slug":"napapijri-weisses-baumwoll-t-shirt-fuer-frauen","status":"publish","type":"product","link":"https:\/\/tpmadalina42.supserv.cozmoslabs.com\/fi\/tuote-2\/napapijri-weisses-baumwoll-t-shirt-fuer-frauen\/","title":{"rendered":"Napapijri Wei\u00dfes Baumwoll-T-Shirt f\u00fcr Frauen"},"content":{"rendered":"<p>Peppen Sie Ihre Freizeitkleidung mit der k\u00fchnen Eleganz von Napapijri auf. Dieses knackig wei\u00dfe, kurz\u00e4rmelige T-Shirt ist mit seinem raffinierten Rundhalsausschnitt und dem markanten Napapijri-Logo auf der Vorderseite ein auff\u00e4lliges St\u00fcck. Es ist perfekt f\u00fcr einen schicken, entspannten Look und besteht aus 100 % weicher Baumwolle, damit Sie sich den ganzen Tag \u00fcber wohlf\u00fchlen und stilvoll auftreten k\u00f6nnen. Ein wahres Zeugnis f\u00fcr m\u00fchelose Mode!<br \/>\nMateriaali: 100% puuvilla<br \/>\nAlkuper\u00e4maa: BD<br \/>\nV\u00e4ri: Valkoinen<\/p>","protected":false},"excerpt":{"rendered":"<p>Peppen Sie Ihre Freizeitkleidung mit der k\u00fchnen Eleganz von Napapijri auf. Dieses knackig wei\u00dfe, kurz\u00e4rmelige T-Shirt ist mit seinem raffinierten Rundhalsausschnitt und dem markanten Napapijri-Logo auf der Vorderseite ein auff\u00e4lliges St\u00fcck. Es ist perfekt f\u00fcr einen schicken, entspannten Look und besteht aus 100 % weicher Baumwolle, damit Sie sich den ganzen Tag \u00fcber wohlf\u00fchlen und [&hellip;]<\/p>","protected":false},"featured_media":317167,"template":"","meta":[],"product_brand":[2312],"product_cat":[1637,1623,1714],"product_tag":[],"class_list":{"0":"post-317169","1":"product","2":"type-product","3":"status-publish","4":"has-post-thumbnail","6":"product_brand-napapijri","7":"product_cat-frauen-kleidung","8":"product_cat-kleidung","9":"product_cat-oberteile-t-shirts","11":"first","12":"instock","13":"sale","14":"taxable","15":"shipping-taxable","16":"purchasable","17":"product-type-variable"},"_links":{"self":[{"href":"https:\/\/tpmadalina42.supserv.cozmoslabs.com\/fi\/wp-json\/wp\/v2\/product\/317169","targetHints":{"allow":["GET"]}}],"collection":[{"href":"https:\/\/tpmadalina42.supserv.cozmoslabs.com\/fi\/wp-json\/wp\/v2\/product"}],"about":[{"href":"https:\/\/tpmadalina42.supserv.cozmoslabs.com\/fi\/wp-json\/wp\/v2\/types\/product"}],"wp:featuredmedia":[{"embeddable":true,"href":"https:\/\/tpmadalina42.supserv.cozmoslabs.com\/fi\/wp-json\/wp\/v2\/media\/317167"}],"wp:attachment":[{"href":"https:\/\/tpmadalina42.supserv.cozmoslabs.com\/fi\/wp-json\/wp\/v2\/media?parent=317169"}],"wp:term":[{"taxonomy":"product_brand","embeddable":true,"href":"https:\/\/tpmadalina42.supserv.cozmoslabs.com\/fi\/wp-json\/wp\/v2\/product_brand?post=317169"},{"taxonomy":"product_cat","embeddable":true,"href":"https:\/\/tpmadalina42.supserv.cozmoslabs.com\/fi\/wp-json\/wp\/v2\/product_cat?post=317169"},{"taxonomy":"product_tag","embeddable":true,"href":"https:\/\/tpmadalina42.supserv.cozmoslabs.com\/fi\/wp-json\/wp\/v2\/product_tag?post=317169"}],"curies":[{"name":"wp","href":"https:\/\/api.w.org\/{rel}","templated":true}]}}