{"id":317407,"date":"2024-11-22T18:43:02","date_gmt":"2024-11-22T17:43:02","guid":{"rendered":"https:\/\/glandine.com\/product\/calvin-klein-schwarzer-baumwollpullover-fuer-maenner-10\/"},"modified":"2024-12-12T02:55:29","modified_gmt":"2024-12-12T01:55:29","slug":"calvin-klein-schwarzer-baumwollpullover-fuer-maenner-10","status":"publish","type":"product","link":"https:\/\/tpmadalina42.supserv.cozmoslabs.com\/fi\/tuote-2\/calvin-klein-schwarzer-baumwollpullover-fuer-maenner-10\/","title":{"rendered":"Calvin Klein Schwarzer Baumwollpullover f\u00fcr M\u00e4nner"},"content":{"rendered":"<p>G\u00f6nnen Sie sich die ultimative Mischung aus Komfort und Stil mit diesem Sweatshirt von Calvin Klein. Das Modell mit langen \u00c4rmeln und klassischem Rundhalsausschnitt wird durch einen auff\u00e4lligen Logoprint aufgewertet, der modernes Flair ausstrahlt. Das Sweatshirt ist aus einer hochwertigen Mischung aus 60 % Baumwolle und 40 % Polyester gefertigt und verspricht eine langlebige Erg\u00e4nzung Ihrer Garderobe zu sein. Dieses Sweatshirt h\u00e4lt Sie nicht nur kuschelig warm, sondern setzt auch ein starkes modisches Statement in zeitlosem Schwarz.<\/p>\n<p>Material: 60% Baumwolle, 40% Polyester<br \/>\nAlkuper\u00e4maa: BD<br \/>\nV\u00e4ri: Musta<\/p>","protected":false},"excerpt":{"rendered":"<p>G\u00f6nnen Sie sich die ultimative Mischung aus Komfort und Stil mit diesem Sweatshirt von Calvin Klein. Das Modell mit langen \u00c4rmeln und klassischem Rundhalsausschnitt wird durch einen auff\u00e4lligen Logoprint aufgewertet, der modernes Flair ausstrahlt. Das Sweatshirt ist aus einer hochwertigen Mischung aus 60 % Baumwolle und 40 % Polyester gefertigt und verspricht eine langlebige Erg\u00e4nzung [&hellip;]<\/p>","protected":false},"featured_media":317405,"template":"","meta":[],"product_brand":[2188],"product_cat":[1633,1623],"product_tag":[],"class_list":{"0":"post-317407","1":"product","2":"type-product","3":"status-publish","4":"has-post-thumbnail","6":"product_brand-calvin-klein","7":"product_cat-maenner-kleidung","8":"product_cat-kleidung","10":"first","11":"instock","12":"sale","13":"taxable","14":"shipping-taxable","15":"purchasable","16":"product-type-variable"},"_links":{"self":[{"href":"https:\/\/tpmadalina42.supserv.cozmoslabs.com\/fi\/wp-json\/wp\/v2\/product\/317407","targetHints":{"allow":["GET"]}}],"collection":[{"href":"https:\/\/tpmadalina42.supserv.cozmoslabs.com\/fi\/wp-json\/wp\/v2\/product"}],"about":[{"href":"https:\/\/tpmadalina42.supserv.cozmoslabs.com\/fi\/wp-json\/wp\/v2\/types\/product"}],"wp:featuredmedia":[{"embeddable":true,"href":"https:\/\/tpmadalina42.supserv.cozmoslabs.com\/fi\/wp-json\/wp\/v2\/media\/317405"}],"wp:attachment":[{"href":"https:\/\/tpmadalina42.supserv.cozmoslabs.com\/fi\/wp-json\/wp\/v2\/media?parent=317407"}],"wp:term":[{"taxonomy":"product_brand","embeddable":true,"href":"https:\/\/tpmadalina42.supserv.cozmoslabs.com\/fi\/wp-json\/wp\/v2\/product_brand?post=317407"},{"taxonomy":"product_cat","embeddable":true,"href":"https:\/\/tpmadalina42.supserv.cozmoslabs.com\/fi\/wp-json\/wp\/v2\/product_cat?post=317407"},{"taxonomy":"product_tag","embeddable":true,"href":"https:\/\/tpmadalina42.supserv.cozmoslabs.com\/fi\/wp-json\/wp\/v2\/product_tag?post=317407"}],"curies":[{"name":"wp","href":"https:\/\/api.w.org\/{rel}","templated":true}]}}