{"id":317443,"date":"2024-11-22T18:44:25","date_gmt":"2024-11-22T17:44:25","guid":{"rendered":"https:\/\/glandine.com\/product\/napapijri-gruene-polyamid-herren-jacke\/"},"modified":"2024-11-30T08:02:22","modified_gmt":"2024-11-30T07:02:22","slug":"napapijri-gruene-polyamid-herren-jacke","status":"publish","type":"product","link":"https:\/\/tpmadalina42.supserv.cozmoslabs.com\/fi\/tuote-2\/napapijri-gruene-polyamid-herren-jacke\/","title":{"rendered":"Napapijri Gr\u00fcne Polyamid Herren Jacke"},"content":{"rendered":"<p>Erleben Sie unvergleichlichen Komfort in kultigem Stil mit der Langarmjacke von Napapijri. Ein vielseitiges St\u00fcck f\u00fcr den modernen Mann. Das praktische Design verf\u00fcgt \u00fcber zwei Au\u00dfentaschen f\u00fcr Ihre Essentials und zwei Innentaschen f\u00fcr zus\u00e4tzliche Sicherheit. Das unverwechselbare Napapijri-Logo wird stolz zur Schau gestellt und erinnert jeden daran, dass Sie in High-End-Mode gekleidet sind. Der glatte Rei\u00dfverschluss und das geschmeidige gr\u00fcne Polyamidgewebe machen diese Jacke zu einem Must-Have f\u00fcr alle, die ein mutiges Statement setzen wollen. <\/p>\n<p>Materiaali: 100% polyamidi<br \/>\nAlkuper\u00e4maa: BD<br \/>\nV\u00e4ri: Vihre\u00e4<\/p>","protected":false},"excerpt":{"rendered":"<p>Erleben Sie unvergleichlichen Komfort in kultigem Stil mit der Langarmjacke von Napapijri. Ein vielseitiges St\u00fcck f\u00fcr den modernen Mann. Das praktische Design verf\u00fcgt \u00fcber zwei Au\u00dfentaschen f\u00fcr Ihre Essentials und zwei Innentaschen f\u00fcr zus\u00e4tzliche Sicherheit. Das unverwechselbare Napapijri-Logo wird stolz zur Schau gestellt und erinnert jeden daran, dass Sie in High-End-Mode gekleidet sind. Der glatte [&hellip;]<\/p>","protected":false},"featured_media":317440,"template":"","meta":[],"product_brand":[2312],"product_cat":[1633,1669,1623],"product_tag":[],"class_list":{"0":"post-317443","1":"product","2":"type-product","3":"status-publish","4":"has-post-thumbnail","6":"product_brand-napapijri","7":"product_cat-maenner-kleidung","8":"product_cat-jacken","9":"product_cat-kleidung","11":"first","12":"instock","13":"sale","14":"taxable","15":"shipping-taxable","16":"purchasable","17":"product-type-variable"},"_links":{"self":[{"href":"https:\/\/tpmadalina42.supserv.cozmoslabs.com\/fi\/wp-json\/wp\/v2\/product\/317443","targetHints":{"allow":["GET"]}}],"collection":[{"href":"https:\/\/tpmadalina42.supserv.cozmoslabs.com\/fi\/wp-json\/wp\/v2\/product"}],"about":[{"href":"https:\/\/tpmadalina42.supserv.cozmoslabs.com\/fi\/wp-json\/wp\/v2\/types\/product"}],"wp:featuredmedia":[{"embeddable":true,"href":"https:\/\/tpmadalina42.supserv.cozmoslabs.com\/fi\/wp-json\/wp\/v2\/media\/317440"}],"wp:attachment":[{"href":"https:\/\/tpmadalina42.supserv.cozmoslabs.com\/fi\/wp-json\/wp\/v2\/media?parent=317443"}],"wp:term":[{"taxonomy":"product_brand","embeddable":true,"href":"https:\/\/tpmadalina42.supserv.cozmoslabs.com\/fi\/wp-json\/wp\/v2\/product_brand?post=317443"},{"taxonomy":"product_cat","embeddable":true,"href":"https:\/\/tpmadalina42.supserv.cozmoslabs.com\/fi\/wp-json\/wp\/v2\/product_cat?post=317443"},{"taxonomy":"product_tag","embeddable":true,"href":"https:\/\/tpmadalina42.supserv.cozmoslabs.com\/fi\/wp-json\/wp\/v2\/product_tag?post=317443"}],"curies":[{"name":"wp","href":"https:\/\/api.w.org\/{rel}","templated":true}]}}