{"id":317458,"date":"2024-11-22T18:45:17","date_gmt":"2024-11-22T17:45:17","guid":{"rendered":"https:\/\/glandine.com\/product\/napapijri-roter-polyester-pullover-fuer-maenner\/"},"modified":"2024-11-30T08:02:35","modified_gmt":"2024-11-30T07:02:35","slug":"napapijri-roter-polyester-pullover-fuer-maenner","status":"publish","type":"product","link":"https:\/\/tpmadalina42.supserv.cozmoslabs.com\/fi\/tuote-2\/napapijri-roter-polyester-pullover-fuer-maenner\/","title":{"rendered":"Napapijri Roter Polyester-Pullover f\u00fcr M\u00e4nner"},"content":{"rendered":"<p>Erleben Sie die Verschmelzung von Nachhaltigkeit und Stil mit dem leuchtend roten Sweatshirt von Napapijri. Dieses Teil ist nicht nur ein Statement in Ihrem Kleiderschrank, sondern auch ein Bekenntnis zu umweltbewusster Mode, die zu 70 % aus recycelten Materialien hergestellt wird. Die langen \u00c4rmel, die kontrastierenden Details und die auff\u00e4llige Logo-Applikation sind ein echter Hingucker, w\u00e4hrend die zwei Au\u00dfen- und zwei Innentaschen daf\u00fcr sorgen, dass Funktionalit\u00e4t auf Mode trifft. Ziehen Sie den Rei\u00dfverschluss zu und gehen Sie hinaus in ein Kleidungsst\u00fcck, das mit jedem Faden den Geist des Abenteuers in sich tr\u00e4gt.<\/p>\n<p>Materiaali: 100% polyesteri<br \/>\nAlkuper\u00e4maa: ID<br \/>\nV\u00e4ri: punainen<br \/>\nExterne Taschen: 2<br \/>\nInnentaschen: 2<br \/>\nSulkeminen: vetoketju<br \/>\nDetails: Kontrastierend, Applikation, Logo<br \/>\nUmweltfreundlich: 70% recycelte Materialien<\/p>","protected":false},"excerpt":{"rendered":"<p>Erleben Sie die Verschmelzung von Nachhaltigkeit und Stil mit dem leuchtend roten Sweatshirt von Napapijri. Dieses Teil ist nicht nur ein Statement in Ihrem Kleiderschrank, sondern auch ein Bekenntnis zu umweltbewusster Mode, die zu 70 % aus recycelten Materialien hergestellt wird. Die langen \u00c4rmel, die kontrastierenden Details und die auff\u00e4llige Logo-Applikation sind ein echter Hingucker, [&hellip;]<\/p>","protected":false},"featured_media":317456,"template":"","meta":[],"product_brand":[2312],"product_cat":[1633,1623],"product_tag":[],"class_list":{"0":"post-317458","1":"product","2":"type-product","3":"status-publish","4":"has-post-thumbnail","6":"product_brand-napapijri","7":"product_cat-maenner-kleidung","8":"product_cat-kleidung","10":"first","11":"instock","12":"sale","13":"taxable","14":"shipping-taxable","15":"purchasable","16":"product-type-variable"},"_links":{"self":[{"href":"https:\/\/tpmadalina42.supserv.cozmoslabs.com\/fi\/wp-json\/wp\/v2\/product\/317458","targetHints":{"allow":["GET"]}}],"collection":[{"href":"https:\/\/tpmadalina42.supserv.cozmoslabs.com\/fi\/wp-json\/wp\/v2\/product"}],"about":[{"href":"https:\/\/tpmadalina42.supserv.cozmoslabs.com\/fi\/wp-json\/wp\/v2\/types\/product"}],"wp:featuredmedia":[{"embeddable":true,"href":"https:\/\/tpmadalina42.supserv.cozmoslabs.com\/fi\/wp-json\/wp\/v2\/media\/317456"}],"wp:attachment":[{"href":"https:\/\/tpmadalina42.supserv.cozmoslabs.com\/fi\/wp-json\/wp\/v2\/media?parent=317458"}],"wp:term":[{"taxonomy":"product_brand","embeddable":true,"href":"https:\/\/tpmadalina42.supserv.cozmoslabs.com\/fi\/wp-json\/wp\/v2\/product_brand?post=317458"},{"taxonomy":"product_cat","embeddable":true,"href":"https:\/\/tpmadalina42.supserv.cozmoslabs.com\/fi\/wp-json\/wp\/v2\/product_cat?post=317458"},{"taxonomy":"product_tag","embeddable":true,"href":"https:\/\/tpmadalina42.supserv.cozmoslabs.com\/fi\/wp-json\/wp\/v2\/product_tag?post=317458"}],"curies":[{"name":"wp","href":"https:\/\/api.w.org\/{rel}","templated":true}]}}