{"id":317750,"date":"2024-11-22T18:57:23","date_gmt":"2024-11-22T17:57:23","guid":{"rendered":"https:\/\/glandine.com\/product\/calvin-klein-gruener-polyester-herren-sneaker\/"},"modified":"2024-11-30T08:08:50","modified_gmt":"2024-11-30T07:08:50","slug":"calvin-klein-gruener-polyester-herren-sneaker","status":"publish","type":"product","link":"https:\/\/tpmadalina42.supserv.cozmoslabs.com\/fi\/tuote-2\/calvin-klein-gruener-polyester-herren-sneaker\/","title":{"rendered":"Calvin Klein Gr\u00fcner Polyester Herren Sneaker"},"content":{"rendered":"<p>Trauen Sie sich, in diesen Calvin Klein-Sportschuhen hervorzustechen und strahlen Sie bei jedem Schritt Selbstbewusstsein aus. Mit auff\u00e4lligen kontrastierenden Details und dem unverwechselbaren Calvin Klein-Logo sind diese Sneaker ein Zeugnis f\u00fcr Stil und Komfort. Sie sind f\u00fcr den modernen Mann gemacht, der einen k\u00fchnen Look mit der Funktionalit\u00e4t eines Sportschuhs kombiniert. Sie sind perfekt f\u00fcr legere Ausfl\u00fcge und f\u00fcr das Auftreten unterwegs. <\/p>\n<p>Material: 80% Polyester, 20% Baumwolle<br \/>\nAlkuper\u00e4maa: YK<br \/>\nV\u00e4ri: Vihre\u00e4<\/p>","protected":false},"excerpt":{"rendered":"<p>Trauen Sie sich, in diesen Calvin Klein-Sportschuhen hervorzustechen und strahlen Sie bei jedem Schritt Selbstbewusstsein aus. Mit auff\u00e4lligen kontrastierenden Details und dem unverwechselbaren Calvin Klein-Logo sind diese Sneaker ein Zeugnis f\u00fcr Stil und Komfort. Sie sind f\u00fcr den modernen Mann gemacht, der einen k\u00fchnen Look mit der Funktionalit\u00e4t eines Sportschuhs kombiniert. Sie sind perfekt f\u00fcr [&hellip;]<\/p>","protected":false},"featured_media":317747,"template":"","meta":[],"product_brand":[2188],"product_cat":[1634,1624,1702],"product_tag":[],"class_list":{"0":"post-317750","1":"product","2":"type-product","3":"status-publish","4":"has-post-thumbnail","6":"product_brand-calvin-klein","7":"product_cat-maenner-schuhe","8":"product_cat-schuhe","9":"product_cat-turnschuhe","11":"first","12":"instock","13":"sale","14":"taxable","15":"shipping-taxable","16":"purchasable","17":"product-type-variable"},"_links":{"self":[{"href":"https:\/\/tpmadalina42.supserv.cozmoslabs.com\/fi\/wp-json\/wp\/v2\/product\/317750","targetHints":{"allow":["GET"]}}],"collection":[{"href":"https:\/\/tpmadalina42.supserv.cozmoslabs.com\/fi\/wp-json\/wp\/v2\/product"}],"about":[{"href":"https:\/\/tpmadalina42.supserv.cozmoslabs.com\/fi\/wp-json\/wp\/v2\/types\/product"}],"wp:featuredmedia":[{"embeddable":true,"href":"https:\/\/tpmadalina42.supserv.cozmoslabs.com\/fi\/wp-json\/wp\/v2\/media\/317747"}],"wp:attachment":[{"href":"https:\/\/tpmadalina42.supserv.cozmoslabs.com\/fi\/wp-json\/wp\/v2\/media?parent=317750"}],"wp:term":[{"taxonomy":"product_brand","embeddable":true,"href":"https:\/\/tpmadalina42.supserv.cozmoslabs.com\/fi\/wp-json\/wp\/v2\/product_brand?post=317750"},{"taxonomy":"product_cat","embeddable":true,"href":"https:\/\/tpmadalina42.supserv.cozmoslabs.com\/fi\/wp-json\/wp\/v2\/product_cat?post=317750"},{"taxonomy":"product_tag","embeddable":true,"href":"https:\/\/tpmadalina42.supserv.cozmoslabs.com\/fi\/wp-json\/wp\/v2\/product_tag?post=317750"}],"curies":[{"name":"wp","href":"https:\/\/api.w.org\/{rel}","templated":true}]}}