{"id":317773,"date":"2024-11-22T18:58:23","date_gmt":"2024-11-22T17:58:23","guid":{"rendered":"https:\/\/glandine.com\/product\/calvin-klein-schwarzer-polyester-herren-sneaker-3\/"},"modified":"2024-11-30T08:09:06","modified_gmt":"2024-11-30T07:09:06","slug":"calvin-klein-schwarzer-polyester-herren-sneaker-3","status":"publish","type":"product","link":"https:\/\/tpmadalina42.supserv.cozmoslabs.com\/fi\/tuote-2\/calvin-klein-schwarzer-polyester-herren-sneaker-3\/","title":{"rendered":"Calvin Klein Schwarzer Polyester Herren Sneaker"},"content":{"rendered":"<p>Erh\u00f6hen Sie Ihren Streetwear-Style mit den neuesten Sneakers von Calvin Klein, die den Gipfel der urbanen Raffinesse verk\u00f6rpern. Diese f\u00fcr den modernen Mann entworfenen Sneaker sind in schlichtem Schwarz gehalten, das durch auff\u00e4llige Kontrastdetails und das ikonische Calvin Klein-Logo unterstrichen wird. So wird sichergestellt, dass Ihr Stil B\u00e4nde spricht, ohne ein Wort zu sagen. Perfekt f\u00fcr alle, die ihre Freizeitschuhe ernst nehmen und auf Schritt und Tritt ein m\u00fcheloses Statement abgeben wollen.<\/p>\n<p>Material: 90% Polyester, 10% Baumwolle<br \/>\nAlkuper\u00e4maa: YK<br \/>\nV\u00e4ri: Musta<\/p>","protected":false},"excerpt":{"rendered":"<p>Erh\u00f6hen Sie Ihren Streetwear-Style mit den neuesten Sneakers von Calvin Klein, die den Gipfel der urbanen Raffinesse verk\u00f6rpern. Diese f\u00fcr den modernen Mann entworfenen Sneaker sind in schlichtem Schwarz gehalten, das durch auff\u00e4llige Kontrastdetails und das ikonische Calvin Klein-Logo unterstrichen wird. So wird sichergestellt, dass Ihr Stil B\u00e4nde spricht, ohne ein Wort zu sagen. Perfekt [&hellip;]<\/p>","protected":false},"featured_media":317770,"template":"","meta":[],"product_brand":[2188],"product_cat":[1634,1624,1702],"product_tag":[],"class_list":{"0":"post-317773","1":"product","2":"type-product","3":"status-publish","4":"has-post-thumbnail","6":"product_brand-calvin-klein","7":"product_cat-maenner-schuhe","8":"product_cat-schuhe","9":"product_cat-turnschuhe","11":"first","12":"instock","13":"sale","14":"taxable","15":"shipping-taxable","16":"purchasable","17":"product-type-variable"},"_links":{"self":[{"href":"https:\/\/tpmadalina42.supserv.cozmoslabs.com\/fi\/wp-json\/wp\/v2\/product\/317773","targetHints":{"allow":["GET"]}}],"collection":[{"href":"https:\/\/tpmadalina42.supserv.cozmoslabs.com\/fi\/wp-json\/wp\/v2\/product"}],"about":[{"href":"https:\/\/tpmadalina42.supserv.cozmoslabs.com\/fi\/wp-json\/wp\/v2\/types\/product"}],"wp:featuredmedia":[{"embeddable":true,"href":"https:\/\/tpmadalina42.supserv.cozmoslabs.com\/fi\/wp-json\/wp\/v2\/media\/317770"}],"wp:attachment":[{"href":"https:\/\/tpmadalina42.supserv.cozmoslabs.com\/fi\/wp-json\/wp\/v2\/media?parent=317773"}],"wp:term":[{"taxonomy":"product_brand","embeddable":true,"href":"https:\/\/tpmadalina42.supserv.cozmoslabs.com\/fi\/wp-json\/wp\/v2\/product_brand?post=317773"},{"taxonomy":"product_cat","embeddable":true,"href":"https:\/\/tpmadalina42.supserv.cozmoslabs.com\/fi\/wp-json\/wp\/v2\/product_cat?post=317773"},{"taxonomy":"product_tag","embeddable":true,"href":"https:\/\/tpmadalina42.supserv.cozmoslabs.com\/fi\/wp-json\/wp\/v2\/product_tag?post=317773"}],"curies":[{"name":"wp","href":"https:\/\/api.w.org\/{rel}","templated":true}]}}