{"id":318105,"date":"2024-11-22T19:16:17","date_gmt":"2024-11-22T18:16:17","guid":{"rendered":"https:\/\/glandine.com\/product\/carrera-braun-eco-leder-herren-sneaker-2\/"},"modified":"2024-12-07T05:08:34","modified_gmt":"2024-12-07T04:08:34","slug":"carrera-braun-eco-leder-herren-sneaker-2","status":"publish","type":"product","link":"https:\/\/tpmadalina42.supserv.cozmoslabs.com\/fi\/tuote-2\/carrera-braun-eco-leder-herren-sneaker-2\/","title":{"rendered":"Carrera Braun ECO Leder Herren Sneaker"},"content":{"rendered":"<p>Entdecken Sie den Inbegriff von sportlicher Eleganz mit den neuen Carrera-Sneakern, bei denen Funktionalit\u00e4t auf modisches Feingef\u00fchl trifft. Die Schuhe sind mit auff\u00e4lligen Kontrastdetails und dem charakteristischen Carrera-Logo versehen und sorgen daf\u00fcr, dass Ihr Stil bei jedem Schritt hervorsticht. Entworfen f\u00fcr den modernen Mann, der sowohl in der Mode als auch im Leben mutige Schritte wagt. <\/p>\n<p>V\u00e4ri: Ruskea<br \/>\nMaterial: 20% Polyester, 50% Polyethylen, 30% ECO-Leder<br \/>\nAlkuper\u00e4maa: CN<\/p>","protected":false},"excerpt":{"rendered":"<p>Entdecken Sie den Inbegriff von sportlicher Eleganz mit den neuen Carrera-Sneakern, bei denen Funktionalit\u00e4t auf modisches Feingef\u00fchl trifft. Die Schuhe sind mit auff\u00e4lligen Kontrastdetails und dem charakteristischen Carrera-Logo versehen und sorgen daf\u00fcr, dass Ihr Stil bei jedem Schritt hervorsticht. Entworfen f\u00fcr den modernen Mann, der sowohl in der Mode als auch im Leben mutige Schritte [&hellip;]<\/p>","protected":false},"featured_media":318102,"template":"","meta":[],"product_brand":[2274],"product_cat":[1634,1624,1702],"product_tag":[],"class_list":{"0":"post-318105","1":"product","2":"type-product","3":"status-publish","4":"has-post-thumbnail","6":"product_brand-carrera","7":"product_cat-maenner-schuhe","8":"product_cat-schuhe","9":"product_cat-turnschuhe","11":"first","12":"instock","13":"sale","14":"taxable","15":"shipping-taxable","16":"purchasable","17":"product-type-variable"},"_links":{"self":[{"href":"https:\/\/tpmadalina42.supserv.cozmoslabs.com\/fi\/wp-json\/wp\/v2\/product\/318105","targetHints":{"allow":["GET"]}}],"collection":[{"href":"https:\/\/tpmadalina42.supserv.cozmoslabs.com\/fi\/wp-json\/wp\/v2\/product"}],"about":[{"href":"https:\/\/tpmadalina42.supserv.cozmoslabs.com\/fi\/wp-json\/wp\/v2\/types\/product"}],"wp:featuredmedia":[{"embeddable":true,"href":"https:\/\/tpmadalina42.supserv.cozmoslabs.com\/fi\/wp-json\/wp\/v2\/media\/318102"}],"wp:attachment":[{"href":"https:\/\/tpmadalina42.supserv.cozmoslabs.com\/fi\/wp-json\/wp\/v2\/media?parent=318105"}],"wp:term":[{"taxonomy":"product_brand","embeddable":true,"href":"https:\/\/tpmadalina42.supserv.cozmoslabs.com\/fi\/wp-json\/wp\/v2\/product_brand?post=318105"},{"taxonomy":"product_cat","embeddable":true,"href":"https:\/\/tpmadalina42.supserv.cozmoslabs.com\/fi\/wp-json\/wp\/v2\/product_cat?post=318105"},{"taxonomy":"product_tag","embeddable":true,"href":"https:\/\/tpmadalina42.supserv.cozmoslabs.com\/fi\/wp-json\/wp\/v2\/product_tag?post=318105"}],"curies":[{"name":"wp","href":"https:\/\/api.w.org\/{rel}","templated":true}]}}