{"id":318329,"date":"2024-11-22T19:25:49","date_gmt":"2024-11-22T18:25:49","guid":{"rendered":"https:\/\/glandine.com\/product\/plein-sport-graues-baumwolle-maenner-t-shirt-2\/"},"modified":"2024-11-30T08:23:34","modified_gmt":"2024-11-30T07:23:34","slug":"plein-sport-graues-baumwolle-maenner-t-shirt-2","status":"publish","type":"product","link":"https:\/\/tpmadalina42.supserv.cozmoslabs.com\/fi\/tuote-2\/plein-sport-graues-baumwolle-maenner-t-shirt-2\/","title":{"rendered":"Plein Sport Harmaa puuvillainen miesten t-paita"},"content":{"rendered":"<p>Mit dem grauen T-Shirt von Plein Sport wird Ihr Freizeitstil aufgewertet. Es verbindet l\u00e4ssigen Komfort mit der k\u00fchnen Eleganz der Marke. Kurze \u00c4rmel und ein klassischer Rundhalsausschnitt erhalten ein modernes Update mit auff\u00e4lligen kontrastierenden Details und dem charakteristischen Plein Sport-Logo auf der Vorderseite. Gefertigt aus 100 % Premium-Baumwolle f\u00fcr un\u00fcbertroffenen Komfort und Haltbarkeit. Dieses T-Shirt ist ein wahrer Beweis f\u00fcr die einzigartige Mischung aus Luxus und Sportlichkeit von Plein Sport. <\/p>\n<p>Materiaali: 100% puuvilla<br \/>\nHerkunftsland: JO<br \/>\nV\u00e4ri: Harmaa<\/p>","protected":false},"excerpt":{"rendered":"<p>Mit dem grauen T-Shirt von Plein Sport wird Ihr Freizeitstil aufgewertet. Es verbindet l\u00e4ssigen Komfort mit der k\u00fchnen Eleganz der Marke. Kurze \u00c4rmel und ein klassischer Rundhalsausschnitt erhalten ein modernes Update mit auff\u00e4lligen kontrastierenden Details und dem charakteristischen Plein Sport-Logo auf der Vorderseite. Gefertigt aus 100 % Premium-Baumwolle f\u00fcr un\u00fcbertroffenen Komfort und Haltbarkeit. Dieses T-Shirt [&hellip;]<\/p>","protected":false},"featured_media":318327,"template":"","meta":[],"product_brand":[2108],"product_cat":[1633,1623,1710],"product_tag":[],"class_list":{"0":"post-318329","1":"product","2":"type-product","3":"status-publish","4":"has-post-thumbnail","6":"product_brand-plein-sport","7":"product_cat-maenner-kleidung","8":"product_cat-kleidung","9":"product_cat-t-shirts","11":"first","12":"instock","13":"sale","14":"taxable","15":"shipping-taxable","16":"purchasable","17":"product-type-variable"},"_links":{"self":[{"href":"https:\/\/tpmadalina42.supserv.cozmoslabs.com\/fi\/wp-json\/wp\/v2\/product\/318329","targetHints":{"allow":["GET"]}}],"collection":[{"href":"https:\/\/tpmadalina42.supserv.cozmoslabs.com\/fi\/wp-json\/wp\/v2\/product"}],"about":[{"href":"https:\/\/tpmadalina42.supserv.cozmoslabs.com\/fi\/wp-json\/wp\/v2\/types\/product"}],"wp:featuredmedia":[{"embeddable":true,"href":"https:\/\/tpmadalina42.supserv.cozmoslabs.com\/fi\/wp-json\/wp\/v2\/media\/318327"}],"wp:attachment":[{"href":"https:\/\/tpmadalina42.supserv.cozmoslabs.com\/fi\/wp-json\/wp\/v2\/media?parent=318329"}],"wp:term":[{"taxonomy":"product_brand","embeddable":true,"href":"https:\/\/tpmadalina42.supserv.cozmoslabs.com\/fi\/wp-json\/wp\/v2\/product_brand?post=318329"},{"taxonomy":"product_cat","embeddable":true,"href":"https:\/\/tpmadalina42.supserv.cozmoslabs.com\/fi\/wp-json\/wp\/v2\/product_cat?post=318329"},{"taxonomy":"product_tag","embeddable":true,"href":"https:\/\/tpmadalina42.supserv.cozmoslabs.com\/fi\/wp-json\/wp\/v2\/product_tag?post=318329"}],"curies":[{"name":"wp","href":"https:\/\/api.w.org\/{rel}","templated":true}]}}