{"id":318558,"date":"2024-11-22T19:36:52","date_gmt":"2024-11-22T18:36:52","guid":{"rendered":"https:\/\/glandine.com\/product\/plein-sport-graues-baumwolle-maenner-t-shirt-4\/"},"modified":"2024-12-11T16:16:10","modified_gmt":"2024-12-11T15:16:10","slug":"plein-sport-graues-baumwolle-maenner-t-shirt-4","status":"publish","type":"product","link":"https:\/\/tpmadalina42.supserv.cozmoslabs.com\/fi\/tuote-2\/plein-sport-graues-baumwolle-maenner-t-shirt-4\/","title":{"rendered":"Plein Sport Harmaa puuvillainen miesten t-paita"},"content":{"rendered":"<p>Entfesseln Sie Ihren inneren Athleten mit dem Plein Sport Kurzarm-T-Shirt. Dieses Statement-Teil besticht durch einen auff\u00e4lligen, kontrastierenden Druck, der Aufmerksamkeit erregt, und ein unverwechselbares Logo, das Ihren luxuri\u00f6sen Geschmack widerspiegelt. Es besteht aus 100 % Baumwolle f\u00fcr ultimativen Komfort und Langlebigkeit und ist die perfekte Mischung aus High Fashion und Sportswear-Chic. Ob im Fitnessstudio oder auf der Stra\u00dfe, mit diesem T-Shirt machen Sie einen selbstbewussten, trendigen Eindruck.<\/p>\n<p>Materiaali: 100% puuvilla<br \/>\nHerkunftsland: JO<br \/>\nV\u00e4ri: Harmaa<\/p>","protected":false},"excerpt":{"rendered":"<p>Entfesseln Sie Ihren inneren Athleten mit dem Plein Sport Kurzarm-T-Shirt. Dieses Statement-Teil besticht durch einen auff\u00e4lligen, kontrastierenden Druck, der Aufmerksamkeit erregt, und ein unverwechselbares Logo, das Ihren luxuri\u00f6sen Geschmack widerspiegelt. Es besteht aus 100 % Baumwolle f\u00fcr ultimativen Komfort und Langlebigkeit und ist die perfekte Mischung aus High Fashion und Sportswear-Chic. Ob im Fitnessstudio oder [&hellip;]<\/p>","protected":false},"featured_media":318556,"template":"","meta":[],"product_brand":[2108],"product_cat":[1633,1623,1710],"product_tag":[],"class_list":{"0":"post-318558","1":"product","2":"type-product","3":"status-publish","4":"has-post-thumbnail","6":"product_brand-plein-sport","7":"product_cat-maenner-kleidung","8":"product_cat-kleidung","9":"product_cat-t-shirts","11":"first","12":"instock","13":"sale","14":"taxable","15":"shipping-taxable","16":"purchasable","17":"product-type-variable"},"_links":{"self":[{"href":"https:\/\/tpmadalina42.supserv.cozmoslabs.com\/fi\/wp-json\/wp\/v2\/product\/318558","targetHints":{"allow":["GET"]}}],"collection":[{"href":"https:\/\/tpmadalina42.supserv.cozmoslabs.com\/fi\/wp-json\/wp\/v2\/product"}],"about":[{"href":"https:\/\/tpmadalina42.supserv.cozmoslabs.com\/fi\/wp-json\/wp\/v2\/types\/product"}],"wp:featuredmedia":[{"embeddable":true,"href":"https:\/\/tpmadalina42.supserv.cozmoslabs.com\/fi\/wp-json\/wp\/v2\/media\/318556"}],"wp:attachment":[{"href":"https:\/\/tpmadalina42.supserv.cozmoslabs.com\/fi\/wp-json\/wp\/v2\/media?parent=318558"}],"wp:term":[{"taxonomy":"product_brand","embeddable":true,"href":"https:\/\/tpmadalina42.supserv.cozmoslabs.com\/fi\/wp-json\/wp\/v2\/product_brand?post=318558"},{"taxonomy":"product_cat","embeddable":true,"href":"https:\/\/tpmadalina42.supserv.cozmoslabs.com\/fi\/wp-json\/wp\/v2\/product_cat?post=318558"},{"taxonomy":"product_tag","embeddable":true,"href":"https:\/\/tpmadalina42.supserv.cozmoslabs.com\/fi\/wp-json\/wp\/v2\/product_tag?post=318558"}],"curies":[{"name":"wp","href":"https:\/\/api.w.org\/{rel}","templated":true}]}}