{"id":318761,"date":"2024-11-22T19:59:13","date_gmt":"2024-11-22T18:59:13","guid":{"rendered":"https:\/\/glandine.com\/product\/plein-sport-blau-baumwolle-maenner-t-shirt-8\/"},"modified":"2024-11-30T08:45:31","modified_gmt":"2024-11-30T07:45:31","slug":"plein-sport-blau-baumwolle-maenner-t-shirt-8","status":"publish","type":"product","link":"https:\/\/tpmadalina42.supserv.cozmoslabs.com\/fi\/tuote-2\/plein-sport-blau-baumwolle-maenner-t-shirt-8\/","title":{"rendered":"Plein Sport Sininen puuvillainen miesten T-paita"},"content":{"rendered":"<p>Mit diesem auff\u00e4lligen Kurzarm-T-Shirt von Plein Sport tauchen Sie ein in die Welt der Hightech-Mode. Das mit viel Liebe zum Detail gefertigte Shirt ist mit einer auff\u00e4lligen Applikation und dem kultigen Plein Sport-Logo versehen und setzt damit ein selbstbewusstes und stilvolles Statement. Perfekt f\u00fcr eine Person, die Aufmerksamkeit und Qualit\u00e4t sch\u00e4tzt. <\/p>\n<p>V\u00e4ri: Sininen<br \/>\nMateriaali: 100% puuvilla<br \/>\nHerkunftsland: JO<\/p>","protected":false},"excerpt":{"rendered":"<p>Mit diesem auff\u00e4lligen Kurzarm-T-Shirt von Plein Sport tauchen Sie ein in die Welt der Hightech-Mode. Das mit viel Liebe zum Detail gefertigte Shirt ist mit einer auff\u00e4lligen Applikation und dem kultigen Plein Sport-Logo versehen und setzt damit ein selbstbewusstes und stilvolles Statement. Perfekt f\u00fcr eine Person, die Aufmerksamkeit und Qualit\u00e4t sch\u00e4tzt. Farbe: Blau Material: 100% [&hellip;]<\/p>","protected":false},"featured_media":318759,"template":"","meta":[],"product_brand":[2108],"product_cat":[1633,1623,1710],"product_tag":[],"class_list":{"0":"post-318761","1":"product","2":"type-product","3":"status-publish","4":"has-post-thumbnail","6":"product_brand-plein-sport","7":"product_cat-maenner-kleidung","8":"product_cat-kleidung","9":"product_cat-t-shirts","11":"first","12":"instock","13":"sale","14":"taxable","15":"shipping-taxable","16":"purchasable","17":"product-type-variable"},"_links":{"self":[{"href":"https:\/\/tpmadalina42.supserv.cozmoslabs.com\/fi\/wp-json\/wp\/v2\/product\/318761","targetHints":{"allow":["GET"]}}],"collection":[{"href":"https:\/\/tpmadalina42.supserv.cozmoslabs.com\/fi\/wp-json\/wp\/v2\/product"}],"about":[{"href":"https:\/\/tpmadalina42.supserv.cozmoslabs.com\/fi\/wp-json\/wp\/v2\/types\/product"}],"wp:featuredmedia":[{"embeddable":true,"href":"https:\/\/tpmadalina42.supserv.cozmoslabs.com\/fi\/wp-json\/wp\/v2\/media\/318759"}],"wp:attachment":[{"href":"https:\/\/tpmadalina42.supserv.cozmoslabs.com\/fi\/wp-json\/wp\/v2\/media?parent=318761"}],"wp:term":[{"taxonomy":"product_brand","embeddable":true,"href":"https:\/\/tpmadalina42.supserv.cozmoslabs.com\/fi\/wp-json\/wp\/v2\/product_brand?post=318761"},{"taxonomy":"product_cat","embeddable":true,"href":"https:\/\/tpmadalina42.supserv.cozmoslabs.com\/fi\/wp-json\/wp\/v2\/product_cat?post=318761"},{"taxonomy":"product_tag","embeddable":true,"href":"https:\/\/tpmadalina42.supserv.cozmoslabs.com\/fi\/wp-json\/wp\/v2\/product_tag?post=318761"}],"curies":[{"name":"wp","href":"https:\/\/api.w.org\/{rel}","templated":true}]}}