{"id":318791,"date":"2024-11-22T20:00:49","date_gmt":"2024-11-22T19:00:49","guid":{"rendered":"https:\/\/glandine.com\/product\/plein-sport-blau-baumwolle-herren-tshirt\/"},"modified":"2024-12-12T02:43:33","modified_gmt":"2024-12-12T01:43:33","slug":"plein-sport-blau-baumwolle-herren-tshirt","status":"publish","type":"product","link":"https:\/\/tpmadalina42.supserv.cozmoslabs.com\/fi\/tuote-2\/plein-sport-blau-baumwolle-herren-tshirt\/","title":{"rendered":"Plein Sport Blau Baumwolle Herren TShirt"},"content":{"rendered":"<p>Peppen Sie Ihre Freizeitgarderobe mit dem markanten Stil von Plein Sport auf! Dieses T-Shirt mit kurzen \u00c4rmeln ist mit einem auff\u00e4lligen Print und dem unverwechselbaren Plein Sport-Logo versehen, das Ihren Geschmack f\u00fcr luxuri\u00f6se Sportbekleidung unterstreicht. Das T-Shirt mit Rundhalsausschnitt ist aus 100 % Baumwolle gefertigt und bietet ganzt\u00e4gigen Tragekomfort und eine perfekte Passform. Egal, ob Sie im Fitnessstudio oder auf der Stra\u00dfe unterwegs sind, Sie tragen die unvergleichliche Mode von Plein Sport.<\/p>\n<p>V\u00e4ri: Sininen<br \/>\nMateriaali: 100% puuvilla<br \/>\nHerkunftsland: JO<\/p>","protected":false},"excerpt":{"rendered":"<p>Peppen Sie Ihre Freizeitgarderobe mit dem markanten Stil von Plein Sport auf! Dieses T-Shirt mit kurzen \u00c4rmeln ist mit einem auff\u00e4lligen Print und dem unverwechselbaren Plein Sport-Logo versehen, das Ihren Geschmack f\u00fcr luxuri\u00f6se Sportbekleidung unterstreicht. Das T-Shirt mit Rundhalsausschnitt ist aus 100 % Baumwolle gefertigt und bietet ganzt\u00e4gigen Tragekomfort und eine perfekte Passform. Egal, ob [&hellip;]<\/p>","protected":false},"featured_media":318789,"template":"","meta":[],"product_brand":[2108],"product_cat":[1633,1623,1710],"product_tag":[],"class_list":{"0":"post-318791","1":"product","2":"type-product","3":"status-publish","4":"has-post-thumbnail","6":"product_brand-plein-sport","7":"product_cat-maenner-kleidung","8":"product_cat-kleidung","9":"product_cat-t-shirts","11":"first","12":"instock","13":"sale","14":"taxable","15":"shipping-taxable","16":"purchasable","17":"product-type-variable"},"_links":{"self":[{"href":"https:\/\/tpmadalina42.supserv.cozmoslabs.com\/fi\/wp-json\/wp\/v2\/product\/318791","targetHints":{"allow":["GET"]}}],"collection":[{"href":"https:\/\/tpmadalina42.supserv.cozmoslabs.com\/fi\/wp-json\/wp\/v2\/product"}],"about":[{"href":"https:\/\/tpmadalina42.supserv.cozmoslabs.com\/fi\/wp-json\/wp\/v2\/types\/product"}],"wp:featuredmedia":[{"embeddable":true,"href":"https:\/\/tpmadalina42.supserv.cozmoslabs.com\/fi\/wp-json\/wp\/v2\/media\/318789"}],"wp:attachment":[{"href":"https:\/\/tpmadalina42.supserv.cozmoslabs.com\/fi\/wp-json\/wp\/v2\/media?parent=318791"}],"wp:term":[{"taxonomy":"product_brand","embeddable":true,"href":"https:\/\/tpmadalina42.supserv.cozmoslabs.com\/fi\/wp-json\/wp\/v2\/product_brand?post=318791"},{"taxonomy":"product_cat","embeddable":true,"href":"https:\/\/tpmadalina42.supserv.cozmoslabs.com\/fi\/wp-json\/wp\/v2\/product_cat?post=318791"},{"taxonomy":"product_tag","embeddable":true,"href":"https:\/\/tpmadalina42.supserv.cozmoslabs.com\/fi\/wp-json\/wp\/v2\/product_tag?post=318791"}],"curies":[{"name":"wp","href":"https:\/\/api.w.org\/{rel}","templated":true}]}}