{"id":318878,"date":"2024-11-22T20:04:32","date_gmt":"2024-11-22T19:04:32","guid":{"rendered":"https:\/\/glandine.com\/product\/plein-sport-blau-baumwolle-herren-tshirt-2\/"},"modified":"2024-12-11T03:58:19","modified_gmt":"2024-12-11T02:58:19","slug":"plein-sport-blau-baumwolle-herren-tshirt-2","status":"publish","type":"product","link":"https:\/\/tpmadalina42.supserv.cozmoslabs.com\/fi\/tuote-2\/plein-sport-blau-baumwolle-herren-tshirt-2\/","title":{"rendered":"Plein Sport Blau Baumwolle Herren TShirt"},"content":{"rendered":"<p>Entfesseln Sie Ihren inneren Athleten mit dem atemberaubend mutigen Plein Sport-T-Shirt. Dieses kurz\u00e4rmelige Shirt mit auff\u00e4lligem Print und dem kultigen Plein Sport-Logo ist f\u00fcr alle, die sich trauen, aus der Masse herauszustechen, und ist damit mehr als nur Activewear &#8211; es ist ein Statement. Der luxuri\u00f6se Stoff aus 100 % Baumwolle sorgt f\u00fcr dauerhaften Komfort, egal ob Sie im Fitnessstudio oder auf der Stra\u00dfe unterwegs sind. Perfekt f\u00fcr Trendsetter, die sowohl Stil als auch Qualit\u00e4t suchen.<\/p>\n<p>V\u00e4ri: Sininen<br \/>\nMateriaali: 100% puuvilla<br \/>\nHerkunftsland: JO<\/p>","protected":false},"excerpt":{"rendered":"<p>Entfesseln Sie Ihren inneren Athleten mit dem atemberaubend mutigen Plein Sport-T-Shirt. Dieses kurz\u00e4rmelige Shirt mit auff\u00e4lligem Print und dem kultigen Plein Sport-Logo ist f\u00fcr alle, die sich trauen, aus der Masse herauszustechen, und ist damit mehr als nur Activewear &#8211; es ist ein Statement. Der luxuri\u00f6se Stoff aus 100 % Baumwolle sorgt f\u00fcr dauerhaften Komfort, [&hellip;]<\/p>","protected":false},"featured_media":318876,"template":"","meta":[],"product_brand":[2108],"product_cat":[1633,1623,1710],"product_tag":[],"class_list":{"0":"post-318878","1":"product","2":"type-product","3":"status-publish","4":"has-post-thumbnail","6":"product_brand-plein-sport","7":"product_cat-maenner-kleidung","8":"product_cat-kleidung","9":"product_cat-t-shirts","11":"first","12":"instock","13":"sale","14":"taxable","15":"shipping-taxable","16":"purchasable","17":"product-type-variable"},"_links":{"self":[{"href":"https:\/\/tpmadalina42.supserv.cozmoslabs.com\/fi\/wp-json\/wp\/v2\/product\/318878","targetHints":{"allow":["GET"]}}],"collection":[{"href":"https:\/\/tpmadalina42.supserv.cozmoslabs.com\/fi\/wp-json\/wp\/v2\/product"}],"about":[{"href":"https:\/\/tpmadalina42.supserv.cozmoslabs.com\/fi\/wp-json\/wp\/v2\/types\/product"}],"wp:featuredmedia":[{"embeddable":true,"href":"https:\/\/tpmadalina42.supserv.cozmoslabs.com\/fi\/wp-json\/wp\/v2\/media\/318876"}],"wp:attachment":[{"href":"https:\/\/tpmadalina42.supserv.cozmoslabs.com\/fi\/wp-json\/wp\/v2\/media?parent=318878"}],"wp:term":[{"taxonomy":"product_brand","embeddable":true,"href":"https:\/\/tpmadalina42.supserv.cozmoslabs.com\/fi\/wp-json\/wp\/v2\/product_brand?post=318878"},{"taxonomy":"product_cat","embeddable":true,"href":"https:\/\/tpmadalina42.supserv.cozmoslabs.com\/fi\/wp-json\/wp\/v2\/product_cat?post=318878"},{"taxonomy":"product_tag","embeddable":true,"href":"https:\/\/tpmadalina42.supserv.cozmoslabs.com\/fi\/wp-json\/wp\/v2\/product_tag?post=318878"}],"curies":[{"name":"wp","href":"https:\/\/api.w.org\/{rel}","templated":true}]}}