{"id":318977,"date":"2024-11-22T20:10:11","date_gmt":"2024-11-22T19:10:11","guid":{"rendered":"https:\/\/glandine.com\/product\/plein-sport-blauer-baumwollpullover-fuer-maenner-6\/"},"modified":"2024-12-02T15:41:02","modified_gmt":"2024-12-02T14:41:02","slug":"plein-sport-blauer-baumwollpullover-fuer-maenner-6","status":"publish","type":"product","link":"https:\/\/tpmadalina42.supserv.cozmoslabs.com\/fi\/tuote-2\/plein-sport-blauer-baumwollpullover-fuer-maenner-6\/","title":{"rendered":"Plein Sport Blauer Puuvillainen miesten pusero"},"content":{"rendered":"<p>Tauchen Sie ein in den sportlichen Luxus mit dem blauen Sweatshirt von Plein Sport, einer perfekten Verschmelzung von High-Fashion und sportlichem Charme. Das Sweatshirt mit dem markanten Rundhalsausschnitt und den kontrastierenden Details, die Selbstvertrauen ausstrahlen, ist f\u00fcr Mutige gemacht. Das ikonische Logo der Marke wird durch einen auff\u00e4lligen Druck in Szene gesetzt und macht das Sweatshirt zu einem Highlight in jeder modebewussten Garderobe. Genie\u00dfen Sie den Komfort eines hochwertigen Baumwoll-Polyester-Gemischs und lassen Sie sich von der feinen Handwerkskunst der Marke JO begeistern. Erh\u00f6hen Sie Ihren Stil mit dieser unverwechselbaren Kreation von Plein Sport.<\/p>\n<p>Material: 52% Baumwolle, 48% Polyester<br \/>\nHerkunftsland: JO<br \/>\nV\u00e4ri: Sininen<\/p>","protected":false},"excerpt":{"rendered":"<p>Tauchen Sie ein in den sportlichen Luxus mit dem blauen Sweatshirt von Plein Sport, einer perfekten Verschmelzung von High-Fashion und sportlichem Charme. Das Sweatshirt mit dem markanten Rundhalsausschnitt und den kontrastierenden Details, die Selbstvertrauen ausstrahlen, ist f\u00fcr Mutige gemacht. Das ikonische Logo der Marke wird durch einen auff\u00e4lligen Druck in Szene gesetzt und macht das [&hellip;]<\/p>","protected":false},"featured_media":318975,"template":"","meta":[],"product_brand":[2108],"product_cat":[1633,1623],"product_tag":[],"class_list":{"0":"post-318977","1":"product","2":"type-product","3":"status-publish","4":"has-post-thumbnail","6":"product_brand-plein-sport","7":"product_cat-maenner-kleidung","8":"product_cat-kleidung","10":"first","11":"instock","12":"sale","13":"taxable","14":"shipping-taxable","15":"purchasable","16":"product-type-variable"},"_links":{"self":[{"href":"https:\/\/tpmadalina42.supserv.cozmoslabs.com\/fi\/wp-json\/wp\/v2\/product\/318977","targetHints":{"allow":["GET"]}}],"collection":[{"href":"https:\/\/tpmadalina42.supserv.cozmoslabs.com\/fi\/wp-json\/wp\/v2\/product"}],"about":[{"href":"https:\/\/tpmadalina42.supserv.cozmoslabs.com\/fi\/wp-json\/wp\/v2\/types\/product"}],"wp:featuredmedia":[{"embeddable":true,"href":"https:\/\/tpmadalina42.supserv.cozmoslabs.com\/fi\/wp-json\/wp\/v2\/media\/318975"}],"wp:attachment":[{"href":"https:\/\/tpmadalina42.supserv.cozmoslabs.com\/fi\/wp-json\/wp\/v2\/media?parent=318977"}],"wp:term":[{"taxonomy":"product_brand","embeddable":true,"href":"https:\/\/tpmadalina42.supserv.cozmoslabs.com\/fi\/wp-json\/wp\/v2\/product_brand?post=318977"},{"taxonomy":"product_cat","embeddable":true,"href":"https:\/\/tpmadalina42.supserv.cozmoslabs.com\/fi\/wp-json\/wp\/v2\/product_cat?post=318977"},{"taxonomy":"product_tag","embeddable":true,"href":"https:\/\/tpmadalina42.supserv.cozmoslabs.com\/fi\/wp-json\/wp\/v2\/product_tag?post=318977"}],"curies":[{"name":"wp","href":"https:\/\/api.w.org\/{rel}","templated":true}]}}