{"id":319043,"date":"2024-11-22T20:13:32","date_gmt":"2024-11-22T19:13:32","guid":{"rendered":"https:\/\/glandine.com\/product\/napapijri-weisser-baumwollpullover-fuer-maenner-2\/"},"modified":"2024-12-09T20:45:37","modified_gmt":"2024-12-09T19:45:37","slug":"napapijri-weisser-baumwollpullover-fuer-maenner-2","status":"publish","type":"product","link":"https:\/\/tpmadalina42.supserv.cozmoslabs.com\/fi\/tuote-2\/napapijri-weisser-baumwollpullover-fuer-maenner-2\/","title":{"rendered":"Napapijri Wei\u00dfer Baumwollpullover f\u00fcr M\u00e4nner"},"content":{"rendered":"<p>Peppen Sie Ihre Freizeitgarderobe auf mit dem lang\u00e4rmeligen Sweatshirt von Napapijri, einer Mischung aus Komfort und trendigem Stil. Dieses Kapuzenwunder verf\u00fcgt \u00fcber eine bequeme zentrale Tasche mit einem eleganten Rei\u00dfverschluss, ideal, um Ihre Essentials unterwegs zu sichern. Das Sweatshirt ist mit einem auff\u00e4lligen Print und dem kultigen Napapijri-Logo verziert und setzt ein unverwechselbares Zeichen f\u00fcr das Prestige der Marke. Aus 100 % Baumwolle gefertigt, ist sie den ganzen Tag \u00fcber bequem und atmungsaktiv. Dieses makellose wei\u00dfe St\u00fcck bringt m\u00fchelose Raffinesse in Ihre entspannten Ensembles. <\/p>\n<p>Materiaali: 100% puuvilla<br \/>\nAlkuper\u00e4maa: BD<br \/>\nV\u00e4ri: Valkoinen<\/p>","protected":false},"excerpt":{"rendered":"<p>Peppen Sie Ihre Freizeitgarderobe auf mit dem lang\u00e4rmeligen Sweatshirt von Napapijri, einer Mischung aus Komfort und trendigem Stil. Dieses Kapuzenwunder verf\u00fcgt \u00fcber eine bequeme zentrale Tasche mit einem eleganten Rei\u00dfverschluss, ideal, um Ihre Essentials unterwegs zu sichern. Das Sweatshirt ist mit einem auff\u00e4lligen Print und dem kultigen Napapijri-Logo verziert und setzt ein unverwechselbares Zeichen f\u00fcr [&hellip;]<\/p>","protected":false},"featured_media":319041,"template":"","meta":[],"product_brand":[2312],"product_cat":[1633,1623],"product_tag":[],"class_list":{"0":"post-319043","1":"product","2":"type-product","3":"status-publish","4":"has-post-thumbnail","6":"product_brand-napapijri","7":"product_cat-maenner-kleidung","8":"product_cat-kleidung","10":"first","11":"instock","12":"sale","13":"taxable","14":"shipping-taxable","15":"purchasable","16":"product-type-variable"},"_links":{"self":[{"href":"https:\/\/tpmadalina42.supserv.cozmoslabs.com\/fi\/wp-json\/wp\/v2\/product\/319043","targetHints":{"allow":["GET"]}}],"collection":[{"href":"https:\/\/tpmadalina42.supserv.cozmoslabs.com\/fi\/wp-json\/wp\/v2\/product"}],"about":[{"href":"https:\/\/tpmadalina42.supserv.cozmoslabs.com\/fi\/wp-json\/wp\/v2\/types\/product"}],"wp:featuredmedia":[{"embeddable":true,"href":"https:\/\/tpmadalina42.supserv.cozmoslabs.com\/fi\/wp-json\/wp\/v2\/media\/319041"}],"wp:attachment":[{"href":"https:\/\/tpmadalina42.supserv.cozmoslabs.com\/fi\/wp-json\/wp\/v2\/media?parent=319043"}],"wp:term":[{"taxonomy":"product_brand","embeddable":true,"href":"https:\/\/tpmadalina42.supserv.cozmoslabs.com\/fi\/wp-json\/wp\/v2\/product_brand?post=319043"},{"taxonomy":"product_cat","embeddable":true,"href":"https:\/\/tpmadalina42.supserv.cozmoslabs.com\/fi\/wp-json\/wp\/v2\/product_cat?post=319043"},{"taxonomy":"product_tag","embeddable":true,"href":"https:\/\/tpmadalina42.supserv.cozmoslabs.com\/fi\/wp-json\/wp\/v2\/product_tag?post=319043"}],"curies":[{"name":"wp","href":"https:\/\/api.w.org\/{rel}","templated":true}]}}