{"id":319213,"date":"2024-11-22T20:23:24","date_gmt":"2024-11-22T19:23:24","guid":{"rendered":"https:\/\/glandine.com\/product\/gant-gelbes-baumwoll-poloshirt-fuer-maenner\/"},"modified":"2024-11-30T09:09:16","modified_gmt":"2024-11-30T08:09:16","slug":"gant-gelbes-baumwoll-poloshirt-fuer-maenner","status":"publish","type":"product","link":"https:\/\/tpmadalina42.supserv.cozmoslabs.com\/fi\/tuote-2\/gant-gelbes-baumwoll-poloshirt-fuer-maenner\/","title":{"rendered":"Gant Gelbes Baumwoll-Poloshirt f\u00fcr M\u00e4nner"},"content":{"rendered":"<p>Erleben Sie die zeitlose Eleganz von Gant mit diesem leuchtenden Kurzarm-Poloshirt, einer perfekten Mischung aus Komfort und Stil. Es ist aus 100% Premium-Baumwolle gefertigt und verf\u00fcgt \u00fcber eine klassische Zweiknopfleiste, eine elegante einzelne Tasche und das ikonische gestickte Gant-Logo. Dieses Poloshirt in kr\u00e4ftigem Gelb wurde f\u00fcr den modernen Mann entworfen und sorgt daf\u00fcr, dass Sie in jeder Umgebung auffallen und gleichzeitig m\u00fchelosen Schick ausstrahlen. <\/p>\n<p>Materiaali: 100% puuvilla<br \/>\nAlkuper\u00e4maa: CN<br \/>\nV\u00e4ri: Keltainen<\/p>","protected":false},"excerpt":{"rendered":"<p>Erleben Sie die zeitlose Eleganz von Gant mit diesem leuchtenden Kurzarm-Poloshirt, einer perfekten Mischung aus Komfort und Stil. Es ist aus 100% Premium-Baumwolle gefertigt und verf\u00fcgt \u00fcber eine klassische Zweiknopfleiste, eine elegante einzelne Tasche und das ikonische gestickte Gant-Logo. Dieses Poloshirt in kr\u00e4ftigem Gelb wurde f\u00fcr den modernen Mann entworfen und sorgt daf\u00fcr, dass Sie [&hellip;]<\/p>","protected":false},"featured_media":319211,"template":"","meta":[],"product_brand":[2273],"product_cat":[1633,1623,1738],"product_tag":[],"class_list":{"0":"post-319213","1":"product","2":"type-product","3":"status-publish","4":"has-post-thumbnail","6":"product_brand-gant","7":"product_cat-maenner-kleidung","8":"product_cat-kleidung","9":"product_cat-polohemd","11":"first","12":"instock","13":"sale","14":"taxable","15":"shipping-taxable","16":"purchasable","17":"product-type-variable"},"_links":{"self":[{"href":"https:\/\/tpmadalina42.supserv.cozmoslabs.com\/fi\/wp-json\/wp\/v2\/product\/319213","targetHints":{"allow":["GET"]}}],"collection":[{"href":"https:\/\/tpmadalina42.supserv.cozmoslabs.com\/fi\/wp-json\/wp\/v2\/product"}],"about":[{"href":"https:\/\/tpmadalina42.supserv.cozmoslabs.com\/fi\/wp-json\/wp\/v2\/types\/product"}],"wp:featuredmedia":[{"embeddable":true,"href":"https:\/\/tpmadalina42.supserv.cozmoslabs.com\/fi\/wp-json\/wp\/v2\/media\/319211"}],"wp:attachment":[{"href":"https:\/\/tpmadalina42.supserv.cozmoslabs.com\/fi\/wp-json\/wp\/v2\/media?parent=319213"}],"wp:term":[{"taxonomy":"product_brand","embeddable":true,"href":"https:\/\/tpmadalina42.supserv.cozmoslabs.com\/fi\/wp-json\/wp\/v2\/product_brand?post=319213"},{"taxonomy":"product_cat","embeddable":true,"href":"https:\/\/tpmadalina42.supserv.cozmoslabs.com\/fi\/wp-json\/wp\/v2\/product_cat?post=319213"},{"taxonomy":"product_tag","embeddable":true,"href":"https:\/\/tpmadalina42.supserv.cozmoslabs.com\/fi\/wp-json\/wp\/v2\/product_tag?post=319213"}],"curies":[{"name":"wp","href":"https:\/\/api.w.org\/{rel}","templated":true}]}}