{"id":319238,"date":"2024-11-22T20:25:14","date_gmt":"2024-11-22T19:25:14","guid":{"rendered":"https:\/\/glandine.com\/product\/gant-gelbes-baumwoll-poloshirt-fuer-maenner-2\/"},"modified":"2024-12-13T02:11:42","modified_gmt":"2024-12-13T01:11:42","slug":"gant-gelbes-baumwoll-poloshirt-fuer-maenner-2","status":"publish","type":"product","link":"https:\/\/tpmadalina42.supserv.cozmoslabs.com\/fi\/tuote-2\/gant-gelbes-baumwoll-poloshirt-fuer-maenner-2\/","title":{"rendered":"Gant Gelbes Baumwoll-Poloshirt f\u00fcr M\u00e4nner"},"content":{"rendered":"<p>Mit dem lang\u00e4rmeligen Poloshirt von Gant sind Sie stilvoll unterwegs. Dieses auff\u00e4llige gelbe Polo strahlt mit seinen subtilen kontrastierenden Details und dem charakteristischen gestickten Logo Selbstvertrauen und Raffinesse aus, was es zu einer unverzichtbaren Erg\u00e4nzung f\u00fcr jede modebewusste Garderobe macht. Das Material aus 100 % Baumwolle sorgt f\u00fcr Atmungsaktivit\u00e4t und Komfort, w\u00e4hrend das klassische Drei-Knopf-Design einen Hauch von zeitloser Eleganz verleiht. Perfekt f\u00fcr den Gentleman, der hochwertige Kleidungsst\u00fccke mit einem modernen Touch zu sch\u00e4tzen wei\u00df.<\/p>\n<p>Materiaali: 100% puuvilla<br \/>\nAlkuper\u00e4maa: CN<br \/>\nV\u00e4ri: Keltainen<\/p>","protected":false},"excerpt":{"rendered":"<p>Mit dem lang\u00e4rmeligen Poloshirt von Gant sind Sie stilvoll unterwegs. Dieses auff\u00e4llige gelbe Polo strahlt mit seinen subtilen kontrastierenden Details und dem charakteristischen gestickten Logo Selbstvertrauen und Raffinesse aus, was es zu einer unverzichtbaren Erg\u00e4nzung f\u00fcr jede modebewusste Garderobe macht. Das Material aus 100 % Baumwolle sorgt f\u00fcr Atmungsaktivit\u00e4t und Komfort, w\u00e4hrend das klassische Drei-Knopf-Design [&hellip;]<\/p>","protected":false},"featured_media":319236,"template":"","meta":[],"product_brand":[2273],"product_cat":[1633,1623,1738],"product_tag":[],"class_list":{"0":"post-319238","1":"product","2":"type-product","3":"status-publish","4":"has-post-thumbnail","6":"product_brand-gant","7":"product_cat-maenner-kleidung","8":"product_cat-kleidung","9":"product_cat-polohemd","11":"first","12":"instock","13":"sale","14":"taxable","15":"shipping-taxable","16":"purchasable","17":"product-type-variable"},"_links":{"self":[{"href":"https:\/\/tpmadalina42.supserv.cozmoslabs.com\/fi\/wp-json\/wp\/v2\/product\/319238","targetHints":{"allow":["GET"]}}],"collection":[{"href":"https:\/\/tpmadalina42.supserv.cozmoslabs.com\/fi\/wp-json\/wp\/v2\/product"}],"about":[{"href":"https:\/\/tpmadalina42.supserv.cozmoslabs.com\/fi\/wp-json\/wp\/v2\/types\/product"}],"wp:featuredmedia":[{"embeddable":true,"href":"https:\/\/tpmadalina42.supserv.cozmoslabs.com\/fi\/wp-json\/wp\/v2\/media\/319236"}],"wp:attachment":[{"href":"https:\/\/tpmadalina42.supserv.cozmoslabs.com\/fi\/wp-json\/wp\/v2\/media?parent=319238"}],"wp:term":[{"taxonomy":"product_brand","embeddable":true,"href":"https:\/\/tpmadalina42.supserv.cozmoslabs.com\/fi\/wp-json\/wp\/v2\/product_brand?post=319238"},{"taxonomy":"product_cat","embeddable":true,"href":"https:\/\/tpmadalina42.supserv.cozmoslabs.com\/fi\/wp-json\/wp\/v2\/product_cat?post=319238"},{"taxonomy":"product_tag","embeddable":true,"href":"https:\/\/tpmadalina42.supserv.cozmoslabs.com\/fi\/wp-json\/wp\/v2\/product_tag?post=319238"}],"curies":[{"name":"wp","href":"https:\/\/api.w.org\/{rel}","templated":true}]}}