{"id":319328,"date":"2024-11-22T20:30:15","date_gmt":"2024-11-22T19:30:15","guid":{"rendered":"https:\/\/glandine.com\/product\/napapijri-grauer-baumwollpullover-fuer-maenner-8\/"},"modified":"2024-11-30T09:13:13","modified_gmt":"2024-11-30T08:13:13","slug":"napapijri-grauer-baumwollpullover-fuer-maenner-8","status":"publish","type":"product","link":"https:\/\/tpmadalina42.supserv.cozmoslabs.com\/fi\/tuote-2\/napapijri-grauer-baumwollpullover-fuer-maenner-8\/","title":{"rendered":"Napapijri Grauer Baumwollpullover f\u00fcr M\u00e4nner"},"content":{"rendered":"<p>Peppen Sie Ihre Freizeitgarderobe mit dem Napapijri Kapuzensweatshirt auf, einer perfekten Mischung aus Komfort und Stil. Dieses lang\u00e4rmelige, graue Meisterwerk zeigt einen auff\u00e4lligen Druck und das kultige Napapijri-Logo, eine Fusion aus hochwertiger Handwerkskunst und zukunftsweisendem Design. Das weiche, strapazierf\u00e4hige Material aus 80 % Baumwolle und 20 % Polyester verspricht W\u00e4rme und ein angenehmes Tragegef\u00fchl f\u00fcr jeden entspannten Anlass oder abenteuerlichen Ausflug.<\/p>\n<p>Material: 80 % Baumwolle, 20 % Polyester<br \/>\nAlkuper\u00e4maa: TR<br \/>\nV\u00e4ri: Harmaa<\/p>","protected":false},"excerpt":{"rendered":"<p>Peppen Sie Ihre Freizeitgarderobe mit dem Napapijri Kapuzensweatshirt auf, einer perfekten Mischung aus Komfort und Stil. Dieses lang\u00e4rmelige, graue Meisterwerk zeigt einen auff\u00e4lligen Druck und das kultige Napapijri-Logo, eine Fusion aus hochwertiger Handwerkskunst und zukunftsweisendem Design. Das weiche, strapazierf\u00e4hige Material aus 80 % Baumwolle und 20 % Polyester verspricht W\u00e4rme und ein angenehmes Tragegef\u00fchl f\u00fcr [&hellip;]<\/p>","protected":false},"featured_media":319325,"template":"","meta":[],"product_brand":[2312],"product_cat":[1633,1623],"product_tag":[],"class_list":{"0":"post-319328","1":"product","2":"type-product","3":"status-publish","4":"has-post-thumbnail","6":"product_brand-napapijri","7":"product_cat-maenner-kleidung","8":"product_cat-kleidung","10":"first","11":"instock","12":"sale","13":"taxable","14":"shipping-taxable","15":"purchasable","16":"product-type-variable"},"_links":{"self":[{"href":"https:\/\/tpmadalina42.supserv.cozmoslabs.com\/fi\/wp-json\/wp\/v2\/product\/319328","targetHints":{"allow":["GET"]}}],"collection":[{"href":"https:\/\/tpmadalina42.supserv.cozmoslabs.com\/fi\/wp-json\/wp\/v2\/product"}],"about":[{"href":"https:\/\/tpmadalina42.supserv.cozmoslabs.com\/fi\/wp-json\/wp\/v2\/types\/product"}],"wp:featuredmedia":[{"embeddable":true,"href":"https:\/\/tpmadalina42.supserv.cozmoslabs.com\/fi\/wp-json\/wp\/v2\/media\/319325"}],"wp:attachment":[{"href":"https:\/\/tpmadalina42.supserv.cozmoslabs.com\/fi\/wp-json\/wp\/v2\/media?parent=319328"}],"wp:term":[{"taxonomy":"product_brand","embeddable":true,"href":"https:\/\/tpmadalina42.supserv.cozmoslabs.com\/fi\/wp-json\/wp\/v2\/product_brand?post=319328"},{"taxonomy":"product_cat","embeddable":true,"href":"https:\/\/tpmadalina42.supserv.cozmoslabs.com\/fi\/wp-json\/wp\/v2\/product_cat?post=319328"},{"taxonomy":"product_tag","embeddable":true,"href":"https:\/\/tpmadalina42.supserv.cozmoslabs.com\/fi\/wp-json\/wp\/v2\/product_tag?post=319328"}],"curies":[{"name":"wp","href":"https:\/\/api.w.org\/{rel}","templated":true}]}}