{"id":319499,"date":"2024-11-22T20:39:16","date_gmt":"2024-11-22T19:39:16","guid":{"rendered":"https:\/\/glandine.com\/product\/tommy-hilfiger-blauer-baumwollpullover-fuer-maenner-5\/"},"modified":"2024-12-11T04:05:09","modified_gmt":"2024-12-11T03:05:09","slug":"tommy-hilfiger-blauer-baumwollpullover-fuer-maenner-5","status":"publish","type":"product","link":"https:\/\/tpmadalina42.supserv.cozmoslabs.com\/fi\/tuote-2\/tommy-hilfiger-blauer-baumwollpullover-fuer-maenner-5\/","title":{"rendered":"Tommy Hilfiger Blauer Baumwollpullover f\u00fcr M\u00e4nner"},"content":{"rendered":"<p>H\u00fcllen Sie sich in den Inbegriff von l\u00e4ssigem Luxus mit diesem Tommy Hilfiger Sweatshirt. Dieses Sweatshirt f\u00fcr alle, die eine Mischung aus Komfort und Stil zu sch\u00e4tzen wissen, verf\u00fcgt \u00fcber eine praktische Kapuze und eine gro\u00dfe Tasche in der Mitte, in der Sie Ihre wichtigsten Utensilien verstauen oder Ihre H\u00e4nde warm halten k\u00f6nnen. Das hochwertige Baumwoll-Polyester-Gewebe sorgt f\u00fcr Langlebigkeit und ein weiches Tragegef\u00fchl, w\u00e4hrend die kultige Tommy Hilfiger-Stickerei dem klassischen Blauton einen Hauch von Eleganz verleiht. Ideal f\u00fcr saisonale \u00dcberg\u00e4nge und ein mutiges Statement f\u00fcr die moderne Garderobe.<\/p>\n<p>Material: 60% Baumwolle, 40% Polyester<br \/>\nAlkuper\u00e4maa: BD<br \/>\nV\u00e4ri: Sininen<\/p>","protected":false},"excerpt":{"rendered":"<p>H\u00fcllen Sie sich in den Inbegriff von l\u00e4ssigem Luxus mit diesem Tommy Hilfiger Sweatshirt. Dieses Sweatshirt f\u00fcr alle, die eine Mischung aus Komfort und Stil zu sch\u00e4tzen wissen, verf\u00fcgt \u00fcber eine praktische Kapuze und eine gro\u00dfe Tasche in der Mitte, in der Sie Ihre wichtigsten Utensilien verstauen oder Ihre H\u00e4nde warm halten k\u00f6nnen. Das hochwertige [&hellip;]<\/p>","protected":false},"featured_media":319497,"template":"","meta":[],"product_brand":[2177],"product_cat":[1633,1623],"product_tag":[],"class_list":{"0":"post-319499","1":"product","2":"type-product","3":"status-publish","4":"has-post-thumbnail","6":"product_brand-tommy-hilfiger","7":"product_cat-maenner-kleidung","8":"product_cat-kleidung","10":"first","11":"instock","12":"sale","13":"taxable","14":"shipping-taxable","15":"purchasable","16":"product-type-variable"},"_links":{"self":[{"href":"https:\/\/tpmadalina42.supserv.cozmoslabs.com\/fi\/wp-json\/wp\/v2\/product\/319499","targetHints":{"allow":["GET"]}}],"collection":[{"href":"https:\/\/tpmadalina42.supserv.cozmoslabs.com\/fi\/wp-json\/wp\/v2\/product"}],"about":[{"href":"https:\/\/tpmadalina42.supserv.cozmoslabs.com\/fi\/wp-json\/wp\/v2\/types\/product"}],"wp:featuredmedia":[{"embeddable":true,"href":"https:\/\/tpmadalina42.supserv.cozmoslabs.com\/fi\/wp-json\/wp\/v2\/media\/319497"}],"wp:attachment":[{"href":"https:\/\/tpmadalina42.supserv.cozmoslabs.com\/fi\/wp-json\/wp\/v2\/media?parent=319499"}],"wp:term":[{"taxonomy":"product_brand","embeddable":true,"href":"https:\/\/tpmadalina42.supserv.cozmoslabs.com\/fi\/wp-json\/wp\/v2\/product_brand?post=319499"},{"taxonomy":"product_cat","embeddable":true,"href":"https:\/\/tpmadalina42.supserv.cozmoslabs.com\/fi\/wp-json\/wp\/v2\/product_cat?post=319499"},{"taxonomy":"product_tag","embeddable":true,"href":"https:\/\/tpmadalina42.supserv.cozmoslabs.com\/fi\/wp-json\/wp\/v2\/product_tag?post=319499"}],"curies":[{"name":"wp","href":"https:\/\/api.w.org\/{rel}","templated":true}]}}