{"id":319601,"date":"2024-11-22T20:46:17","date_gmt":"2024-11-22T19:46:17","guid":{"rendered":"https:\/\/glandine.com\/product\/calvin-klein-rosa-polyethylen-geldboerse-fuer-frauen\/"},"modified":"2024-12-09T16:46:35","modified_gmt":"2024-12-09T15:46:35","slug":"calvin-klein-rosa-polyethylen-geldboerse-fuer-frauen","status":"publish","type":"product","link":"https:\/\/tpmadalina42.supserv.cozmoslabs.com\/fi\/tuote-2\/calvin-klein-rosa-polyethylen-geldboerse-fuer-frauen\/","title":{"rendered":"Calvin Klein Rosa Polyethylen Geldb\u00f6rse f\u00fcr Frauen"},"content":{"rendered":"<p>G\u00f6nnen Sie sich den Inbegriff von Raffinesse mit diesem exquisiten Calvin Klein Portemonnaie, bei dem Funktionalit\u00e4t auf modischen Charme trifft. Ihr praktisches Design bietet zwei Hauptf\u00e4cher und ein spezielles M\u00fcnzfach, erg\u00e4nzt durch eine Reihe von Kartenf\u00e4chern, um Ihre wichtigsten Dinge zu organisieren. Das Portemonnaie ist mit einer RFID-Blockierungstechnologie ausgestattet, um Ihre pers\u00f6nlichen Daten zu sch\u00fctzen, und wird mit einem schicken Rei\u00dfverschluss verschlossen. Der kr\u00e4ftige rosa Farbton ist ein Statement f\u00fcr sich und wird durch das kultige Calvin Klein-Logo akzentuiert, das einen zus\u00e4tzlichen Hauch von Luxus verleiht. Es ist nicht nur ein Portemonnaie, sondern ein modisches Accessoire f\u00fcr die moderne Frau.<\/p>\n<p>Materiaali: 100% polyeteeni<br \/>\nHerkunftsland: KH<br \/>\nV\u00e4ri: Pinkki<\/p>","protected":false},"excerpt":{"rendered":"<p>G\u00f6nnen Sie sich den Inbegriff von Raffinesse mit diesem exquisiten Calvin Klein Portemonnaie, bei dem Funktionalit\u00e4t auf modischen Charme trifft. Ihr praktisches Design bietet zwei Hauptf\u00e4cher und ein spezielles M\u00fcnzfach, erg\u00e4nzt durch eine Reihe von Kartenf\u00e4chern, um Ihre wichtigsten Dinge zu organisieren. Das Portemonnaie ist mit einer RFID-Blockierungstechnologie ausgestattet, um Ihre pers\u00f6nlichen Daten zu sch\u00fctzen, [&hellip;]<\/p>","protected":false},"featured_media":319598,"template":"","meta":[],"product_brand":[2188],"product_cat":[1630,1722],"product_tag":[],"class_list":{"0":"post-319601","1":"product","2":"type-product","3":"status-publish","4":"has-post-thumbnail","6":"product_brand-calvin-klein","7":"product_cat-frauen","8":"product_cat-geldboersen-frauen","10":"first","11":"instock","12":"sale","13":"taxable","14":"shipping-taxable","15":"purchasable","16":"product-type-simple"},"_links":{"self":[{"href":"https:\/\/tpmadalina42.supserv.cozmoslabs.com\/fi\/wp-json\/wp\/v2\/product\/319601","targetHints":{"allow":["GET"]}}],"collection":[{"href":"https:\/\/tpmadalina42.supserv.cozmoslabs.com\/fi\/wp-json\/wp\/v2\/product"}],"about":[{"href":"https:\/\/tpmadalina42.supserv.cozmoslabs.com\/fi\/wp-json\/wp\/v2\/types\/product"}],"wp:featuredmedia":[{"embeddable":true,"href":"https:\/\/tpmadalina42.supserv.cozmoslabs.com\/fi\/wp-json\/wp\/v2\/media\/319598"}],"wp:attachment":[{"href":"https:\/\/tpmadalina42.supserv.cozmoslabs.com\/fi\/wp-json\/wp\/v2\/media?parent=319601"}],"wp:term":[{"taxonomy":"product_brand","embeddable":true,"href":"https:\/\/tpmadalina42.supserv.cozmoslabs.com\/fi\/wp-json\/wp\/v2\/product_brand?post=319601"},{"taxonomy":"product_cat","embeddable":true,"href":"https:\/\/tpmadalina42.supserv.cozmoslabs.com\/fi\/wp-json\/wp\/v2\/product_cat?post=319601"},{"taxonomy":"product_tag","embeddable":true,"href":"https:\/\/tpmadalina42.supserv.cozmoslabs.com\/fi\/wp-json\/wp\/v2\/product_tag?post=319601"}],"curies":[{"name":"wp","href":"https:\/\/api.w.org\/{rel}","templated":true}]}}