{"id":319809,"date":"2024-11-22T21:04:26","date_gmt":"2024-11-22T20:04:26","guid":{"rendered":"https:\/\/glandine.com\/product\/calvin-klein-schwarzes-polyethylen-portemonnaie-fuer-frauen-11\/"},"modified":"2024-12-10T17:32:51","modified_gmt":"2024-12-10T16:32:51","slug":"calvin-klein-schwarzes-polyethylen-portemonnaie-fuer-frauen-11","status":"publish","type":"product","link":"https:\/\/tpmadalina42.supserv.cozmoslabs.com\/fi\/tuote-2\/calvin-klein-schwarzes-polyethylen-portemonnaie-fuer-frauen-11\/","title":{"rendered":"Calvin Klein musta polyeteenilompakko naisille"},"content":{"rendered":"<p>Entdecken Sie den Inbegriff von Raffinesse mit dieser eleganten Calvin Klein Brieftasche. Sie wurde f\u00fcr den modernen Trendsetter entworfen und verf\u00fcgt \u00fcber f\u00fcnf praktische F\u00e4cher, darunter spezielle Kartenf\u00e4cher, die sicherstellen, dass Ihre wichtigsten Dinge stilvoll organisiert sind. Der sichere Rei\u00dfverschluss erg\u00e4nzt das schlanke Profil, w\u00e4hrend das unverwechselbare Calvin Klein-Logo einen Hauch von raffiniertem Luxus verstr\u00f6mt. Dieses Portemonnaie eignet sich f\u00fcr jeden Anlass und ist das ultimative Accessoire f\u00fcr ein mutiges Modestatement.<\/p>\n<p>Materiaali: 100% polyeteeni<br \/>\nAlkuper\u00e4maa: CN<br \/>\nV\u00e4ri: Musta<\/p>","protected":false},"excerpt":{"rendered":"<p>Entdecken Sie den Inbegriff von Raffinesse mit dieser eleganten Calvin Klein Brieftasche. Sie wurde f\u00fcr den modernen Trendsetter entworfen und verf\u00fcgt \u00fcber f\u00fcnf praktische F\u00e4cher, darunter spezielle Kartenf\u00e4cher, die sicherstellen, dass Ihre wichtigsten Dinge stilvoll organisiert sind. Der sichere Rei\u00dfverschluss erg\u00e4nzt das schlanke Profil, w\u00e4hrend das unverwechselbare Calvin Klein-Logo einen Hauch von raffiniertem Luxus verstr\u00f6mt. [&hellip;]<\/p>","protected":false},"featured_media":319806,"template":"","meta":[],"product_brand":[2188],"product_cat":[1630,1722],"product_tag":[],"class_list":{"0":"post-319809","1":"product","2":"type-product","3":"status-publish","4":"has-post-thumbnail","6":"product_brand-calvin-klein","7":"product_cat-frauen","8":"product_cat-geldboersen-frauen","10":"first","11":"instock","12":"sale","13":"taxable","14":"shipping-taxable","15":"purchasable","16":"product-type-simple"},"_links":{"self":[{"href":"https:\/\/tpmadalina42.supserv.cozmoslabs.com\/fi\/wp-json\/wp\/v2\/product\/319809","targetHints":{"allow":["GET"]}}],"collection":[{"href":"https:\/\/tpmadalina42.supserv.cozmoslabs.com\/fi\/wp-json\/wp\/v2\/product"}],"about":[{"href":"https:\/\/tpmadalina42.supserv.cozmoslabs.com\/fi\/wp-json\/wp\/v2\/types\/product"}],"wp:featuredmedia":[{"embeddable":true,"href":"https:\/\/tpmadalina42.supserv.cozmoslabs.com\/fi\/wp-json\/wp\/v2\/media\/319806"}],"wp:attachment":[{"href":"https:\/\/tpmadalina42.supserv.cozmoslabs.com\/fi\/wp-json\/wp\/v2\/media?parent=319809"}],"wp:term":[{"taxonomy":"product_brand","embeddable":true,"href":"https:\/\/tpmadalina42.supserv.cozmoslabs.com\/fi\/wp-json\/wp\/v2\/product_brand?post=319809"},{"taxonomy":"product_cat","embeddable":true,"href":"https:\/\/tpmadalina42.supserv.cozmoslabs.com\/fi\/wp-json\/wp\/v2\/product_cat?post=319809"},{"taxonomy":"product_tag","embeddable":true,"href":"https:\/\/tpmadalina42.supserv.cozmoslabs.com\/fi\/wp-json\/wp\/v2\/product_tag?post=319809"}],"curies":[{"name":"wp","href":"https:\/\/api.w.org\/{rel}","templated":true}]}}