{"id":319861,"date":"2024-11-22T21:09:11","date_gmt":"2024-11-22T20:09:11","guid":{"rendered":"https:\/\/glandine.com\/product\/tommy-hilfiger-schwarzes-polyethylen-portemonnaie-fuer-frauen-12\/"},"modified":"2024-12-10T06:18:48","modified_gmt":"2024-12-10T05:18:48","slug":"tommy-hilfiger-schwarzes-polyethylen-portemonnaie-fuer-frauen-12","status":"publish","type":"product","link":"https:\/\/tpmadalina42.supserv.cozmoslabs.com\/fi\/tuote-2\/tommy-hilfiger-schwarzes-polyethylen-portemonnaie-fuer-frauen-12\/","title":{"rendered":"Tommy Hilfiger musta polyeteenilompakko naisille"},"content":{"rendered":"<p>Die Tommy Hilfiger Brieftasche ist ein elegantes Accessoire f\u00fcr Ihren Alltag. Dieses Accessoire wurde f\u00fcr den modernen, mobilen Menschen entworfen und verf\u00fcgt \u00fcber f\u00fcnf funktionale F\u00e4cher, darunter einen sicheren M\u00fcnzhalter. Ordnen Sie Ihre Karten in den strukturierten Innenf\u00e4chern, die alle sicher mit einem Rei\u00dfverschluss verschlossen sind. Mit dem ikonischen Tommy Hilfiger-Logo ist dieses Portemonnaie ein echtes Zeugnis f\u00fcr Stil mit Substanz. <\/p>\n<p>Materiaali: 100% polyeteeni<br \/>\nHerkunftsland: KH<br \/>\nV\u00e4ri: Musta<\/p>","protected":false},"excerpt":{"rendered":"<p>Die Tommy Hilfiger Brieftasche ist ein elegantes Accessoire f\u00fcr Ihren Alltag. Dieses Accessoire wurde f\u00fcr den modernen, mobilen Menschen entworfen und verf\u00fcgt \u00fcber f\u00fcnf funktionale F\u00e4cher, darunter einen sicheren M\u00fcnzhalter. Ordnen Sie Ihre Karten in den strukturierten Innenf\u00e4chern, die alle sicher mit einem Rei\u00dfverschluss verschlossen sind. Mit dem ikonischen Tommy Hilfiger-Logo ist dieses Portemonnaie ein [&hellip;]<\/p>","protected":false},"featured_media":319858,"template":"","meta":[],"product_brand":[2177],"product_cat":[1630,1722],"product_tag":[],"class_list":{"0":"post-319861","1":"product","2":"type-product","3":"status-publish","4":"has-post-thumbnail","6":"product_brand-tommy-hilfiger","7":"product_cat-frauen","8":"product_cat-geldboersen-frauen","10":"first","11":"instock","12":"sale","13":"taxable","14":"shipping-taxable","15":"purchasable","16":"product-type-simple"},"_links":{"self":[{"href":"https:\/\/tpmadalina42.supserv.cozmoslabs.com\/fi\/wp-json\/wp\/v2\/product\/319861","targetHints":{"allow":["GET"]}}],"collection":[{"href":"https:\/\/tpmadalina42.supserv.cozmoslabs.com\/fi\/wp-json\/wp\/v2\/product"}],"about":[{"href":"https:\/\/tpmadalina42.supserv.cozmoslabs.com\/fi\/wp-json\/wp\/v2\/types\/product"}],"wp:featuredmedia":[{"embeddable":true,"href":"https:\/\/tpmadalina42.supserv.cozmoslabs.com\/fi\/wp-json\/wp\/v2\/media\/319858"}],"wp:attachment":[{"href":"https:\/\/tpmadalina42.supserv.cozmoslabs.com\/fi\/wp-json\/wp\/v2\/media?parent=319861"}],"wp:term":[{"taxonomy":"product_brand","embeddable":true,"href":"https:\/\/tpmadalina42.supserv.cozmoslabs.com\/fi\/wp-json\/wp\/v2\/product_brand?post=319861"},{"taxonomy":"product_cat","embeddable":true,"href":"https:\/\/tpmadalina42.supserv.cozmoslabs.com\/fi\/wp-json\/wp\/v2\/product_cat?post=319861"},{"taxonomy":"product_tag","embeddable":true,"href":"https:\/\/tpmadalina42.supserv.cozmoslabs.com\/fi\/wp-json\/wp\/v2\/product_tag?post=319861"}],"curies":[{"name":"wp","href":"https:\/\/api.w.org\/{rel}","templated":true}]}}