{"id":320053,"date":"2024-11-22T21:25:30","date_gmt":"2024-11-22T20:25:30","guid":{"rendered":"https:\/\/glandine.com\/product\/gant-lila-baumwolle-maenner-shirt\/"},"modified":"2024-12-12T02:44:10","modified_gmt":"2024-12-12T01:44:10","slug":"gant-lila-baumwolle-maenner-shirt","status":"publish","type":"product","link":"https:\/\/tpmadalina42.supserv.cozmoslabs.com\/fi\/tuote-2\/gant-lila-baumwolle-maenner-shirt\/","title":{"rendered":"Gant Lila Baumwolle M\u00e4nner Shirt"},"content":{"rendered":"<p>Mit diesem k\u00f6niglichen lilafarbenen Hemd von Gant, das f\u00fcr den modernen Mann, der klassischen Charme zu sch\u00e4tzen wei\u00df, ma\u00dfgeschneidert ist, k\u00f6nnen Sie Ihren Stil m\u00fchelos aufwerten. Dieses regul\u00e4re Langarmhemd, das mit seinen zwei Taschen und dem italienischen Kragen die perfekte Mischung aus funktionellem Design bietet, ist ein Beweis f\u00fcr Gants Engagement f\u00fcr Qualit\u00e4t und Raffinesse. Das ikonische Gant-Logo und die raffinierten 1-Knopf-Manschetten sind ein Hinweis auf den anspruchsvollen Geschmack des Tr\u00e4gers. Machen Sie dieses Modell zu Ihrem festen Bestandteil der Garderobe und beherrschen Sie jeden Raum mit Selbstvertrauen.<\/p>\n<p>Materiaali: 100% puuvilla<br \/>\nAlkuper\u00e4maa: IN<br \/>\nV\u00e4ri: violetti<\/p>","protected":false},"excerpt":{"rendered":"<p>Mit diesem k\u00f6niglichen lilafarbenen Hemd von Gant, das f\u00fcr den modernen Mann, der klassischen Charme zu sch\u00e4tzen wei\u00df, ma\u00dfgeschneidert ist, k\u00f6nnen Sie Ihren Stil m\u00fchelos aufwerten. Dieses regul\u00e4re Langarmhemd, das mit seinen zwei Taschen und dem italienischen Kragen die perfekte Mischung aus funktionellem Design bietet, ist ein Beweis f\u00fcr Gants Engagement f\u00fcr Qualit\u00e4t und Raffinesse. [&hellip;]<\/p>","protected":false},"featured_media":320050,"template":"","meta":[],"product_brand":[2273],"product_cat":[1695,1633,1623],"product_tag":[],"class_list":{"0":"post-320053","1":"product","2":"type-product","3":"status-publish","4":"has-post-thumbnail","6":"product_brand-gant","7":"product_cat-hemden","8":"product_cat-maenner-kleidung","9":"product_cat-kleidung","11":"first","12":"instock","13":"sale","14":"taxable","15":"shipping-taxable","16":"purchasable","17":"product-type-variable"},"_links":{"self":[{"href":"https:\/\/tpmadalina42.supserv.cozmoslabs.com\/fi\/wp-json\/wp\/v2\/product\/320053","targetHints":{"allow":["GET"]}}],"collection":[{"href":"https:\/\/tpmadalina42.supserv.cozmoslabs.com\/fi\/wp-json\/wp\/v2\/product"}],"about":[{"href":"https:\/\/tpmadalina42.supserv.cozmoslabs.com\/fi\/wp-json\/wp\/v2\/types\/product"}],"wp:featuredmedia":[{"embeddable":true,"href":"https:\/\/tpmadalina42.supserv.cozmoslabs.com\/fi\/wp-json\/wp\/v2\/media\/320050"}],"wp:attachment":[{"href":"https:\/\/tpmadalina42.supserv.cozmoslabs.com\/fi\/wp-json\/wp\/v2\/media?parent=320053"}],"wp:term":[{"taxonomy":"product_brand","embeddable":true,"href":"https:\/\/tpmadalina42.supserv.cozmoslabs.com\/fi\/wp-json\/wp\/v2\/product_brand?post=320053"},{"taxonomy":"product_cat","embeddable":true,"href":"https:\/\/tpmadalina42.supserv.cozmoslabs.com\/fi\/wp-json\/wp\/v2\/product_cat?post=320053"},{"taxonomy":"product_tag","embeddable":true,"href":"https:\/\/tpmadalina42.supserv.cozmoslabs.com\/fi\/wp-json\/wp\/v2\/product_tag?post=320053"}],"curies":[{"name":"wp","href":"https:\/\/api.w.org\/{rel}","templated":true}]}}