{"id":320244,"date":"2024-11-22T21:39:34","date_gmt":"2024-11-22T20:39:34","guid":{"rendered":"https:\/\/glandine.com\/product\/calvin-klein-schwarzes-polyester-herren-portemonnaie-3\/"},"modified":"2024-12-11T04:07:27","modified_gmt":"2024-12-11T03:07:27","slug":"calvin-klein-schwarzes-polyester-herren-portemonnaie-3","status":"publish","type":"product","link":"https:\/\/tpmadalina42.supserv.cozmoslabs.com\/fi\/tuote-2\/calvin-klein-schwarzes-polyester-herren-portemonnaie-3\/","title":{"rendered":"Calvin Klein miesten musta polyesterilompakko"},"content":{"rendered":"<p>Das Calvin Klein Portemonnaie ist eine Kombination aus Funktionalit\u00e4t und Minimalismus, die einen Hauch von schlichtem Chic ausstrahlt. Dieses schlichte, schwarze Accessoire besticht durch sein stromlinienf\u00f6rmiges Design, das durch kontrastierende Details und das ikonische Calvin Klein-Logo unterstrichen wird und ein sofortiges Statement darstellt. Mit seinen durchdachten F\u00e4chern und doppeltem Platz f\u00fcr Karten bietet es h\u00f6chste Ordnung und Schutz mit einer integrierten RFID-Sperre zum Schutz Ihrer pers\u00f6nlichen Daten. Dieses Portemonnaie ist eine stilvolle Symphonie aus Form und Sicherheit und ist ein Beweis f\u00fcr moderne Eleganz.<\/p>\n<p>&#8211; Material: 51% Polyester, 49% Polyethylen<br \/>\n\u2013 Alkuper\u00e4maa: CN<br \/>\n- V\u00e4ri: Musta<br \/>\n&#8211; RFID-Blockierfunktion<\/p>","protected":false},"excerpt":{"rendered":"<p>Das Calvin Klein Portemonnaie ist eine Kombination aus Funktionalit\u00e4t und Minimalismus, die einen Hauch von schlichtem Chic ausstrahlt. Dieses schlichte, schwarze Accessoire besticht durch sein stromlinienf\u00f6rmiges Design, das durch kontrastierende Details und das ikonische Calvin Klein-Logo unterstrichen wird und ein sofortiges Statement darstellt. Mit seinen durchdachten F\u00e4chern und doppeltem Platz f\u00fcr Karten bietet es h\u00f6chste [&hellip;]<\/p>","protected":false},"featured_media":320241,"template":"","meta":[],"product_brand":[2188],"product_cat":[1721,1629],"product_tag":[],"class_list":{"0":"post-320244","1":"product","2":"type-product","3":"status-publish","4":"has-post-thumbnail","6":"product_brand-calvin-klein","7":"product_cat-geldboersen","8":"product_cat-maenner","10":"first","11":"instock","12":"sale","13":"taxable","14":"shipping-taxable","15":"purchasable","16":"product-type-simple"},"_links":{"self":[{"href":"https:\/\/tpmadalina42.supserv.cozmoslabs.com\/fi\/wp-json\/wp\/v2\/product\/320244","targetHints":{"allow":["GET"]}}],"collection":[{"href":"https:\/\/tpmadalina42.supserv.cozmoslabs.com\/fi\/wp-json\/wp\/v2\/product"}],"about":[{"href":"https:\/\/tpmadalina42.supserv.cozmoslabs.com\/fi\/wp-json\/wp\/v2\/types\/product"}],"wp:featuredmedia":[{"embeddable":true,"href":"https:\/\/tpmadalina42.supserv.cozmoslabs.com\/fi\/wp-json\/wp\/v2\/media\/320241"}],"wp:attachment":[{"href":"https:\/\/tpmadalina42.supserv.cozmoslabs.com\/fi\/wp-json\/wp\/v2\/media?parent=320244"}],"wp:term":[{"taxonomy":"product_brand","embeddable":true,"href":"https:\/\/tpmadalina42.supserv.cozmoslabs.com\/fi\/wp-json\/wp\/v2\/product_brand?post=320244"},{"taxonomy":"product_cat","embeddable":true,"href":"https:\/\/tpmadalina42.supserv.cozmoslabs.com\/fi\/wp-json\/wp\/v2\/product_cat?post=320244"},{"taxonomy":"product_tag","embeddable":true,"href":"https:\/\/tpmadalina42.supserv.cozmoslabs.com\/fi\/wp-json\/wp\/v2\/product_tag?post=320244"}],"curies":[{"name":"wp","href":"https:\/\/api.w.org\/{rel}","templated":true}]}}