{"id":320256,"date":"2024-11-22T21:40:40","date_gmt":"2024-11-22T20:40:40","guid":{"rendered":"https:\/\/glandine.com\/product\/calvin-klein-schwarzes-polyethylen-herren-portemonnaie-3\/"},"modified":"2024-12-07T13:08:39","modified_gmt":"2024-12-07T12:08:39","slug":"calvin-klein-schwarzes-polyethylen-herren-portemonnaie-3","status":"publish","type":"product","link":"https:\/\/tpmadalina42.supserv.cozmoslabs.com\/fi\/tuote-2\/calvin-klein-schwarzes-polyethylen-herren-portemonnaie-3\/","title":{"rendered":"Calvin Klein musta polyeteeninen miesten lompakko"},"content":{"rendered":"<p>Mit der eleganten Raffinesse dieser Calvin Klein Brieftasche k\u00f6nnen Sie Ihre Accessoires aufwerten. Sie wurde f\u00fcr den modernen Menschen entworfen und verf\u00fcgt \u00fcber eine Reihe praktischer Funktionen, darunter ein spezielles Fach, ein sicheres M\u00fcnzfach und zahlreiche F\u00e4cher f\u00fcr Ihre Karten. Die integrierte RFID-Blockierungstechnologie sorgt daf\u00fcr, dass Ihre pers\u00f6nlichen Daten vor unbefugtem Scannen gesch\u00fctzt bleiben. Mit einer raffinierten Kombination aus Rei\u00dfverschluss und Schnappverschluss und dem kultigen Calvin Klein-Logo ist dieses Portemonnaie mehr als nur ein funktionales St\u00fcck &#8211; es ist ein Statement.<\/p>\n<p>Materiaali: 100% polyeteeni<br \/>\nAlkuper\u00e4maa: CN<br \/>\nV\u00e4ri: Musta<br \/>\nVerschluss: Rei\u00dfverschluss und Druckknopf<br \/>\nMerkmale: RFID-Block, separates Fach, M\u00fcnzfach, Kartenf\u00e4cher<\/p>","protected":false},"excerpt":{"rendered":"<p>Mit der eleganten Raffinesse dieser Calvin Klein Brieftasche k\u00f6nnen Sie Ihre Accessoires aufwerten. Sie wurde f\u00fcr den modernen Menschen entworfen und verf\u00fcgt \u00fcber eine Reihe praktischer Funktionen, darunter ein spezielles Fach, ein sicheres M\u00fcnzfach und zahlreiche F\u00e4cher f\u00fcr Ihre Karten. Die integrierte RFID-Blockierungstechnologie sorgt daf\u00fcr, dass Ihre pers\u00f6nlichen Daten vor unbefugtem Scannen gesch\u00fctzt bleiben. Mit [&hellip;]<\/p>","protected":false},"featured_media":320253,"template":"","meta":[],"product_brand":[2188],"product_cat":[1721,1629],"product_tag":[],"class_list":{"0":"post-320256","1":"product","2":"type-product","3":"status-publish","4":"has-post-thumbnail","6":"product_brand-calvin-klein","7":"product_cat-geldboersen","8":"product_cat-maenner","10":"first","11":"instock","12":"sale","13":"taxable","14":"shipping-taxable","15":"purchasable","16":"product-type-simple"},"_links":{"self":[{"href":"https:\/\/tpmadalina42.supserv.cozmoslabs.com\/fi\/wp-json\/wp\/v2\/product\/320256","targetHints":{"allow":["GET"]}}],"collection":[{"href":"https:\/\/tpmadalina42.supserv.cozmoslabs.com\/fi\/wp-json\/wp\/v2\/product"}],"about":[{"href":"https:\/\/tpmadalina42.supserv.cozmoslabs.com\/fi\/wp-json\/wp\/v2\/types\/product"}],"wp:featuredmedia":[{"embeddable":true,"href":"https:\/\/tpmadalina42.supserv.cozmoslabs.com\/fi\/wp-json\/wp\/v2\/media\/320253"}],"wp:attachment":[{"href":"https:\/\/tpmadalina42.supserv.cozmoslabs.com\/fi\/wp-json\/wp\/v2\/media?parent=320256"}],"wp:term":[{"taxonomy":"product_brand","embeddable":true,"href":"https:\/\/tpmadalina42.supserv.cozmoslabs.com\/fi\/wp-json\/wp\/v2\/product_brand?post=320256"},{"taxonomy":"product_cat","embeddable":true,"href":"https:\/\/tpmadalina42.supserv.cozmoslabs.com\/fi\/wp-json\/wp\/v2\/product_cat?post=320256"},{"taxonomy":"product_tag","embeddable":true,"href":"https:\/\/tpmadalina42.supserv.cozmoslabs.com\/fi\/wp-json\/wp\/v2\/product_tag?post=320256"}],"curies":[{"name":"wp","href":"https:\/\/api.w.org\/{rel}","templated":true}]}}