{"id":320340,"date":"2024-11-22T21:45:39","date_gmt":"2024-11-22T20:45:39","guid":{"rendered":"https:\/\/glandine.com\/product\/calvin-klein-hellblauer-baumwollrock-fuer-frauen\/"},"modified":"2024-11-30T09:56:36","modified_gmt":"2024-11-30T08:56:36","slug":"calvin-klein-hellblauer-baumwollrock-fuer-frauen","status":"publish","type":"product","link":"https:\/\/tpmadalina42.supserv.cozmoslabs.com\/fi\/tuote-2\/calvin-klein-hellblauer-baumwollrock-fuer-frauen\/","title":{"rendered":"Calvin Klein Hellblauer Baumwollrock f\u00fcr Frauen"},"content":{"rendered":"<p>Setzen Sie ein mutiges Statement mit dem kurzen Jeansrock von Calvin Klein, bei dem zeitloses Design auf modernen Charme trifft. Mit seinem gewaschenen Effekt und den kultigen Logodetails ist dieser Rock ein Grundnahrungsmittel f\u00fcr jede modebewusste Garderobe. Hochwertige 100%ige Baumwolle sorgt f\u00fcr ganzt\u00e4gigen Tragekomfort mit einem Hauch von Raffinesse. Diese hellblaue 5-Pocket-Sch\u00f6nheit ist ideal f\u00fcr alle, die sich trauen, mit m\u00fchelosem Stil aufzufallen. <\/p>\n<p>Materiaali: 100% puuvilla<br \/>\nAlkuper\u00e4maa: TR<br \/>\nV\u00e4ri: vaaleansininen<\/p>","protected":false},"excerpt":{"rendered":"<p>Setzen Sie ein mutiges Statement mit dem kurzen Jeansrock von Calvin Klein, bei dem zeitloses Design auf modernen Charme trifft. Mit seinem gewaschenen Effekt und den kultigen Logodetails ist dieser Rock ein Grundnahrungsmittel f\u00fcr jede modebewusste Garderobe. Hochwertige 100%ige Baumwolle sorgt f\u00fcr ganzt\u00e4gigen Tragekomfort mit einem Hauch von Raffinesse. Diese hellblaue 5-Pocket-Sch\u00f6nheit ist ideal f\u00fcr [&hellip;]<\/p>","protected":false},"featured_media":320338,"template":"","meta":[],"product_brand":[2188],"product_cat":[1637,1623,1699],"product_tag":[],"class_list":{"0":"post-320340","1":"product","2":"type-product","3":"status-publish","4":"has-post-thumbnail","6":"product_brand-calvin-klein","7":"product_cat-frauen-kleidung","8":"product_cat-kleidung","9":"product_cat-roecke","11":"first","12":"instock","13":"sale","14":"taxable","15":"shipping-taxable","16":"purchasable","17":"product-type-variable"},"_links":{"self":[{"href":"https:\/\/tpmadalina42.supserv.cozmoslabs.com\/fi\/wp-json\/wp\/v2\/product\/320340","targetHints":{"allow":["GET"]}}],"collection":[{"href":"https:\/\/tpmadalina42.supserv.cozmoslabs.com\/fi\/wp-json\/wp\/v2\/product"}],"about":[{"href":"https:\/\/tpmadalina42.supserv.cozmoslabs.com\/fi\/wp-json\/wp\/v2\/types\/product"}],"wp:featuredmedia":[{"embeddable":true,"href":"https:\/\/tpmadalina42.supserv.cozmoslabs.com\/fi\/wp-json\/wp\/v2\/media\/320338"}],"wp:attachment":[{"href":"https:\/\/tpmadalina42.supserv.cozmoslabs.com\/fi\/wp-json\/wp\/v2\/media?parent=320340"}],"wp:term":[{"taxonomy":"product_brand","embeddable":true,"href":"https:\/\/tpmadalina42.supserv.cozmoslabs.com\/fi\/wp-json\/wp\/v2\/product_brand?post=320340"},{"taxonomy":"product_cat","embeddable":true,"href":"https:\/\/tpmadalina42.supserv.cozmoslabs.com\/fi\/wp-json\/wp\/v2\/product_cat?post=320340"},{"taxonomy":"product_tag","embeddable":true,"href":"https:\/\/tpmadalina42.supserv.cozmoslabs.com\/fi\/wp-json\/wp\/v2\/product_tag?post=320340"}],"curies":[{"name":"wp","href":"https:\/\/api.w.org\/{rel}","templated":true}]}}