{"id":320365,"date":"2024-11-22T21:47:14","date_gmt":"2024-11-22T20:47:14","guid":{"rendered":"https:\/\/glandine.com\/product\/calvin-klein-schwarzes-leder-herren-portemonnaie-13\/"},"modified":"2024-11-30T09:56:53","modified_gmt":"2024-11-30T08:56:53","slug":"calvin-klein-schwarzes-leder-herren-portemonnaie-13","status":"publish","type":"product","link":"https:\/\/tpmadalina42.supserv.cozmoslabs.com\/fi\/tuote-2\/calvin-klein-schwarzes-leder-herren-portemonnaie-13\/","title":{"rendered":"Calvin Klein musta nahkainen miesten lompakko"},"content":{"rendered":"<p>G\u00f6nnen Sie sich den Inbegriff von Raffinesse mit der Calvin Klein RFID-Geldb\u00f6rse. Dieses elegante schwarze Accessoire wurde sorgf\u00e4ltig aus 100 % makellosem Leder gefertigt und verf\u00fcgt \u00fcber zwei organisierte F\u00e4cher und ein spezielles M\u00fcnzfach. Jede Falte bietet reichlich Platz f\u00fcr Ihre Karten, wobei ein RFID-Blocker daf\u00fcr sorgt, dass Ihre pers\u00f6nlichen Daten sicher bleiben. Mit dem kultigen Calvin Klein-Logo verziert, ist es ein Statement in Sachen luxuri\u00f6ser Funktionalit\u00e4t.<\/p>\n<p>Materiaali: 100% nahka<br \/>\nHerkunftsland: KH<br \/>\nV\u00e4ri: Musta<br \/>\nEigenschaft: RFID-Blocker<br \/>\nLogo: Calvin Klein Branding<\/p>","protected":false},"excerpt":{"rendered":"<p>G\u00f6nnen Sie sich den Inbegriff von Raffinesse mit der Calvin Klein RFID-Geldb\u00f6rse. Dieses elegante schwarze Accessoire wurde sorgf\u00e4ltig aus 100 % makellosem Leder gefertigt und verf\u00fcgt \u00fcber zwei organisierte F\u00e4cher und ein spezielles M\u00fcnzfach. Jede Falte bietet reichlich Platz f\u00fcr Ihre Karten, wobei ein RFID-Blocker daf\u00fcr sorgt, dass Ihre pers\u00f6nlichen Daten sicher bleiben. Mit dem [&hellip;]<\/p>","protected":false},"featured_media":320362,"template":"","meta":[],"product_brand":[2188],"product_cat":[1721,1629],"product_tag":[],"class_list":{"0":"post-320365","1":"product","2":"type-product","3":"status-publish","4":"has-post-thumbnail","6":"product_brand-calvin-klein","7":"product_cat-geldboersen","8":"product_cat-maenner","10":"first","11":"instock","12":"sale","13":"taxable","14":"shipping-taxable","15":"purchasable","16":"product-type-simple"},"_links":{"self":[{"href":"https:\/\/tpmadalina42.supserv.cozmoslabs.com\/fi\/wp-json\/wp\/v2\/product\/320365","targetHints":{"allow":["GET"]}}],"collection":[{"href":"https:\/\/tpmadalina42.supserv.cozmoslabs.com\/fi\/wp-json\/wp\/v2\/product"}],"about":[{"href":"https:\/\/tpmadalina42.supserv.cozmoslabs.com\/fi\/wp-json\/wp\/v2\/types\/product"}],"wp:featuredmedia":[{"embeddable":true,"href":"https:\/\/tpmadalina42.supserv.cozmoslabs.com\/fi\/wp-json\/wp\/v2\/media\/320362"}],"wp:attachment":[{"href":"https:\/\/tpmadalina42.supserv.cozmoslabs.com\/fi\/wp-json\/wp\/v2\/media?parent=320365"}],"wp:term":[{"taxonomy":"product_brand","embeddable":true,"href":"https:\/\/tpmadalina42.supserv.cozmoslabs.com\/fi\/wp-json\/wp\/v2\/product_brand?post=320365"},{"taxonomy":"product_cat","embeddable":true,"href":"https:\/\/tpmadalina42.supserv.cozmoslabs.com\/fi\/wp-json\/wp\/v2\/product_cat?post=320365"},{"taxonomy":"product_tag","embeddable":true,"href":"https:\/\/tpmadalina42.supserv.cozmoslabs.com\/fi\/wp-json\/wp\/v2\/product_tag?post=320365"}],"curies":[{"name":"wp","href":"https:\/\/api.w.org\/{rel}","templated":true}]}}