{"id":320381,"date":"2024-11-22T21:48:41","date_gmt":"2024-11-22T20:48:41","guid":{"rendered":"https:\/\/glandine.com\/product\/calvin-klein-schwarzer-wollschal-fuer-maenner\/"},"modified":"2024-12-10T20:25:23","modified_gmt":"2024-12-10T19:25:23","slug":"calvin-klein-schwarzer-wollschal-fuer-maenner","status":"publish","type":"product","link":"https:\/\/tpmadalina42.supserv.cozmoslabs.com\/fi\/tuote-2\/calvin-klein-schwarzer-wollschal-fuer-maenner\/","title":{"rendered":"Calvin Klein Schwarzer Wollschal f\u00fcr M\u00e4nner"},"content":{"rendered":"<p>Peppen Sie Ihre Wintergarderobe mit diesem eleganten Calvin Klein Schal- und M\u00fctzenset auf, das Stil und Komfort perfekt verk\u00f6rpert. Dieses Set wurde f\u00fcr modebewusste Menschen entworfen und zeichnet sich durch kontrastierende Details, subtile Applikationen und das kultige Calvin Klein-Logo aus. Ob im Gro\u00dfstadtdschungel oder bei einem abendlichen Spaziergang, dieses dynamische Duo h\u00e4lt Sie warm, ohne dass Sie auf Stil verzichten m\u00fcssen. <\/p>\n<p>Materiaali: 50% villa, 50% polyakryyli<br \/>\nAlkuper\u00e4maa: TR<br \/>\nV\u00e4ri: Musta<\/p>","protected":false},"excerpt":{"rendered":"<p>Peppen Sie Ihre Wintergarderobe mit diesem eleganten Calvin Klein Schal- und M\u00fctzenset auf, das Stil und Komfort perfekt verk\u00f6rpert. Dieses Set wurde f\u00fcr modebewusste Menschen entworfen und zeichnet sich durch kontrastierende Details, subtile Applikationen und das kultige Calvin Klein-Logo aus. Ob im Gro\u00dfstadtdschungel oder bei einem abendlichen Spaziergang, dieses dynamische Duo h\u00e4lt Sie warm, ohne [&hellip;]<\/p>","protected":false},"featured_media":320378,"template":"","meta":[],"product_brand":[2188],"product_cat":[1621,1631,1693],"product_tag":[],"class_list":{"0":"post-320381","1":"product","2":"type-product","3":"status-publish","4":"has-post-thumbnail","6":"product_brand-calvin-klein","7":"product_cat-accessoire","8":"product_cat-maenner-zubehoer","9":"product_cat-schals","11":"first","12":"instock","13":"sale","14":"taxable","15":"shipping-taxable","16":"purchasable","17":"product-type-simple"},"_links":{"self":[{"href":"https:\/\/tpmadalina42.supserv.cozmoslabs.com\/fi\/wp-json\/wp\/v2\/product\/320381","targetHints":{"allow":["GET"]}}],"collection":[{"href":"https:\/\/tpmadalina42.supserv.cozmoslabs.com\/fi\/wp-json\/wp\/v2\/product"}],"about":[{"href":"https:\/\/tpmadalina42.supserv.cozmoslabs.com\/fi\/wp-json\/wp\/v2\/types\/product"}],"wp:featuredmedia":[{"embeddable":true,"href":"https:\/\/tpmadalina42.supserv.cozmoslabs.com\/fi\/wp-json\/wp\/v2\/media\/320378"}],"wp:attachment":[{"href":"https:\/\/tpmadalina42.supserv.cozmoslabs.com\/fi\/wp-json\/wp\/v2\/media?parent=320381"}],"wp:term":[{"taxonomy":"product_brand","embeddable":true,"href":"https:\/\/tpmadalina42.supserv.cozmoslabs.com\/fi\/wp-json\/wp\/v2\/product_brand?post=320381"},{"taxonomy":"product_cat","embeddable":true,"href":"https:\/\/tpmadalina42.supserv.cozmoslabs.com\/fi\/wp-json\/wp\/v2\/product_cat?post=320381"},{"taxonomy":"product_tag","embeddable":true,"href":"https:\/\/tpmadalina42.supserv.cozmoslabs.com\/fi\/wp-json\/wp\/v2\/product_tag?post=320381"}],"curies":[{"name":"wp","href":"https:\/\/api.w.org\/{rel}","templated":true}]}}