{"id":320837,"date":"2024-11-22T22:18:58","date_gmt":"2024-11-22T21:18:58","guid":{"rendered":"https:\/\/glandine.com\/product\/marciano-by-guess-weisses-viskose-damen-kleid\/"},"modified":"2024-11-30T10:10:28","modified_gmt":"2024-11-30T09:10:28","slug":"marciano-by-guess-weisses-viskose-damen-kleid","status":"publish","type":"product","link":"https:\/\/tpmadalina42.supserv.cozmoslabs.com\/fi\/tuote-2\/marciano-by-guess-weisses-viskose-damen-kleid\/","title":{"rendered":"Marciano by Guess Wei\u00dfes Viskose-Damen-Kleid"},"content":{"rendered":"<p>Wagen Sie es, in diesem m\u00fchelos schicken &#8222;Marciano by Guess&#8220; kurzen Tank-Kleid zu gl\u00e4nzen &#8211; ein Must-have, das Raffinesse und Flair verk\u00f6rpert. Dieses figurbetonte Ensemble betont Ihre Silhouette mit einem weiten Halsausschnitt und einem auff\u00e4lligen Rei\u00dfverschluss auf der R\u00fcckseite, der durch das subtile, aber ikonische Markenlogo vervollst\u00e4ndigt wird. Gefertigt aus einer luxuri\u00f6sen Materialmischung f\u00fcr Komfort mit einem Hauch von Stretch, ist dieses Kleid der Inbegriff von Eleganz und Stil.<\/p>\n<p>Material: 1% Elastan, 83% Viskose, 16% Polyamid<br \/>\nAlkuper\u00e4maa: CN<br \/>\nV\u00e4ri: Valkoinen<\/p>","protected":false},"excerpt":{"rendered":"<p>Wagen Sie es, in diesem m\u00fchelos schicken &#8222;Marciano by Guess&#8220; kurzen Tank-Kleid zu gl\u00e4nzen &#8211; ein Must-have, das Raffinesse und Flair verk\u00f6rpert. Dieses figurbetonte Ensemble betont Ihre Silhouette mit einem weiten Halsausschnitt und einem auff\u00e4lligen Rei\u00dfverschluss auf der R\u00fcckseite, der durch das subtile, aber ikonische Markenlogo vervollst\u00e4ndigt wird. Gefertigt aus einer luxuri\u00f6sen Materialmischung f\u00fcr Komfort [&hellip;]<\/p>","protected":false},"featured_media":320835,"template":"","meta":[],"product_brand":[2075],"product_cat":[1637,1659,1623],"product_tag":[],"class_list":{"0":"post-320837","1":"product","2":"type-product","3":"status-publish","4":"has-post-thumbnail","6":"product_brand-marciano-by-guess","7":"product_cat-frauen-kleidung","8":"product_cat-kleider","9":"product_cat-kleidung","11":"first","12":"instock","13":"sale","14":"taxable","15":"shipping-taxable","16":"purchasable","17":"product-type-variable"},"_links":{"self":[{"href":"https:\/\/tpmadalina42.supserv.cozmoslabs.com\/fi\/wp-json\/wp\/v2\/product\/320837","targetHints":{"allow":["GET"]}}],"collection":[{"href":"https:\/\/tpmadalina42.supserv.cozmoslabs.com\/fi\/wp-json\/wp\/v2\/product"}],"about":[{"href":"https:\/\/tpmadalina42.supserv.cozmoslabs.com\/fi\/wp-json\/wp\/v2\/types\/product"}],"wp:featuredmedia":[{"embeddable":true,"href":"https:\/\/tpmadalina42.supserv.cozmoslabs.com\/fi\/wp-json\/wp\/v2\/media\/320835"}],"wp:attachment":[{"href":"https:\/\/tpmadalina42.supserv.cozmoslabs.com\/fi\/wp-json\/wp\/v2\/media?parent=320837"}],"wp:term":[{"taxonomy":"product_brand","embeddable":true,"href":"https:\/\/tpmadalina42.supserv.cozmoslabs.com\/fi\/wp-json\/wp\/v2\/product_brand?post=320837"},{"taxonomy":"product_cat","embeddable":true,"href":"https:\/\/tpmadalina42.supserv.cozmoslabs.com\/fi\/wp-json\/wp\/v2\/product_cat?post=320837"},{"taxonomy":"product_tag","embeddable":true,"href":"https:\/\/tpmadalina42.supserv.cozmoslabs.com\/fi\/wp-json\/wp\/v2\/product_tag?post=320837"}],"curies":[{"name":"wp","href":"https:\/\/api.w.org\/{rel}","templated":true}]}}