{"id":320860,"date":"2024-11-22T22:20:22","date_gmt":"2024-11-22T21:20:22","guid":{"rendered":"https:\/\/glandine.com\/product\/harmont-blaine-blauer-pullover-aus-wolle-fuer-maenner-8\/"},"modified":"2024-12-10T17:26:06","modified_gmt":"2024-12-10T16:26:06","slug":"harmont-blaine-blauer-pullover-aus-wolle-fuer-maenner-8","status":"publish","type":"product","link":"https:\/\/tpmadalina42.supserv.cozmoslabs.com\/fi\/tuote-2\/harmont-blaine-blauer-pullover-aus-wolle-fuer-maenner-8\/","title":{"rendered":"Harmont &amp; Blaine Blauer villapaita miehille"},"content":{"rendered":"<p>Erh\u00f6hen Sie Ihren Stil mit dem unverwechselbaren Charme von Harmont &amp; Blaine. Dieser lang\u00e4rmelige Pullover ist ein Beweis f\u00fcr zeitlose Eleganz. Er hat einen klassischen Rundhalsausschnitt, der durch auff\u00e4llige Kontrastdetails betont wird. Die luxuri\u00f6se Mischung aus Wolle, Kaschmir und Viskose verspricht W\u00e4rme und Weichheit, w\u00e4hrend Polyamid f\u00fcr Langlebigkeit sorgt. Das in Italien gefertigte blaue Kleidungsst\u00fcck ist mit dem charakteristischen Harmont &amp; Blaine-Logo verziert, das es zu einem Symbol f\u00fcr modische Raffinesse macht.<\/p>\n<p>&#8211; Material: 40% Wolle, 10% Kaschmir, 30% Viskose, 20% Polyamid<br \/>\n&#8211; Herkunftsland: IT<br \/>\n- V\u00e4ri: sininen<\/p>","protected":false},"excerpt":{"rendered":"<p>Erh\u00f6hen Sie Ihren Stil mit dem unverwechselbaren Charme von Harmont &amp; Blaine. Dieser lang\u00e4rmelige Pullover ist ein Beweis f\u00fcr zeitlose Eleganz. Er hat einen klassischen Rundhalsausschnitt, der durch auff\u00e4llige Kontrastdetails betont wird. Die luxuri\u00f6se Mischung aus Wolle, Kaschmir und Viskose verspricht W\u00e4rme und Weichheit, w\u00e4hrend Polyamid f\u00fcr Langlebigkeit sorgt. Das in Italien gefertigte blaue Kleidungsst\u00fcck [&hellip;]<\/p>","protected":false},"featured_media":320858,"template":"","meta":[],"product_brand":[2349],"product_cat":[1633,1623],"product_tag":[],"class_list":{"0":"post-320860","1":"product","2":"type-product","3":"status-publish","4":"has-post-thumbnail","6":"product_brand-harmont-blaine","7":"product_cat-maenner-kleidung","8":"product_cat-kleidung","10":"first","11":"instock","12":"sale","13":"taxable","14":"shipping-taxable","15":"purchasable","16":"product-type-variable"},"_links":{"self":[{"href":"https:\/\/tpmadalina42.supserv.cozmoslabs.com\/fi\/wp-json\/wp\/v2\/product\/320860","targetHints":{"allow":["GET"]}}],"collection":[{"href":"https:\/\/tpmadalina42.supserv.cozmoslabs.com\/fi\/wp-json\/wp\/v2\/product"}],"about":[{"href":"https:\/\/tpmadalina42.supserv.cozmoslabs.com\/fi\/wp-json\/wp\/v2\/types\/product"}],"wp:featuredmedia":[{"embeddable":true,"href":"https:\/\/tpmadalina42.supserv.cozmoslabs.com\/fi\/wp-json\/wp\/v2\/media\/320858"}],"wp:attachment":[{"href":"https:\/\/tpmadalina42.supserv.cozmoslabs.com\/fi\/wp-json\/wp\/v2\/media?parent=320860"}],"wp:term":[{"taxonomy":"product_brand","embeddable":true,"href":"https:\/\/tpmadalina42.supserv.cozmoslabs.com\/fi\/wp-json\/wp\/v2\/product_brand?post=320860"},{"taxonomy":"product_cat","embeddable":true,"href":"https:\/\/tpmadalina42.supserv.cozmoslabs.com\/fi\/wp-json\/wp\/v2\/product_cat?post=320860"},{"taxonomy":"product_tag","embeddable":true,"href":"https:\/\/tpmadalina42.supserv.cozmoslabs.com\/fi\/wp-json\/wp\/v2\/product_tag?post=320860"}],"curies":[{"name":"wp","href":"https:\/\/api.w.org\/{rel}","templated":true}]}}