{"id":321022,"date":"2024-11-22T22:31:41","date_gmt":"2024-11-22T21:31:41","guid":{"rendered":"https:\/\/glandine.com\/product\/gant-graues-baumwollhemd-fuer-maenner-2\/"},"modified":"2024-12-09T04:55:47","modified_gmt":"2024-12-09T03:55:47","slug":"gant-graues-baumwollhemd-fuer-maenner-2","status":"publish","type":"product","link":"https:\/\/tpmadalina42.supserv.cozmoslabs.com\/fi\/tuote-2\/gant-graues-baumwollhemd-fuer-maenner-2\/","title":{"rendered":"Gant Graues Baumwollhemd f\u00fcr M\u00e4nner"},"content":{"rendered":"<p>Peppen Sie Ihre Garderobe mit der zeitlosen Raffinesse eines Gant-Klassikers auf. Dieses regul\u00e4re, lang\u00e4rmelige Hemd verf\u00fcgt \u00fcber einen italienischen Kragen und einen subtilen, gepolsterten Touch f\u00fcr das gewisse Extra an Raffinesse. Es ist perfekt f\u00fcr den modernen Mann und verf\u00fcgt \u00fcber zwei essentielle Taschen, elegante 1-Knopf-Manschetten und ein charakteristisches Gant-Logo, das Ihren Geschmack f\u00fcr die feinen Details unterstreicht. Der vielseitige Grauton aus 100 % Baumwolle sorgt f\u00fcr unvergleichlichen Komfort und l\u00e4sst sich problemlos mit Ihren Lieblingsst\u00fccken kombinieren. Setzen Sie mit diesem trendigen Kleidungsst\u00fcck sowohl in der Freizeit als auch bei formellen Anl\u00e4ssen ein klares Statement.<\/p>\n<p>Materiaali: 100% puuvilla<br \/>\nAlkuper\u00e4maa: IN<br \/>\nV\u00e4ri: Harmaa<\/p>","protected":false},"excerpt":{"rendered":"<p>Peppen Sie Ihre Garderobe mit der zeitlosen Raffinesse eines Gant-Klassikers auf. Dieses regul\u00e4re, lang\u00e4rmelige Hemd verf\u00fcgt \u00fcber einen italienischen Kragen und einen subtilen, gepolsterten Touch f\u00fcr das gewisse Extra an Raffinesse. Es ist perfekt f\u00fcr den modernen Mann und verf\u00fcgt \u00fcber zwei essentielle Taschen, elegante 1-Knopf-Manschetten und ein charakteristisches Gant-Logo, das Ihren Geschmack f\u00fcr die [&hellip;]<\/p>","protected":false},"featured_media":321020,"template":"","meta":[],"product_brand":[2273],"product_cat":[1695,1633,1623],"product_tag":[],"class_list":{"0":"post-321022","1":"product","2":"type-product","3":"status-publish","4":"has-post-thumbnail","6":"product_brand-gant","7":"product_cat-hemden","8":"product_cat-maenner-kleidung","9":"product_cat-kleidung","11":"first","12":"instock","13":"sale","14":"taxable","15":"shipping-taxable","16":"purchasable","17":"product-type-variable"},"_links":{"self":[{"href":"https:\/\/tpmadalina42.supserv.cozmoslabs.com\/fi\/wp-json\/wp\/v2\/product\/321022","targetHints":{"allow":["GET"]}}],"collection":[{"href":"https:\/\/tpmadalina42.supserv.cozmoslabs.com\/fi\/wp-json\/wp\/v2\/product"}],"about":[{"href":"https:\/\/tpmadalina42.supserv.cozmoslabs.com\/fi\/wp-json\/wp\/v2\/types\/product"}],"wp:featuredmedia":[{"embeddable":true,"href":"https:\/\/tpmadalina42.supserv.cozmoslabs.com\/fi\/wp-json\/wp\/v2\/media\/321020"}],"wp:attachment":[{"href":"https:\/\/tpmadalina42.supserv.cozmoslabs.com\/fi\/wp-json\/wp\/v2\/media?parent=321022"}],"wp:term":[{"taxonomy":"product_brand","embeddable":true,"href":"https:\/\/tpmadalina42.supserv.cozmoslabs.com\/fi\/wp-json\/wp\/v2\/product_brand?post=321022"},{"taxonomy":"product_cat","embeddable":true,"href":"https:\/\/tpmadalina42.supserv.cozmoslabs.com\/fi\/wp-json\/wp\/v2\/product_cat?post=321022"},{"taxonomy":"product_tag","embeddable":true,"href":"https:\/\/tpmadalina42.supserv.cozmoslabs.com\/fi\/wp-json\/wp\/v2\/product_tag?post=321022"}],"curies":[{"name":"wp","href":"https:\/\/api.w.org\/{rel}","templated":true}]}}