{"id":321095,"date":"2024-11-22T22:37:06","date_gmt":"2024-11-22T21:37:06","guid":{"rendered":"https:\/\/glandine.com\/product\/diadora-blaue-leder-damen-sneaker-4\/"},"modified":"2024-11-30T10:18:47","modified_gmt":"2024-11-30T09:18:47","slug":"diadora-blaue-leder-damen-sneaker-4","status":"publish","type":"product","link":"https:\/\/tpmadalina42.supserv.cozmoslabs.com\/fi\/tuote-2\/diadora-blaue-leder-damen-sneaker-4\/","title":{"rendered":"Diadora Blaue Leder Damen Sneaker"},"content":{"rendered":"<p>Entfesseln Sie die Verschmelzung von Leistung und Stil mit dem neuesten Angebot von Diadora. Eine mutige Allianz aus Handwerkskunst und Komfort, diese Turnschuhe r\u00fchmen lebendige Blaut\u00f6ne mit markanten Kontrastdetails akzentuiert. Das Paar ist f\u00fcr den modernen Trendsetter gemacht und wird mit einem zus\u00e4tzlichen Satz Schn\u00fcrsenkel geliefert, um deinen Look aufzupeppen. Der Mix aus Stoff, Leder und Baumwolle sorgt f\u00fcr Haltbarkeit und Atmungsaktivit\u00e4t. Ziehen Sie diese Diadora-Schuhe an und schreiten Sie selbstbewusst in Ihr n\u00e4chstes Abenteuer oder Ihre n\u00e4chste urbane Eskapade.<\/p>\n<p>&#8211; Material: 40% Stoff, 40% Leder, 20% Baumwolle<br \/>\n&#8211; Herkunftsland: BD<br \/>\n- V\u00e4ri: sininen<\/p>","protected":false},"excerpt":{"rendered":"<p>Entfesseln Sie die Verschmelzung von Leistung und Stil mit dem neuesten Angebot von Diadora. Eine mutige Allianz aus Handwerkskunst und Komfort, diese Turnschuhe r\u00fchmen lebendige Blaut\u00f6ne mit markanten Kontrastdetails akzentuiert. Das Paar ist f\u00fcr den modernen Trendsetter gemacht und wird mit einem zus\u00e4tzlichen Satz Schn\u00fcrsenkel geliefert, um deinen Look aufzupeppen. Der Mix aus Stoff, Leder [&hellip;]<\/p>","protected":false},"featured_media":321092,"template":"","meta":[],"product_brand":[2321],"product_cat":[1635,1624,1703],"product_tag":[],"class_list":{"0":"post-321095","1":"product","2":"type-product","3":"status-publish","4":"has-post-thumbnail","6":"product_brand-diadora","7":"product_cat-frauen-schuhe","8":"product_cat-schuhe","9":"product_cat-turnschuhe-frauen-schuhe","11":"first","12":"instock","13":"sale","14":"taxable","15":"shipping-taxable","16":"purchasable","17":"product-type-variable"},"_links":{"self":[{"href":"https:\/\/tpmadalina42.supserv.cozmoslabs.com\/fi\/wp-json\/wp\/v2\/product\/321095","targetHints":{"allow":["GET"]}}],"collection":[{"href":"https:\/\/tpmadalina42.supserv.cozmoslabs.com\/fi\/wp-json\/wp\/v2\/product"}],"about":[{"href":"https:\/\/tpmadalina42.supserv.cozmoslabs.com\/fi\/wp-json\/wp\/v2\/types\/product"}],"wp:featuredmedia":[{"embeddable":true,"href":"https:\/\/tpmadalina42.supserv.cozmoslabs.com\/fi\/wp-json\/wp\/v2\/media\/321092"}],"wp:attachment":[{"href":"https:\/\/tpmadalina42.supserv.cozmoslabs.com\/fi\/wp-json\/wp\/v2\/media?parent=321095"}],"wp:term":[{"taxonomy":"product_brand","embeddable":true,"href":"https:\/\/tpmadalina42.supserv.cozmoslabs.com\/fi\/wp-json\/wp\/v2\/product_brand?post=321095"},{"taxonomy":"product_cat","embeddable":true,"href":"https:\/\/tpmadalina42.supserv.cozmoslabs.com\/fi\/wp-json\/wp\/v2\/product_cat?post=321095"},{"taxonomy":"product_tag","embeddable":true,"href":"https:\/\/tpmadalina42.supserv.cozmoslabs.com\/fi\/wp-json\/wp\/v2\/product_tag?post=321095"}],"curies":[{"name":"wp","href":"https:\/\/api.w.org\/{rel}","templated":true}]}}