{"id":321477,"date":"2024-11-22T23:00:36","date_gmt":"2024-11-22T22:00:36","guid":{"rendered":"https:\/\/glandine.com\/product\/napapijri-grauer-baumwollpullover-fuer-maenner-9\/"},"modified":"2024-12-13T02:42:12","modified_gmt":"2024-12-13T01:42:12","slug":"napapijri-grauer-baumwollpullover-fuer-maenner-9","status":"publish","type":"product","link":"https:\/\/tpmadalina42.supserv.cozmoslabs.com\/fi\/tuote-2\/napapijri-grauer-baumwollpullover-fuer-maenner-9\/","title":{"rendered":"Napapijri Grauer Baumwollpullover f\u00fcr M\u00e4nner"},"content":{"rendered":"<p>Entdecken Sie den Inbegriff von l\u00e4ssigem Luxus mit dem lang\u00e4rmeligen Sweatshirt von Napapijri. Mit dem abenteuerlichen Geist der Marke ist dieses St\u00fcck ein modernes urbanes Essential, das sowohl Komfort als auch Stil bietet. Der graue Fleece-Rundhalsausschnitt wird durch auff\u00e4llige Stickereien und das ikonische Logo akzentuiert und unterstreicht Ihren trendigen Geschmack bei jedem Tragen. Das hochwertige Baumwoll-Polyester-Gemisch sorgt daf\u00fcr, dass Sie nie auf Gem\u00fctlichkeit verzichten m\u00fcssen, wenn es um Mode geht.<\/p>\n<p>Materiaali: 80% puuvilla, 20% polyesteri<br \/>\nAlkuper\u00e4maa: TR<br \/>\nV\u00e4ri: Harmaa<\/p>","protected":false},"excerpt":{"rendered":"<p>Entdecken Sie den Inbegriff von l\u00e4ssigem Luxus mit dem lang\u00e4rmeligen Sweatshirt von Napapijri. Mit dem abenteuerlichen Geist der Marke ist dieses St\u00fcck ein modernes urbanes Essential, das sowohl Komfort als auch Stil bietet. Der graue Fleece-Rundhalsausschnitt wird durch auff\u00e4llige Stickereien und das ikonische Logo akzentuiert und unterstreicht Ihren trendigen Geschmack bei jedem Tragen. Das hochwertige [&hellip;]<\/p>","protected":false},"featured_media":321475,"template":"","meta":[],"product_brand":[2312],"product_cat":[1633,1623],"product_tag":[],"class_list":{"0":"post-321477","1":"product","2":"type-product","3":"status-publish","4":"has-post-thumbnail","6":"product_brand-napapijri","7":"product_cat-maenner-kleidung","8":"product_cat-kleidung","10":"first","11":"instock","12":"sale","13":"taxable","14":"shipping-taxable","15":"purchasable","16":"product-type-variable"},"_links":{"self":[{"href":"https:\/\/tpmadalina42.supserv.cozmoslabs.com\/fi\/wp-json\/wp\/v2\/product\/321477","targetHints":{"allow":["GET"]}}],"collection":[{"href":"https:\/\/tpmadalina42.supserv.cozmoslabs.com\/fi\/wp-json\/wp\/v2\/product"}],"about":[{"href":"https:\/\/tpmadalina42.supserv.cozmoslabs.com\/fi\/wp-json\/wp\/v2\/types\/product"}],"wp:featuredmedia":[{"embeddable":true,"href":"https:\/\/tpmadalina42.supserv.cozmoslabs.com\/fi\/wp-json\/wp\/v2\/media\/321475"}],"wp:attachment":[{"href":"https:\/\/tpmadalina42.supserv.cozmoslabs.com\/fi\/wp-json\/wp\/v2\/media?parent=321477"}],"wp:term":[{"taxonomy":"product_brand","embeddable":true,"href":"https:\/\/tpmadalina42.supserv.cozmoslabs.com\/fi\/wp-json\/wp\/v2\/product_brand?post=321477"},{"taxonomy":"product_cat","embeddable":true,"href":"https:\/\/tpmadalina42.supserv.cozmoslabs.com\/fi\/wp-json\/wp\/v2\/product_cat?post=321477"},{"taxonomy":"product_tag","embeddable":true,"href":"https:\/\/tpmadalina42.supserv.cozmoslabs.com\/fi\/wp-json\/wp\/v2\/product_tag?post=321477"}],"curies":[{"name":"wp","href":"https:\/\/api.w.org\/{rel}","templated":true}]}}