{"id":321498,"date":"2024-11-22T23:01:57","date_gmt":"2024-11-22T22:01:57","guid":{"rendered":"https:\/\/glandine.com\/product\/napapijri-lila-pullover-aus-wolle-fuer-maenner\/"},"modified":"2024-12-02T21:49:11","modified_gmt":"2024-12-02T20:49:11","slug":"napapijri-lila-pullover-aus-wolle-fuer-maenner","status":"publish","type":"product","link":"https:\/\/tpmadalina42.supserv.cozmoslabs.com\/fi\/tuote-2\/napapijri-lila-pullover-aus-wolle-fuer-maenner\/","title":{"rendered":"Napapijri Lila Pullover aus Wolle f\u00fcr M\u00e4nner"},"content":{"rendered":"<p>G\u00f6nnen Sie sich mit dem exquisiten Langarmpullover von Napapijri den Inbegriff von Luxus f\u00fcr k\u00fchles Wetter. Dieser Rundhalsausschnitt mit raffinierten Stickereien und dem kultigen Napapijri-Logo ist eine perfekte Kombination aus Stil und Komfort und damit ein definitives Grundnahrungsmittel f\u00fcr den stilbewussten Gentleman. Gefertigt aus 100% kostbarer Wolle, verspricht es W\u00e4rme und ein weiches Gef\u00fchl auf der Haut. Der verf\u00fchrerische violette Farbton ist ein echter Farbakzent, der auff\u00e4llt. Werten Sie Ihre Garderobe mit diesem geschmackvollen Symbol f\u00fcr modische Finesse auf.<\/p>\n<p>Materiaali: 100% villa<br \/>\nHerkunftsland: KH<br \/>\nV\u00e4ri: violetti<\/p>","protected":false},"excerpt":{"rendered":"<p>G\u00f6nnen Sie sich mit dem exquisiten Langarmpullover von Napapijri den Inbegriff von Luxus f\u00fcr k\u00fchles Wetter. Dieser Rundhalsausschnitt mit raffinierten Stickereien und dem kultigen Napapijri-Logo ist eine perfekte Kombination aus Stil und Komfort und damit ein definitives Grundnahrungsmittel f\u00fcr den stilbewussten Gentleman. Gefertigt aus 100% kostbarer Wolle, verspricht es W\u00e4rme und ein weiches Gef\u00fchl auf [&hellip;]<\/p>","protected":false},"featured_media":321496,"template":"","meta":[],"product_brand":[2312],"product_cat":[1633,1623],"product_tag":[],"class_list":{"0":"post-321498","1":"product","2":"type-product","3":"status-publish","4":"has-post-thumbnail","6":"product_brand-napapijri","7":"product_cat-maenner-kleidung","8":"product_cat-kleidung","10":"first","11":"instock","12":"sale","13":"taxable","14":"shipping-taxable","15":"purchasable","16":"product-type-variable"},"_links":{"self":[{"href":"https:\/\/tpmadalina42.supserv.cozmoslabs.com\/fi\/wp-json\/wp\/v2\/product\/321498","targetHints":{"allow":["GET"]}}],"collection":[{"href":"https:\/\/tpmadalina42.supserv.cozmoslabs.com\/fi\/wp-json\/wp\/v2\/product"}],"about":[{"href":"https:\/\/tpmadalina42.supserv.cozmoslabs.com\/fi\/wp-json\/wp\/v2\/types\/product"}],"wp:featuredmedia":[{"embeddable":true,"href":"https:\/\/tpmadalina42.supserv.cozmoslabs.com\/fi\/wp-json\/wp\/v2\/media\/321496"}],"wp:attachment":[{"href":"https:\/\/tpmadalina42.supserv.cozmoslabs.com\/fi\/wp-json\/wp\/v2\/media?parent=321498"}],"wp:term":[{"taxonomy":"product_brand","embeddable":true,"href":"https:\/\/tpmadalina42.supserv.cozmoslabs.com\/fi\/wp-json\/wp\/v2\/product_brand?post=321498"},{"taxonomy":"product_cat","embeddable":true,"href":"https:\/\/tpmadalina42.supserv.cozmoslabs.com\/fi\/wp-json\/wp\/v2\/product_cat?post=321498"},{"taxonomy":"product_tag","embeddable":true,"href":"https:\/\/tpmadalina42.supserv.cozmoslabs.com\/fi\/wp-json\/wp\/v2\/product_tag?post=321498"}],"curies":[{"name":"wp","href":"https:\/\/api.w.org\/{rel}","templated":true}]}}