{"id":321563,"date":"2024-11-22T23:07:28","date_gmt":"2024-11-22T22:07:28","guid":{"rendered":"https:\/\/glandine.com\/product\/tommy-hilfiger-braunes-leder-portemonnaie-fuer-maenner-3\/"},"modified":"2024-11-30T10:35:18","modified_gmt":"2024-11-30T09:35:18","slug":"tommy-hilfiger-braunes-leder-portemonnaie-fuer-maenner-3","status":"publish","type":"product","link":"https:\/\/tpmadalina42.supserv.cozmoslabs.com\/fi\/tuote-2\/tommy-hilfiger-braunes-leder-portemonnaie-fuer-maenner-3\/","title":{"rendered":"Tommy Hilfiger ruskea nahkalompakko miehille"},"content":{"rendered":"<p>Betreten Sie das Reich der zeitlosen Raffinesse mit dem Tommy Hilfiger Leather Card Holder. Dieses elegante Accessoire f\u00fcr den modernen Mann ist in einem satten Braunton gehalten, der durch die typischen Tommy Hilfiger-Akzente erg\u00e4nzt wird. Das kompakte Design verf\u00fcgt \u00fcber ein zentrales Fach, in dem Ihre Karten bequem aufbewahrt werden k\u00f6nnen, w\u00e4hrend das schlanke Profil f\u00fcr nahtlose Eleganz sorgt.<\/p>\n<p>Materiaali: 100% nahka<br \/>\nAlkuper\u00e4maa: CN<br \/>\nV\u00e4ri: Ruskea<\/p>","protected":false},"excerpt":{"rendered":"<p>Betreten Sie das Reich der zeitlosen Raffinesse mit dem Tommy Hilfiger Leather Card Holder. Dieses elegante Accessoire f\u00fcr den modernen Mann ist in einem satten Braunton gehalten, der durch die typischen Tommy Hilfiger-Akzente erg\u00e4nzt wird. Das kompakte Design verf\u00fcgt \u00fcber ein zentrales Fach, in dem Ihre Karten bequem aufbewahrt werden k\u00f6nnen, w\u00e4hrend das schlanke Profil [&hellip;]<\/p>","protected":false},"featured_media":321560,"template":"","meta":[],"product_brand":[2177],"product_cat":[1721,1629],"product_tag":[],"class_list":{"0":"post-321563","1":"product","2":"type-product","3":"status-publish","4":"has-post-thumbnail","6":"product_brand-tommy-hilfiger","7":"product_cat-geldboersen","8":"product_cat-maenner","10":"first","11":"instock","12":"sale","13":"taxable","14":"shipping-taxable","15":"purchasable","16":"product-type-simple"},"_links":{"self":[{"href":"https:\/\/tpmadalina42.supserv.cozmoslabs.com\/fi\/wp-json\/wp\/v2\/product\/321563","targetHints":{"allow":["GET"]}}],"collection":[{"href":"https:\/\/tpmadalina42.supserv.cozmoslabs.com\/fi\/wp-json\/wp\/v2\/product"}],"about":[{"href":"https:\/\/tpmadalina42.supserv.cozmoslabs.com\/fi\/wp-json\/wp\/v2\/types\/product"}],"wp:featuredmedia":[{"embeddable":true,"href":"https:\/\/tpmadalina42.supserv.cozmoslabs.com\/fi\/wp-json\/wp\/v2\/media\/321560"}],"wp:attachment":[{"href":"https:\/\/tpmadalina42.supserv.cozmoslabs.com\/fi\/wp-json\/wp\/v2\/media?parent=321563"}],"wp:term":[{"taxonomy":"product_brand","embeddable":true,"href":"https:\/\/tpmadalina42.supserv.cozmoslabs.com\/fi\/wp-json\/wp\/v2\/product_brand?post=321563"},{"taxonomy":"product_cat","embeddable":true,"href":"https:\/\/tpmadalina42.supserv.cozmoslabs.com\/fi\/wp-json\/wp\/v2\/product_cat?post=321563"},{"taxonomy":"product_tag","embeddable":true,"href":"https:\/\/tpmadalina42.supserv.cozmoslabs.com\/fi\/wp-json\/wp\/v2\/product_tag?post=321563"}],"curies":[{"name":"wp","href":"https:\/\/api.w.org\/{rel}","templated":true}]}}